{"id":1350,"date":"2020-10-25T18:50:47","date_gmt":"2020-10-25T17:50:47","guid":{"rendered":"https:\/\/www.fisiobalance.cat\/?page_id=1350"},"modified":"2025-11-04T15:27:13","modified_gmt":"2025-11-04T14:27:13","slug":"politica-de-privacitat","status":"publish","type":"page","link":"https:\/\/www.fisiobalance.cat\/ca\/politica-de-privacitat\/","title":{"rendered":"Pol\u00edtica de privacitat"},"content":{"rendered":"<div class=\"wpb-content-wrapper\"><p>[vc_row css_animation=&#8221;&#8221; row_type=&#8221;row&#8221; use_row_as_full_screen_section=&#8221;no&#8221; type=&#8221;grid&#8221; angled_section=&#8221;no&#8221; text_align=&#8221;left&#8221; background_image_as_pattern=&#8221;without_pattern&#8221; padding_top=&#8221;60&#8243; padding_bottom=&#8221;60&#8243; z_index=&#8221;&#8221;][vc_column][vc_column_text]<\/p>\n<div class=\"wpb_text_column wpb_content_element \"><strong>Informaci\u00f3 b\u00e0sica sobre Protecci\u00f3 de Dades<\/strong><\/div>\n<div><\/div>\n<div><strong>Responsable:<\/strong><\/div>\n<div>\n<p>Fisiobalance Health SL<br \/>\nNIF B56221906<br \/>\ninfo@fisiobalance.cat<br \/>\n659 884 200 &#8211; 93 280 85 71<br \/>\nAv. Constituci\u00f3, num. 152, 08860, Castelldefels<br \/>\nDades de la DPD del centre: <a href=\"mailto:jeniferrg@yahoo.es\" target=\"_blank\" rel=\"noopener noreferrer\">jeniferrg@yahoo.es<\/a><\/p>\n<p><strong>Finalitat:<\/strong><\/p>\n<p>1) Gestionar les consultes rebudes per correu electr\u00f2nic per contactar amb l\u2019usuari.<br \/>\n2) Gestionar les consultes rebudes per formulari de contacte per contactar amb l\u2019usuari.<br \/>\n3) Gestionar les cites rebudes per formulari.<br \/>\n4) Gestionar regals (sessions i\/o tractaments).<\/p>\n<p><strong>Legitimaci\u00f3:<\/strong><\/p>\n<p>1) L\u2019usuari que faciliti les seves dades personals a trav\u00e9s del correu electr\u00f2nic de \u201cFisio Balance\u201d, estar\u00e0 proporcionant volunt\u00e0riament dades de car\u00e0cter personal.<br \/>\n2) Formularis de la p\u00e0gina web: consentiment expl\u00edcit de l\u2019interessat.<br \/>\n3) Formularis de sol\u00b7licitud de cites: consentiment expl\u00edcit de l\u2019interessat.<br \/>\n4) Formularis de gesti\u00f3 de regals: consentiment expl\u00edcit de l\u2019interessat.<\/p>\n<p><strong>Conservaci\u00f3:<\/strong><\/p>\n<p>Consultes: Durant el per\u00edode d\u2019un any a partir de l\u2019\u00faltima consulta.<br \/>\nPer a la gesti\u00f3 fiscal y comptable, les dades de car\u00e0cter personal es conservaran en compliment dels terminis legals de prescripci\u00f3 que resultin d\u2019aplicaci\u00f3.<\/p>\n<p><strong>Proced\u00e8ncia:<\/strong><\/p>\n<p>1) Dades introdu\u00efdes als correus electr\u00f2nics pel propi interessat o el seu representant legal.<br \/>\n2) Contactes formulari p\u00e0gina web: el propi interessat o el seu representant legal.<br \/>\n3) Contactes formulari de sol\u00b7licitud de cites: el propi interessat o el seu representant legal.<br \/>\n4) Formulari de gesti\u00f3 de regals: el propi interessat o el seu representant legal.<\/p>\n<p><strong>Destinataris:<\/strong><\/p>\n<p>No cedim dades a tercers<\/p>\n<p><strong>Transfer\u00e8ncies internacionals:<\/strong><\/p>\n<p>No realitzem transfer\u00e8ncies internacionals amb les seves dades.<\/p>\n<p><strong>Drets:<\/strong><\/p>\n<p>Acc\u00e9s, rectificaci\u00f3, oposici\u00f3, supressi\u00f3, limitaci\u00f3 de tractament i portabilitat de les dades personals, com s\u2019explica al corresponent apartat.<\/p>\n<p><strong>Informaci\u00f3 addicional:<\/strong><\/p>\n<p>Pot consultar la informaci\u00f3 addicional i detallada sobre Protecci\u00f3 de Dades al desglossament d\u2019apartats que li presentem a continuaci\u00f3 (segona capa informativa.).<\/p>\n<\/div>\n<p>&#8212;&#8212;&#8212;&#8212;&#8212;&#8212;&#8212;&#8212;&#8212;&#8212;&#8212;&#8212;&#8212;&#8212;&#8212;&#8212;&#8212;&#8212;&#8212;&#8212;&#8212;&#8212;&#8212;&#8212;&#8212;&#8212;&#8212;&#8212;&#8212;&#8212;&#8212;&#8212;&#8212;&#8212;&#8212;&#8212;&#8212;&#8212;&#8212;&#8212;&#8212;&#8212;&#8212;&#8212;&#8212;&#8211;<\/p>\n<p>&nbsp;<\/p>\n<p><strong>Informaci\u00f3 general<br \/>\n<\/strong>La present Pol\u00edtica de Privacitat t\u00e9 com a finalitat donar a con\u00e8ixer les condicions que regulen la recollida i tractament de les seves dades personals per part de la nostra entitat per vetllar pels drets fonamentals, el seu honor i llibertats, tot aix\u00f2 en compliment de les normatives vigents que regulen la Protecci\u00f3 de Dades personals.<\/p>\n<p>De conformitat amb aquestes normatives, necessitem disposar de la seva autoritzaci\u00f3 i consentiment per a la recollida i el tractament de les seves dades personals, de manera que a continuaci\u00f3, us expliquem tots els detalls del seu inter\u00e8s respecte a com es realitzen aquests processos, amb quines finalitats, quines altres entitats podrien tenir acc\u00e9s a les seves dades i quins s\u00f3n els seus drets.<\/p>\n<p>&nbsp;<\/p>\n<p><strong>Responsable. Qui \u00e9s el Responsable del tractament de dades?<br \/>\n<\/strong>Li informem que Fisiobalance Health SL\u00a0 (en endavant \u201cFisio Balance\u201d) \u00e9s el titular de la web fisiobalance.cat, amb NIF B56221906 i domicili a Av. Constituci\u00f3, num. 152, 08860, Castelldefels. Pot contactar per correu electr\u00f2nic a info@fisiobalance.cat.<\/p>\n<p>&nbsp;<\/p>\n<p><strong>Finalitat. Amb quina finalitat tractarem les seves dades personal?<br \/>\n<\/strong>A \u201cFisio Balance\u201d tractem la informaci\u00f3 que ens facilita per a gestionar les consultes rebudes aix\u00ed com per a gestionar cites i regals. La informaci\u00f3 personal que ens faciliti a trav\u00e9s dels correus electr\u00f2nics o via formularis de la p\u00e0gina web es mantindr\u00e0 confidencial i protegida. En cap cas es destinar\u00e0 o utilitzar\u00e0 per a altres fins, no s\u2019entregar\u00e0 a terceres persones sense el seu consentiment, d\u2019acord amb el que estableix el RGPD 679\/2016 i la L.O. 3\/2018. Per a complir amb les diferents disposicions legals, hem establert diferents nivells de seguretat per a protegir les dades personals que ens faciliti, havent adoptat totes les mesures t\u00e8cniques al nostre abast per evitar la p\u00e8rdua, mal \u00fas, alteraci\u00f3, acc\u00e9s no autoritzat i manipulaci\u00f3 d\u2019aquestes dades personals.<\/p>\n<p>&nbsp;<\/p>\n<p><strong>Legitimaci\u00f3. Quina \u00e9s la legitimaci\u00f3 per al tractament de les seves dades?<br \/>\n<\/strong>L&#8217;usuari \u00e9s informat que l&#8217;enviament d&#8217;un correu electr\u00f2nic en qu\u00e8 s&#8217;incloguin dades personals implica que la informaci\u00f3 reflectida en aquesta pol\u00edtica de privacitat ha estat llegida i acceptada i que en conseq\u00fc\u00e8ncia, atorga el seu consentiment inequ\u00edvoc i expr\u00e9s a el tractament de les seves dades personals en les finalitats indicades.Per a poder enviar qualsevol consulta o reserva de cita per formulari haur\u00e0 de marcar la casella de validaci\u00f3, que implica que la informaci\u00f3 reflectida en aquesta pol\u00edtica de privacitat ha estat llegida i acceptada i que en conseq\u00fc\u00e8ncia, atorga el seu consentiment inequ\u00edvoc i expr\u00e9s a el tractament de les seves dades personals en les finalitats indicades. La informaci\u00f3 que ens faciliti passar\u00e0 a ser introdu\u00efda en un tractament de dades sota la responsabilitat de \u201cFisio Balance\u201d i es mantindr\u00e0 confidencial i protegit.<\/p>\n<p>&nbsp;<\/p>\n<p><strong>Conservaci\u00f3. Per quant de temps conservarem les seves dades?<br \/>\n<\/strong>Utilitzem les seves dades durant el temps estrictament necessari per a complir les finalitats indicades anteriorment. Excepte que existeixi una obligaci\u00f3 o requeriment legal, els terminis de conservaci\u00f3 previstos s\u00f3n:<\/p>\n<ul>\n<li>Consultes: durant el per\u00edode d\u2019un any a partir de l\u2019\u00faltima consulta.<\/li>\n<li>Per a la gesti\u00f3 fiscal i comptable: les dades de car\u00e0cter personal es conservaran en compliment dels terminis legals de prescripci\u00f3 que resultin d\u2019aplicaci\u00f3.<\/li>\n<\/ul>\n<p>&nbsp;<\/p>\n<p><strong>Proced\u00e8ncia. Com hem obtingut les seves dades?<br \/>\n<\/strong>Correu electr\u00f2nic: el propi interessat o el seu representant legal.<\/p>\n<p>Formulari de contacte: Dades identificatives: nom i cognoms, correu electr\u00f2nic i tel\u00e8fon.<\/p>\n<p>Podr\u00e0 a m\u00e9s a m\u00e9s decidir si desitja rebre informaci\u00f3 per correu electr\u00f2nic marcant la casella de validaci\u00f3 corresponent.<\/p>\n<p>Formulari de sol\u00b7licitut de cita:<\/p>\n<ol>\n<li>En cas de ser usuari no registrat: Nom i cognoms, correu electr\u00f2nic i tel\u00e8fon.<\/li>\n<li>En cas de ser usuari registrat: DNI, correu electr\u00f2nic i tel\u00e8fon.<\/li>\n<\/ol>\n<p>Formulari de gesti\u00f3 de regals: Nom, cognoms, empresa, adre\u00e7a, tel\u00e8fon, correu electr\u00f2nic, dades a incloure a la targeta regal.<\/p>\n<p>Visitar la web de \u201cFisio Balance\u201d no suposa que l\u2019usuari estigui obligat a facilitar cap informaci\u00f3 sobre si mateix.<\/p>\n<p>\u201cFisio Balance\u201d prohibeix expressament que els menors de divuit anys facilitin dades personals sense el consentiment previ dels seus pares o tutors. En cas de ser menor de divuit anys i no tenir aquest consentiment, no faciliti dades personals a \u201cFisio Balance\u201d ni utilitzi els nostres serveis.<\/p>\n<p>&nbsp;<\/p>\n<p><strong>Mesures de seguretat<br \/>\n<\/strong>La nostra entitat adopta les mesures organitzatives i t\u00e8cniques necess\u00e0ries per garantir la seguretat i la privacitat de les seves dades, evitar la seva alteraci\u00f3, p\u00e8rdua, tractament o acc\u00e9s no autoritzat, depenent de l&#8217;estat de la tecnologia, la naturalesa de les dades emmagatzemades i els riscos a qu\u00e8 estan exposades.<\/p>\n<p>Entre d&#8217;altres, destaquen les seg\u00fcents mesures:<\/p>\n<ul>\n<li>Garantir la confidencialitat, integritat, disponibilitat i resili\u00e8ncia permanents dels sistemes i serveis de tractament.<\/li>\n<li>Restaurar la disponibilitat i l&#8217;acc\u00e9s a les dades personals de forma r\u00e0pida, en cas d&#8217;incident f\u00edsic o t\u00e8cnic.<\/li>\n<li>Verificar, avaluar i valorar, de manera regular, l&#8217;efic\u00e0cia de les mesures t\u00e8cniques i organitzatives implementades per garantir la seguretat del tractament.<\/li>\n<li>Seudonimizar i xifrar les dades personals, en cas que es tracti de dades sensibles.<\/li>\n<\/ul>\n<p>&nbsp;<\/p>\n<p><strong>Destinataris. A quins destinataris es comunicaran les dades?<br \/>\n<\/strong>Aquestes dades seran tractades per \u201cFisio Balance\u201d, no cedirem dades a tercers.<\/p>\n<p>&nbsp;<\/p>\n<p><strong>Drets. Quins s\u00f3n els seus drets quan ens facilita dades?<\/strong><\/p>\n<p>La normativa vigent de protecci\u00f3 de dades l&#8217;empara en una s\u00e8rie de drets en relaci\u00f3 amb l&#8217;\u00fas que li donem a les seves dades personals. Tots i cadascun dels seus drets s\u00f3n unipersonals i intransferibles, \u00e9s a dir, que \u00fanicament poden ser realitzats pel titular de les dades, pr\u00e8via comprovaci\u00f3 de la seva identitat.<\/p>\n<p>A continuaci\u00f3, us expliquem quins s\u00f3n els drets que l&#8217;assisteixen:<\/p>\n<ul>\n<li>Sol\u00b7licitar el ACC\u00c9S a les seves dades personals<\/li>\n<li>Sol\u00b7licitar la RECTIFICACI\u00d3 de les seves dades<\/li>\n<li>Sol\u00b7licitar la SUPRESSI\u00d3 o eliminaci\u00f3 de les seves dades (dret a l &#8216; \u00aboblit\u00bb)<\/li>\n<li>LIMITAR o OPOSAR a l&#8217;\u00fas que li donem a les seves dades<\/li>\n<li>Dret a la PORTABILITAT de les seves dades per a casos de serveis de telecomunicacions o internet.<\/li>\n<li>Dret a RETIRAR el seu consentiment en qualsevol moment<\/li>\n<li>Dret a presentar una RECLAMACI\u00d3 en mat\u00e8ria de protecci\u00f3 de dades davant l&#8217;Autoritat de Control: Ag\u00e8ncia Espanyola de Protecci\u00f3 de Dades<\/li>\n<\/ul>\n<p>Per a l&#8217;exercici dels seus drets d&#8217;acc\u00e9s, rectificaci\u00f3, supressi\u00f3, limitaci\u00f3 o oposici\u00f3, portabilitat i retirada del seu consentiment, pot fer-ho de la seg\u00fcent manera:<\/p>\n<p>Presencialment o per correu electr\u00f2nic a:<\/p>\n<p>Fisiobalance Health SL<br \/>\nNIF B56221906<br \/>\nAv. Constituci\u00f3, num. 152, 08860, Castelldefels<br \/>\ninfo@fisiobalance.cat<\/p>\n<p>A m\u00e9s dels drets que l&#8217;assisteixen, si creu que les seves dades no s&#8217;estan recaptant o tractant d&#8217;acord amb la normativa vigent de Protecci\u00f3 de Dades, vost\u00e8 podr\u00e0 realitzar una reclamaci\u00f3 davant l&#8217;Autoritat de Control, les dades de contacte indiquem a continuaci\u00f3:<\/p>\n<p>Ag\u00e8ncia Espanyola de Protecci\u00f3 de Dades<br \/>\nC \/ Jorge Juan, 6. 28001, Madrid.<br \/>\nE-mail: info@agpd.es<br \/>\nTel\u00e8fon: 912663517<br \/>\nWeb: https:\/\/www.agpd.es<\/p>\n<p>&nbsp;<\/p>\n<p><strong>Consentiment i acceptaci\u00f3<br \/>\n<\/strong>L&#8217;acceptaci\u00f3 del present document indica que vost\u00e8 ent\u00e9n i accepta totes les cl\u00e0usules de la nostra pol\u00edtica de privacitat per la qual cosa autoritza la recollida i el tractament de les seves dades personals en aquests termes. L\u2019usuari que faciliti les seves dades personals a trav\u00e9s del correu electr\u00f2nic de \u201cFisio Balance\u201d, estar\u00e0 proporcionant volunt\u00e0riament dades de car\u00e0cter personal. Als formularis de contacte aquesta acceptaci\u00f3 es realitza mitjan\u00e7ant l\u2019activaci\u00f3 de la casella de verificaci\u00f3 de la nostra Pol\u00edtica de Privacitat[\/vc_column_text][\/vc_column][\/vc_row]<\/p>\n<\/div>","protected":false},"excerpt":{"rendered":"<p>[vc_row css_animation=&#8221;&#8221; row_type=&#8221;row&#8221; use_row_as_full_screen_section=&#8221;no&#8221; type=&#8221;grid&#8221; angled_section=&#8221;no&#8221; text_align=&#8221;left&#8221; background_image_as_pattern=&#8221;without_pattern&#8221; padding_top=&#8221;60&#8243; padding_bottom=&#8221;60&#8243; z_index=&#8221;&#8221;][vc_column][vc_column_text] Informaci\u00f3 b\u00e0sica sobre Protecci\u00f3 de Dades Responsable: Fisiobalance Health SL NIF B56221906 info@fisiobalance.cat 659 884 200 &#8211; 93 280 85 71 Av. Constituci\u00f3, num. 152, 08860, Castelldefels Dades de la DPD del centre: jeniferrg@yahoo.es&#8230;<\/p>\n","protected":false},"author":2,"featured_media":0,"parent":0,"menu_order":0,"comment_status":"closed","ping_status":"closed","template":"full_width.php","meta":{"footnotes":""},"class_list":["post-1350","page","type-page","status-publish","hentry"],"yoast_head":"<!-- This site is optimized with the Yoast SEO plugin v26.3 - https:\/\/yoast.com\/wordpress\/plugins\/seo\/ -->\n<title>Pol\u00edtica de privacitat - Fisiobalance<\/title>\n<meta name=\"robots\" content=\"index, follow, max-snippet:-1, max-image-preview:large, max-video-preview:-1\" \/>\n<link rel=\"canonical\" href=\"https:\/\/www.fisiobalance.cat\/ca\/politica-de-privacitat\/\" \/>\n<meta property=\"og:locale\" content=\"ca_ES\" \/>\n<meta property=\"og:type\" content=\"article\" \/>\n<meta property=\"og:title\" content=\"Pol\u00edtica de privacitat - Fisiobalance\" \/>\n<meta property=\"og:description\" content=\"[vc_row css_animation=&#8221;&#8221; row_type=&#8221;row&#8221; use_row_as_full_screen_section=&#8221;no&#8221; type=&#8221;grid&#8221; angled_section=&#8221;no&#8221; text_align=&#8221;left&#8221; background_image_as_pattern=&#8221;without_pattern&#8221; padding_top=&#8221;60&#8243; padding_bottom=&#8221;60&#8243; z_index=&#8221;&#8221;][vc_column][vc_column_text] Informaci\u00f3 b\u00e0sica sobre Protecci\u00f3 de Dades Responsable: Fisiobalance Health SL NIF B56221906 info@fisiobalance.cat 659 884 200 &#8211; 93 280 85 71 Av. Constituci\u00f3, num. 152, 08860, Castelldefels Dades de la DPD del centre: jeniferrg@yahoo.es...\" \/>\n<meta property=\"og:url\" content=\"https:\/\/www.fisiobalance.cat\/ca\/politica-de-privacitat\/\" \/>\n<meta property=\"og:site_name\" content=\"Fisiobalance\" \/>\n<meta property=\"article:modified_time\" content=\"2025-11-04T14:27:13+00:00\" \/>\n<meta name=\"twitter:card\" content=\"summary_large_image\" \/>\n<meta name=\"twitter:label1\" content=\"Temps estimat de lectura\" \/>\n\t<meta name=\"twitter:data1\" content=\"7 minuts\" \/>\n<script type=\"application\/ld+json\" class=\"yoast-schema-graph\">{\"@context\":\"https:\/\/schema.org\",\"@graph\":[{\"@type\":\"WebPage\",\"@id\":\"https:\/\/www.fisiobalance.cat\/ca\/politica-de-privacitat\/\",\"url\":\"https:\/\/www.fisiobalance.cat\/ca\/politica-de-privacitat\/\",\"name\":\"Pol\u00edtica de privacitat - Fisiobalance\",\"isPartOf\":{\"@id\":\"https:\/\/www.fisiobalance.cat\/#website\"},\"datePublished\":\"2020-10-25T17:50:47+00:00\",\"dateModified\":\"2025-11-04T14:27:13+00:00\",\"breadcrumb\":{\"@id\":\"https:\/\/www.fisiobalance.cat\/ca\/politica-de-privacitat\/#breadcrumb\"},\"inLanguage\":\"ca\",\"potentialAction\":[{\"@type\":\"ReadAction\",\"target\":[\"https:\/\/www.fisiobalance.cat\/ca\/politica-de-privacitat\/\"]}]},{\"@type\":\"BreadcrumbList\",\"@id\":\"https:\/\/www.fisiobalance.cat\/ca\/politica-de-privacitat\/#breadcrumb\",\"itemListElement\":[{\"@type\":\"ListItem\",\"position\":1,\"name\":\"Portada\",\"item\":\"https:\/\/www.fisiobalance.cat\/ca\/\"},{\"@type\":\"ListItem\",\"position\":2,\"name\":\"Pol\u00edtica de privacitat\"}]},{\"@type\":\"WebSite\",\"@id\":\"https:\/\/www.fisiobalance.cat\/#website\",\"url\":\"https:\/\/www.fisiobalance.cat\/\",\"name\":\"Fisiobalance\",\"description\":\"\",\"publisher\":{\"@id\":\"https:\/\/www.fisiobalance.cat\/#organization\"},\"potentialAction\":[{\"@type\":\"SearchAction\",\"target\":{\"@type\":\"EntryPoint\",\"urlTemplate\":\"https:\/\/www.fisiobalance.cat\/?s={search_term_string}\"},\"query-input\":{\"@type\":\"PropertyValueSpecification\",\"valueRequired\":true,\"valueName\":\"search_term_string\"}}],\"inLanguage\":\"ca\"},{\"@type\":\"Organization\",\"@id\":\"https:\/\/www.fisiobalance.cat\/#organization\",\"name\":\"Fisiobalance\",\"url\":\"https:\/\/www.fisiobalance.cat\/\",\"logo\":{\"@type\":\"ImageObject\",\"inLanguage\":\"ca\",\"@id\":\"https:\/\/www.fisiobalance.cat\/#\/schema\/logo\/image\/\",\"url\":\"https:\/\/www.fisiobalance.cat\/wp-content\/uploads\/2018\/06\/fisiobalance_logo.png\",\"contentUrl\":\"https:\/\/www.fisiobalance.cat\/wp-content\/uploads\/2018\/06\/fisiobalance_logo.png\",\"width\":369,\"height\":53,\"caption\":\"Fisiobalance\"},\"image\":{\"@id\":\"https:\/\/www.fisiobalance.cat\/#\/schema\/logo\/image\/\"}}]}<\/script>\n<!-- \/ Yoast SEO plugin. -->","yoast_head_json":{"title":"Pol\u00edtica de privacitat - Fisiobalance","robots":{"index":"index","follow":"follow","max-snippet":"max-snippet:-1","max-image-preview":"max-image-preview:large","max-video-preview":"max-video-preview:-1"},"canonical":"https:\/\/www.fisiobalance.cat\/ca\/politica-de-privacitat\/","og_locale":"ca_ES","og_type":"article","og_title":"Pol\u00edtica de privacitat - Fisiobalance","og_description":"[vc_row css_animation=&#8221;&#8221; row_type=&#8221;row&#8221; use_row_as_full_screen_section=&#8221;no&#8221; type=&#8221;grid&#8221; angled_section=&#8221;no&#8221; text_align=&#8221;left&#8221; background_image_as_pattern=&#8221;without_pattern&#8221; padding_top=&#8221;60&#8243; padding_bottom=&#8221;60&#8243; z_index=&#8221;&#8221;][vc_column][vc_column_text] Informaci\u00f3 b\u00e0sica sobre Protecci\u00f3 de Dades Responsable: Fisiobalance Health SL NIF B56221906 info@fisiobalance.cat 659 884 200 &#8211; 93 280 85 71 Av. Constituci\u00f3, num. 152, 08860, Castelldefels Dades de la DPD del centre: jeniferrg@yahoo.es...","og_url":"https:\/\/www.fisiobalance.cat\/ca\/politica-de-privacitat\/","og_site_name":"Fisiobalance","article_modified_time":"2025-11-04T14:27:13+00:00","twitter_card":"summary_large_image","twitter_misc":{"Temps estimat de lectura":"7 minuts"},"schema":{"@context":"https:\/\/schema.org","@graph":[{"@type":"WebPage","@id":"https:\/\/www.fisiobalance.cat\/ca\/politica-de-privacitat\/","url":"https:\/\/www.fisiobalance.cat\/ca\/politica-de-privacitat\/","name":"Pol\u00edtica de privacitat - Fisiobalance","isPartOf":{"@id":"https:\/\/www.fisiobalance.cat\/#website"},"datePublished":"2020-10-25T17:50:47+00:00","dateModified":"2025-11-04T14:27:13+00:00","breadcrumb":{"@id":"https:\/\/www.fisiobalance.cat\/ca\/politica-de-privacitat\/#breadcrumb"},"inLanguage":"ca","potentialAction":[{"@type":"ReadAction","target":["https:\/\/www.fisiobalance.cat\/ca\/politica-de-privacitat\/"]}]},{"@type":"BreadcrumbList","@id":"https:\/\/www.fisiobalance.cat\/ca\/politica-de-privacitat\/#breadcrumb","itemListElement":[{"@type":"ListItem","position":1,"name":"Portada","item":"https:\/\/www.fisiobalance.cat\/ca\/"},{"@type":"ListItem","position":2,"name":"Pol\u00edtica de privacitat"}]},{"@type":"WebSite","@id":"https:\/\/www.fisiobalance.cat\/#website","url":"https:\/\/www.fisiobalance.cat\/","name":"Fisiobalance","description":"","publisher":{"@id":"https:\/\/www.fisiobalance.cat\/#organization"},"potentialAction":[{"@type":"SearchAction","target":{"@type":"EntryPoint","urlTemplate":"https:\/\/www.fisiobalance.cat\/?s={search_term_string}"},"query-input":{"@type":"PropertyValueSpecification","valueRequired":true,"valueName":"search_term_string"}}],"inLanguage":"ca"},{"@type":"Organization","@id":"https:\/\/www.fisiobalance.cat\/#organization","name":"Fisiobalance","url":"https:\/\/www.fisiobalance.cat\/","logo":{"@type":"ImageObject","inLanguage":"ca","@id":"https:\/\/www.fisiobalance.cat\/#\/schema\/logo\/image\/","url":"https:\/\/www.fisiobalance.cat\/wp-content\/uploads\/2018\/06\/fisiobalance_logo.png","contentUrl":"https:\/\/www.fisiobalance.cat\/wp-content\/uploads\/2018\/06\/fisiobalance_logo.png","width":369,"height":53,"caption":"Fisiobalance"},"image":{"@id":"https:\/\/www.fisiobalance.cat\/#\/schema\/logo\/image\/"}}]}},"_links":{"self":[{"href":"https:\/\/www.fisiobalance.cat\/ca\/wp-json\/wp\/v2\/pages\/1350","targetHints":{"allow":["GET"]}}],"collection":[{"href":"https:\/\/www.fisiobalance.cat\/ca\/wp-json\/wp\/v2\/pages"}],"about":[{"href":"https:\/\/www.fisiobalance.cat\/ca\/wp-json\/wp\/v2\/types\/page"}],"author":[{"embeddable":true,"href":"https:\/\/www.fisiobalance.cat\/ca\/wp-json\/wp\/v2\/users\/2"}],"replies":[{"embeddable":true,"href":"https:\/\/www.fisiobalance.cat\/ca\/wp-json\/wp\/v2\/comments?post=1350"}],"version-history":[{"count":6,"href":"https:\/\/www.fisiobalance.cat\/ca\/wp-json\/wp\/v2\/pages\/1350\/revisions"}],"predecessor-version":[{"id":5741,"href":"https:\/\/www.fisiobalance.cat\/ca\/wp-json\/wp\/v2\/pages\/1350\/revisions\/5741"}],"wp:attachment":[{"href":"https:\/\/www.fisiobalance.cat\/ca\/wp-json\/wp\/v2\/media?parent=1350"}],"curies":[{"name":"wp","href":"https:\/\/api.w.org\/{rel}","templated":true}]}}