{"id":200,"date":"2018-06-16T11:01:35","date_gmt":"2018-06-16T09:01:35","guid":{"rendered":"https:\/\/www.fisiobalance.cat\/osteopatia\/"},"modified":"2022-04-11T12:54:56","modified_gmt":"2022-04-11T10:54:56","slug":"osteopatia","status":"publish","type":"page","link":"https:\/\/www.fisiobalance.cat\/ca\/osteopatia\/","title":{"rendered":"Osteopatia"},"content":{"rendered":"<div class=\"wpb-content-wrapper\"><p>[vc_row css_animation=&#8221;element_from_fade&#8221; row_type=&#8221;row&#8221; use_row_as_full_screen_section=&#8221;no&#8221; type=&#8221;grid&#8221; angled_section=&#8221;no&#8221; text_align=&#8221;center&#8221; background_image_as_pattern=&#8221;without_pattern&#8221; background_color=&#8221;#00a8b8&#8243; padding_top=&#8221;20&#8243; padding_bottom=&#8221;20&#8243; z_index=&#8221;&#8221; el_class=&#8221;home_res&#8221;][vc_column][vc_column_text]<\/p>\n<ul>\n<li>FISIOTER\u00c0PIA MANUAL<\/li>\n<li>OSTEOPATIA<\/li>\n<li>FISIOTER\u00c0PIA PRE I POST PART<\/li>\n<\/ul>\n<p>[\/vc_column_text][\/vc_column][\/vc_row][vc_row css_animation=&#8221;element_from_fade&#8221; row_type=&#8221;row&#8221; use_row_as_full_screen_section=&#8221;no&#8221; type=&#8221;grid&#8221; angled_section=&#8221;no&#8221; text_align=&#8221;center&#8221; background_image_as_pattern=&#8221;without_pattern&#8221; padding_top=&#8221;30&#8243; padding_bottom=&#8221;80&#8243; z_index=&#8221;&#8221;][vc_column][vc_column_text el_class=&#8221;section_title&#8221;]<\/p>\n<h1 style=\"text-align: center;\">OSTEOPATIA<\/h1>\n<p>[\/vc_column_text][vc_row_inner row_type=&#8221;row&#8221; type=&#8221;full_width&#8221; text_align=&#8221;left&#8221; css_animation=&#8221;&#8221;][vc_column_inner width=&#8221;1\/3&#8243;][vc_single_image image=&#8221;2033&#8243; img_size=&#8221;full&#8221; qode_css_animation=&#8221;&#8221;][vc_separator type=&#8221;transparent&#8221; up=&#8221;20&#8243;]<a  itemprop=\"url\" href=\"https:\/\/app.clinic-cloud.com\/citaonline.php\/fisiobalance\" target=\"_self\"  class=\"qbutton  default\" style=\"\">RESERVA CITA ONLINE<\/a>[vc_separator type=&#8221;transparent&#8221; up=&#8221;20&#8243;][\/vc_column_inner][vc_column_inner width=&#8221;2\/3&#8243;][vc_column_text el_class=&#8221;ulst1&#8243;]<\/p>\n<h4>Qu\u00e8 \u00e9s l&#8217;osteopatia i com et tractarem a FisioBalance?<\/h4>\n<p>L&#8217;<strong>Osteopatia <\/strong>es basa en un enfocament terap\u00e8utic<strong> global del cos<\/strong>. La oste\u00f2pata posa especial atenci\u00f3 en l&#8217;estructura de l&#8217;individu i en els problemes mec\u00e0nics que es produeixen en ell.<\/p>\n<p>La nostra principal eina s\u00f3n les mans i fem servir diferents t\u00e8cniques de <strong> Ter\u00e0pia Manual<\/strong> adaptades a cada pacient i les seves necessitats, considerant l&#8217;edat, el sexe i el seu estat de salut.<\/p>\n<p>La oste\u00f2pata veu el pacient com un tot, tenint en compte que els sistemes es relacionen entre si.<\/p>\n<p>A la <strong> primera visita <\/strong> es realitza una anamnesi i avaluaci\u00f3 inicial per definir el diagn\u00f2stic i establir el pla de tractament. \u00c9s important complimentar la hist\u00f2ria cl\u00ednica amb les \u00faltimes proves d&#8217;imatge: RMN, RX, ecografia.<\/p>\n<p>Posa&#8217;t en bones mans i assegura&#8217;t que els professionals tenen la formaci\u00f3 adequada. En FisioBalance les oste\u00f2pates posseeixen t\u00edtol universitari en Fisioter\u00e0pia i M\u00e0ster en Osteopatia.<\/p>\n<h4>Les lesions i patologies que tracta l&#8217;osteopatia<\/h4>\n<ul>\n<li><strong> Columna Vertebral <\/strong>: Patologies de la columna vertebral: h\u00e8rnies discals, artritis, Discopaties, fuetada cervical, espindilolistesis, cifosi, escoliosi &#8230;<\/li>\n<li><strong>Alteraci\u00f3 de la postura<\/strong>.<\/li>\n<li><strong> Mal d&#8217;esquena <\/strong> d&#8217;origen muscular, degeneratiu o posttraum\u00e0tic. Contractures, sobrec\u00e0rregues musculars.<\/li>\n<li><strong>Artrosi<\/strong>.<\/li>\n<li><strong>Mand\u00edbula<\/strong>: Trastorns de l&#8217;Articulaci\u00f3 Temporomandibular: despla\u00e7ament de disc amb o sense reducci\u00f3, mossegada alterada, asimetria d&#8217;ossos facials i \/ o cranials, parafuncions, bruxisme.<\/li>\n<li><strong>Espatlla<\/strong>: tendinitis del supraespin\u00f3s, lesions del manegot rotatori, s\u00edndrome sub-acromial, artrosi &#8230;<\/li>\n<li><strong>S\u00edndrome facetaria<\/strong>.<\/li>\n<li><strong>Mals de cap<\/strong> (cefalea, migranya).<\/li>\n<li><strong> Sistema nervi\u00f3s perif\u00e8ric <\/strong>: Atrapament de nervis i \/ o plexes nerviosos (ci\u00e0tica, t\u00fanel carpi\u00e0, cervicobraqui\u00e0lgia, lumboci\u00e0tica, par\u00e0lisi facial, neur\u00e0lgia del trig\u00e8min &#8230;)<\/li>\n<li><strong> Lesions musculars per sobre\u00fas <\/strong>: Tendinitis: epicondilitis, epitrocleitis, tendinitis del supraespin\u00f3s, tendinitis del tend\u00f3 d&#8217;aquil\u00b7les, fascitis plantar.<\/li>\n<li><strong>Par\u00e0lisi facial.<\/strong><\/li>\n<li><strong>Fibromi\u00e0lgia<\/strong>.<\/li>\n<li><strong>Problemes viscerals<\/strong>: restrenyiment, h\u00e8rnia de hiat, RGE\u2026<\/li>\n<li><strong>Alteracions del sistema nervi\u00f3s central<\/strong>: Parkinson, accident cerebrovascular, ELA \u2026<\/li>\n<\/ul>\n<p>[\/vc_column_text][\/vc_column_inner][\/vc_row_inner][\/vc_column][\/vc_row][vc_row css_animation=&#8221;&#8221; row_type=&#8221;row&#8221; use_row_as_full_screen_section=&#8221;no&#8221; type=&#8221;grid&#8221; angled_section=&#8221;no&#8221; text_align=&#8221;center&#8221; background_image_as_pattern=&#8221;without_pattern&#8221; padding_bottom=&#8221;80&#8243; z_index=&#8221;&#8221; el_class=&#8221;servicios_table&#8221;][vc_column][vc_raw_html]JTVCbmluamFfdGFibGVzJTIwaWQlM0QlMjIxMjclMjIlNUQ=[\/vc_raw_html][vc_separator type=&#8221;transparent&#8221; up=&#8221;20&#8243;]<a  itemprop=\"url\" href=\"https:\/\/app.clinic-cloud.com\/citaonline.php\/fisiobalance\" target=\"_self\"  class=\"qbutton  default\" style=\"\">RESERVA CITA ONLINE<\/a>[\/vc_column][\/vc_row][vc_row css_animation=&#8221;element_from_fade&#8221; row_type=&#8221;row&#8221; use_row_as_full_screen_section=&#8221;no&#8221; type=&#8221;grid&#8221; angled_section=&#8221;no&#8221; text_align=&#8221;center&#8221; background_image_as_pattern=&#8221;without_pattern&#8221; padding_top=&#8221;60&#8243; padding_bottom=&#8221;80&#8243; z_index=&#8221;&#8221;][vc_column][vc_row_inner row_type=&#8221;row&#8221; type=&#8221;full_width&#8221; text_align=&#8221;left&#8221; css_animation=&#8221;&#8221;][vc_column_inner width=&#8221;1\/3&#8243;][vc_single_image image=&#8221;240&#8243; img_size=&#8221;full&#8221; qode_css_animation=&#8221;&#8221;][vc_separator type=&#8221;transparent&#8221; up=&#8221;20&#8243;][\/vc_column_inner][vc_column_inner width=&#8221;2\/3&#8243;][vc_column_text el_class=&#8221;ulst1&#8243;]<\/p>\n<h4>JENIFER ROMERO &#8211; FISIOTERAPEUTA I OSTE\u00d2PATA<\/h4>\n<p>Fisioterapeuta formada a la Universitat Ramon Llull i Oste\u00f2pata de la Universitat Aut\u00f2noma de Barcelona. Una professional que s&#8217;aproxima al conjunt del cos i no exclusivamente a la lesi\u00f3.<br \/>\nLa meva especialitzaci\u00f3 s\u00f3n les lesions m\u00fascul-esuqel\u00e8tiques, trastorns viscerals i craneals. Atenc a tot tipus de persones des esportistes, embarassades fins adult gran.[\/vc_column_text][\/vc_column_inner][\/vc_row_inner][\/vc_column][\/vc_row][vc_row css_animation=&#8221;&#8221; row_type=&#8221;row&#8221; use_row_as_full_screen_section=&#8221;no&#8221; type=&#8221;full_width&#8221; angled_section=&#8221;no&#8221; text_align=&#8221;left&#8221; background_image_as_pattern=&#8221;without_pattern&#8221;][vc_column][vc_column_text el_class=&#8221;ulst1&#8243;]<\/p>\n<h2 style=\"text-align: center;\">Vine a coneixe&#8217;ns, FisioBalance a Castelldefels<\/h2>\n<p style=\"text-align: center;\">\u2b07\ufe0f Estem situats al centre de Castelldefels. \u2b07\ufe0f<\/p>\n<p>[\/vc_column_text][vc_separator type=&#8221;transparent&#8221; up=&#8221;20&#8243;][vc_gmaps link=&#8221;#E-8_JTNDaWZyYW1lJTIwc3JjJTNEJTIyaHR0cHMlM0ElMkYlMkZ3d3cuZ29vZ2xlLmNvbSUyRm1hcHMlMkZlbWJlZCUzRnBiJTNEJTIxMW0xOCUyMTFtMTIlMjExbTMlMjExZDI5OTguMzg0Mzc4NTc4OTY1JTIxMmQxLjk3NTQzMjUxNjAzMDE0NTQlMjEzZDQxLjI3ODczODIxMDY4NTQzJTIxMm0zJTIxMWYwJTIxMmYwJTIxM2YwJTIxM20yJTIxMWkxMDI0JTIxMmk3NjglMjE0ZjEzLjElMjEzbTMlMjExbTIlMjExczB4MTJhNDgyYmExYzhiZjBmYiUyNTNBMHgxNTBmNjU0NGNjMTc2NTg5JTIxMnNBdi4lMkJDb25zdGl0dWNpJTI1QzMlMjVCM24lMjUyQyUyQjE1MiUyNTJDJTJCMDg4NjAlMkJDYXN0ZWxkZWZlbHMlMjUyQyUyQkJhcmNlbG9uYSUyMTVlMCUyMTNtMiUyMTFzZXMlMjEyc2VzJTIxNHYxNTM2MTYzNjUzODAxJTIyJTIwd2lkdGglM0QlMjI0MDAlMjIlMjBoZWlnaHQlM0QlMjIzMDAlMjIlMjBmcmFtZWJvcmRlciUzRCUyMjAlMjIlMjBzdHlsZSUzRCUyMmJvcmRlciUzQTAlMjIlMjBhbGxvd2Z1bGxzY3JlZW4lM0UlM0MlMkZpZnJhbWUlM0U=&#8221;][\/vc_column][\/vc_row]<\/p>\n<\/div>","protected":false},"excerpt":{"rendered":"<p>[vc_row css_animation=&#8221;element_from_fade&#8221; row_type=&#8221;row&#8221; use_row_as_full_screen_section=&#8221;no&#8221; type=&#8221;grid&#8221; angled_section=&#8221;no&#8221; text_align=&#8221;center&#8221; background_image_as_pattern=&#8221;without_pattern&#8221; background_color=&#8221;#00a8b8&#8243; padding_top=&#8221;20&#8243; padding_bottom=&#8221;20&#8243; z_index=&#8221;&#8221; el_class=&#8221;home_res&#8221;][vc_column][vc_column_text] FISIOTER\u00c0PIA MANUAL OSTEOPATIA FISIOTER\u00c0PIA PRE I POST PART [\/vc_column_text][\/vc_column][\/vc_row][vc_row css_animation=&#8221;element_from_fade&#8221; row_type=&#8221;row&#8221; use_row_as_full_screen_section=&#8221;no&#8221; type=&#8221;grid&#8221; angled_section=&#8221;no&#8221; text_align=&#8221;center&#8221; background_image_as_pattern=&#8221;without_pattern&#8221; padding_top=&#8221;30&#8243; padding_bottom=&#8221;80&#8243; z_index=&#8221;&#8221;][vc_column][vc_column_text el_class=&#8221;section_title&#8221;] OSTEOPATIA [\/vc_column_text][vc_row_inner row_type=&#8221;row&#8221; type=&#8221;full_width&#8221; text_align=&#8221;left&#8221; css_animation=&#8221;&#8221;][vc_column_inner width=&#8221;1\/3&#8243;][vc_single_image image=&#8221;2033&#8243; img_size=&#8221;full&#8221; qode_css_animation=&#8221;&#8221;][vc_separator type=&#8221;transparent&#8221; up=&#8221;20&#8243;][vc_separator&#8230;<\/p>\n","protected":false},"author":1,"featured_media":0,"parent":0,"menu_order":0,"comment_status":"closed","ping_status":"closed","template":"full_width.php","meta":{"footnotes":""},"class_list":["post-200","page","type-page","status-publish","hentry"],"yoast_head":"<!-- This site is optimized with the Yoast SEO plugin v26.3 - https:\/\/yoast.com\/wordpress\/plugins\/seo\/ -->\n<title>Osteopatia - Fisiobalance<\/title>\n<meta name=\"robots\" content=\"index, follow, max-snippet:-1, max-image-preview:large, max-video-preview:-1\" \/>\n<link rel=\"canonical\" href=\"https:\/\/www.fisiobalance.cat\/ca\/osteopatia\/\" \/>\n<meta property=\"og:locale\" content=\"ca_ES\" \/>\n<meta property=\"og:type\" content=\"article\" \/>\n<meta property=\"og:title\" content=\"Osteopatia - Fisiobalance\" \/>\n<meta property=\"og:description\" content=\"[vc_row css_animation=&#8221;element_from_fade&#8221; row_type=&#8221;row&#8221; use_row_as_full_screen_section=&#8221;no&#8221; type=&#8221;grid&#8221; angled_section=&#8221;no&#8221; text_align=&#8221;center&#8221; background_image_as_pattern=&#8221;without_pattern&#8221; background_color=&#8221;#00a8b8&#8243; padding_top=&#8221;20&#8243; padding_bottom=&#8221;20&#8243; z_index=&#8221;&#8221; el_class=&#8221;home_res&#8221;][vc_column][vc_column_text] FISIOTER\u00c0PIA MANUAL OSTEOPATIA FISIOTER\u00c0PIA PRE I POST PART [\/vc_column_text][\/vc_column][\/vc_row][vc_row css_animation=&#8221;element_from_fade&#8221; row_type=&#8221;row&#8221; use_row_as_full_screen_section=&#8221;no&#8221; type=&#8221;grid&#8221; angled_section=&#8221;no&#8221; text_align=&#8221;center&#8221; background_image_as_pattern=&#8221;without_pattern&#8221; padding_top=&#8221;30&#8243; padding_bottom=&#8221;80&#8243; z_index=&#8221;&#8221;][vc_column][vc_column_text el_class=&#8221;section_title&#8221;] OSTEOPATIA [\/vc_column_text][vc_row_inner row_type=&#8221;row&#8221; type=&#8221;full_width&#8221; text_align=&#8221;left&#8221; css_animation=&#8221;&#8221;][vc_column_inner width=&#8221;1\/3&#8243;][vc_single_image image=&#8221;2033&#8243; img_size=&#8221;full&#8221; qode_css_animation=&#8221;&#8221;][vc_separator type=&#8221;transparent&#8221; up=&#8221;20&#8243;][vc_separator...\" \/>\n<meta property=\"og:url\" content=\"https:\/\/www.fisiobalance.cat\/ca\/osteopatia\/\" \/>\n<meta property=\"og:site_name\" content=\"Fisiobalance\" \/>\n<meta property=\"article:modified_time\" content=\"2022-04-11T10:54:56+00:00\" \/>\n<meta name=\"twitter:card\" content=\"summary_large_image\" \/>\n<meta name=\"twitter:label1\" content=\"Temps estimat de lectura\" \/>\n\t<meta name=\"twitter:data1\" content=\"3 minuts\" \/>\n<script type=\"application\/ld+json\" class=\"yoast-schema-graph\">{\"@context\":\"https:\/\/schema.org\",\"@graph\":[{\"@type\":\"WebPage\",\"@id\":\"https:\/\/www.fisiobalance.cat\/ca\/osteopatia\/\",\"url\":\"https:\/\/www.fisiobalance.cat\/ca\/osteopatia\/\",\"name\":\"Osteopatia - Fisiobalance\",\"isPartOf\":{\"@id\":\"https:\/\/www.fisiobalance.cat\/#website\"},\"datePublished\":\"2018-06-16T09:01:35+00:00\",\"dateModified\":\"2022-04-11T10:54:56+00:00\",\"breadcrumb\":{\"@id\":\"https:\/\/www.fisiobalance.cat\/ca\/osteopatia\/#breadcrumb\"},\"inLanguage\":\"ca\",\"potentialAction\":[{\"@type\":\"ReadAction\",\"target\":[\"https:\/\/www.fisiobalance.cat\/ca\/osteopatia\/\"]}]},{\"@type\":\"BreadcrumbList\",\"@id\":\"https:\/\/www.fisiobalance.cat\/ca\/osteopatia\/#breadcrumb\",\"itemListElement\":[{\"@type\":\"ListItem\",\"position\":1,\"name\":\"Portada\",\"item\":\"https:\/\/www.fisiobalance.cat\/ca\/\"},{\"@type\":\"ListItem\",\"position\":2,\"name\":\"Osteopatia\"}]},{\"@type\":\"WebSite\",\"@id\":\"https:\/\/www.fisiobalance.cat\/#website\",\"url\":\"https:\/\/www.fisiobalance.cat\/\",\"name\":\"Fisiobalance\",\"description\":\"\",\"publisher\":{\"@id\":\"https:\/\/www.fisiobalance.cat\/#organization\"},\"potentialAction\":[{\"@type\":\"SearchAction\",\"target\":{\"@type\":\"EntryPoint\",\"urlTemplate\":\"https:\/\/www.fisiobalance.cat\/?s={search_term_string}\"},\"query-input\":{\"@type\":\"PropertyValueSpecification\",\"valueRequired\":true,\"valueName\":\"search_term_string\"}}],\"inLanguage\":\"ca\"},{\"@type\":\"Organization\",\"@id\":\"https:\/\/www.fisiobalance.cat\/#organization\",\"name\":\"Fisiobalance\",\"url\":\"https:\/\/www.fisiobalance.cat\/\",\"logo\":{\"@type\":\"ImageObject\",\"inLanguage\":\"ca\",\"@id\":\"https:\/\/www.fisiobalance.cat\/#\/schema\/logo\/image\/\",\"url\":\"https:\/\/www.fisiobalance.cat\/wp-content\/uploads\/2018\/06\/fisiobalance_logo.png\",\"contentUrl\":\"https:\/\/www.fisiobalance.cat\/wp-content\/uploads\/2018\/06\/fisiobalance_logo.png\",\"width\":369,\"height\":53,\"caption\":\"Fisiobalance\"},\"image\":{\"@id\":\"https:\/\/www.fisiobalance.cat\/#\/schema\/logo\/image\/\"}}]}<\/script>\n<!-- \/ Yoast SEO plugin. -->","yoast_head_json":{"title":"Osteopatia - Fisiobalance","robots":{"index":"index","follow":"follow","max-snippet":"max-snippet:-1","max-image-preview":"max-image-preview:large","max-video-preview":"max-video-preview:-1"},"canonical":"https:\/\/www.fisiobalance.cat\/ca\/osteopatia\/","og_locale":"ca_ES","og_type":"article","og_title":"Osteopatia - Fisiobalance","og_description":"[vc_row css_animation=&#8221;element_from_fade&#8221; row_type=&#8221;row&#8221; use_row_as_full_screen_section=&#8221;no&#8221; type=&#8221;grid&#8221; angled_section=&#8221;no&#8221; text_align=&#8221;center&#8221; background_image_as_pattern=&#8221;without_pattern&#8221; background_color=&#8221;#00a8b8&#8243; padding_top=&#8221;20&#8243; padding_bottom=&#8221;20&#8243; z_index=&#8221;&#8221; el_class=&#8221;home_res&#8221;][vc_column][vc_column_text] FISIOTER\u00c0PIA MANUAL OSTEOPATIA FISIOTER\u00c0PIA PRE I POST PART [\/vc_column_text][\/vc_column][\/vc_row][vc_row css_animation=&#8221;element_from_fade&#8221; row_type=&#8221;row&#8221; use_row_as_full_screen_section=&#8221;no&#8221; type=&#8221;grid&#8221; angled_section=&#8221;no&#8221; text_align=&#8221;center&#8221; background_image_as_pattern=&#8221;without_pattern&#8221; padding_top=&#8221;30&#8243; padding_bottom=&#8221;80&#8243; z_index=&#8221;&#8221;][vc_column][vc_column_text el_class=&#8221;section_title&#8221;] OSTEOPATIA [\/vc_column_text][vc_row_inner row_type=&#8221;row&#8221; type=&#8221;full_width&#8221; text_align=&#8221;left&#8221; css_animation=&#8221;&#8221;][vc_column_inner width=&#8221;1\/3&#8243;][vc_single_image image=&#8221;2033&#8243; img_size=&#8221;full&#8221; qode_css_animation=&#8221;&#8221;][vc_separator type=&#8221;transparent&#8221; up=&#8221;20&#8243;][vc_separator...","og_url":"https:\/\/www.fisiobalance.cat\/ca\/osteopatia\/","og_site_name":"Fisiobalance","article_modified_time":"2022-04-11T10:54:56+00:00","twitter_card":"summary_large_image","twitter_misc":{"Temps estimat de lectura":"3 minuts"},"schema":{"@context":"https:\/\/schema.org","@graph":[{"@type":"WebPage","@id":"https:\/\/www.fisiobalance.cat\/ca\/osteopatia\/","url":"https:\/\/www.fisiobalance.cat\/ca\/osteopatia\/","name":"Osteopatia - Fisiobalance","isPartOf":{"@id":"https:\/\/www.fisiobalance.cat\/#website"},"datePublished":"2018-06-16T09:01:35+00:00","dateModified":"2022-04-11T10:54:56+00:00","breadcrumb":{"@id":"https:\/\/www.fisiobalance.cat\/ca\/osteopatia\/#breadcrumb"},"inLanguage":"ca","potentialAction":[{"@type":"ReadAction","target":["https:\/\/www.fisiobalance.cat\/ca\/osteopatia\/"]}]},{"@type":"BreadcrumbList","@id":"https:\/\/www.fisiobalance.cat\/ca\/osteopatia\/#breadcrumb","itemListElement":[{"@type":"ListItem","position":1,"name":"Portada","item":"https:\/\/www.fisiobalance.cat\/ca\/"},{"@type":"ListItem","position":2,"name":"Osteopatia"}]},{"@type":"WebSite","@id":"https:\/\/www.fisiobalance.cat\/#website","url":"https:\/\/www.fisiobalance.cat\/","name":"Fisiobalance","description":"","publisher":{"@id":"https:\/\/www.fisiobalance.cat\/#organization"},"potentialAction":[{"@type":"SearchAction","target":{"@type":"EntryPoint","urlTemplate":"https:\/\/www.fisiobalance.cat\/?s={search_term_string}"},"query-input":{"@type":"PropertyValueSpecification","valueRequired":true,"valueName":"search_term_string"}}],"inLanguage":"ca"},{"@type":"Organization","@id":"https:\/\/www.fisiobalance.cat\/#organization","name":"Fisiobalance","url":"https:\/\/www.fisiobalance.cat\/","logo":{"@type":"ImageObject","inLanguage":"ca","@id":"https:\/\/www.fisiobalance.cat\/#\/schema\/logo\/image\/","url":"https:\/\/www.fisiobalance.cat\/wp-content\/uploads\/2018\/06\/fisiobalance_logo.png","contentUrl":"https:\/\/www.fisiobalance.cat\/wp-content\/uploads\/2018\/06\/fisiobalance_logo.png","width":369,"height":53,"caption":"Fisiobalance"},"image":{"@id":"https:\/\/www.fisiobalance.cat\/#\/schema\/logo\/image\/"}}]}},"_links":{"self":[{"href":"https:\/\/www.fisiobalance.cat\/ca\/wp-json\/wp\/v2\/pages\/200","targetHints":{"allow":["GET"]}}],"collection":[{"href":"https:\/\/www.fisiobalance.cat\/ca\/wp-json\/wp\/v2\/pages"}],"about":[{"href":"https:\/\/www.fisiobalance.cat\/ca\/wp-json\/wp\/v2\/types\/page"}],"author":[{"embeddable":true,"href":"https:\/\/www.fisiobalance.cat\/ca\/wp-json\/wp\/v2\/users\/1"}],"replies":[{"embeddable":true,"href":"https:\/\/www.fisiobalance.cat\/ca\/wp-json\/wp\/v2\/comments?post=200"}],"version-history":[{"count":17,"href":"https:\/\/www.fisiobalance.cat\/ca\/wp-json\/wp\/v2\/pages\/200\/revisions"}],"predecessor-version":[{"id":2233,"href":"https:\/\/www.fisiobalance.cat\/ca\/wp-json\/wp\/v2\/pages\/200\/revisions\/2233"}],"wp:attachment":[{"href":"https:\/\/www.fisiobalance.cat\/ca\/wp-json\/wp\/v2\/media?parent=200"}],"curies":[{"name":"wp","href":"https:\/\/api.w.org\/{rel}","templated":true}]}}