{"id":201,"date":"2018-06-16T12:48:14","date_gmt":"2018-06-16T10:48:14","guid":{"rendered":"https:\/\/www.fisiobalance.cat\/politica-de-cookies\/"},"modified":"2020-11-29T19:51:35","modified_gmt":"2020-11-29T18:51:35","slug":"politica-de-cookies","status":"publish","type":"page","link":"https:\/\/www.fisiobalance.cat\/ca\/politica-de-cookies\/","title":{"rendered":"Pol\u00edtica de cookies"},"content":{"rendered":"<div class=\"wpb-content-wrapper\"><p>[vc_row css_animation=&#8221;&#8221; row_type=&#8221;row&#8221; use_row_as_full_screen_section=&#8221;no&#8221; type=&#8221;grid&#8221; angled_section=&#8221;no&#8221; text_align=&#8221;left&#8221; background_image_as_pattern=&#8221;without_pattern&#8221; padding_top=&#8221;60&#8243; padding_bottom=&#8221;60&#8243; z_index=&#8221;&#8221;][vc_column][vc_column_text]<\/p>\n<div class=\"wpb_text_column wpb_content_element \">\n<div class=\"wpb_wrapper\">\n<div class=\"g\">\n<div data-hveid=\"58\" data-ved=\"0ahUKEwjaneftr8zaAhVDthQKHbS1D4IQFQg6KAEwAQ\">\n<div class=\"rc\">\n<div class=\"s\">\n<div>\n<p>Les cookies s\u00f3n petits arxius que s\u2019instal\u00b7len a l\u2019ordinador de l\u2019usuari i que permeten al responsable d\u2019un servei millorar la forma d\u2019interactuar entre els seus visitants i el seu lloc web. En alguns casos, la instal\u00b7laci\u00f3 d\u2019aquestes cookies requereixen del consentiment de l\u2019usuari.<\/p>\n<p>Existeixen diferents classes de cookies, afectades i no afectades per la Llei:<\/p>\n<p>Cookies no afectades:<\/p>\n<ul>\n<li><strong>T\u00e8cniques<\/strong>: S\u00f3n necess\u00e0ries per a la navegaci\u00f3. Sense elles la p\u00e0gina no funcionaria de forma adequada.<\/li>\n<li><strong>De personalitzaci\u00f3 o configuraci\u00f3<\/strong>: Permeten que la p\u00e0gina reconegui l\u2019idioma de l\u2019usuari, la mida de les lletres, etc.<\/li>\n<li><strong>De seguretat<\/strong>: Impedeixen o dificulten els atacs contra el lloc web o els seus usuaris.<\/li>\n<\/ul>\n<p>Cookies afectades:<\/p>\n<ul>\n<li><strong>Anal\u00edtiques<\/strong>: Permeten mesurar l\u2019activitat dels usuaris i elaborar estad\u00edstiques de navegaci\u00f3.<\/li>\n<li><strong>Publicit\u00e0ries<\/strong>: Gestionen la freq\u00fc\u00e8ncia i contingut dels anuncis.<\/li>\n<li><strong>De seguiment<\/strong>: Emmagatzemen informaci\u00f3 sobre els usuaris per a mostrar-los publicitat personalitzada.<\/li>\n<\/ul>\n<p>&nbsp;<\/p>\n<p>\u201cFisio Balance\u201d informa que el lloc web utilitza Google Analytics, un servei anal\u00edtic de web prestat per Google, Inc., una empresa de Delaware l\u2019oficina de la qual est\u00e0 al 1600 Amphitheatre Parkway, Mountain View (California), CA 94043, Estados Unidos (&#8220;Google&#8221;).<\/p>\n<p>Google Analytics utilitza cookies per ajudar al llos web a analitzar l\u2019\u00fas que fan els usuaris de la web. La informaci\u00f3 que genera la cookie sobre el seu \u00fas del lloc web (incloent la seva adre\u00e7a IP) ser\u00e0 directament transmesa i arxivada per Google als servidors d\u2019Estats Units.<\/p>\n<p>Llista de cookies:<br \/>\n<a href=\"https:\/\/developers.google.com\/analytics\/devguides\/collection\/analyticsjs\/cookie-usage?hl=es-419\">https:\/\/developers.google.com\/analytics\/devguides\/collection\/analyticsjs\/cookie-usage?hl=es-419<\/a><\/p>\n<p>Quan visita la web de \u201cFisio Balance\u201d, algunes cookies no les instal\u00b7lem nosaltres, sin\u00f3 tercers. Per exemple, si fa clic en un anunci d\u2019un tercer que apareix al lloc web (\u00e9s a dir, que anuncia un producte que no venen directament nosaltres), aquest tercer pot instal\u00b7lar cookies als seu dispositiu. Tenim una relaci\u00f3 comercial amb aquests tercers per\u00f2 no instal\u00b7lem les cookies al seu dispositiu. Per tant suggerim que vagi als llocs webs d\u2019aquests tercers per obtenir m\u00e9s informaci\u00f3 sobre les cookies que instal\u00b7len i com vost\u00e8 pot gestionar-les.<\/p>\n<p>Pot vost\u00e8 rebutjar el tractament de les dades o la informaci\u00f3 desactivant l\u2019\u00fas de cookies mitjan\u00e7ant la selecci\u00f3 de la configuraci\u00f3 apropiada del seu navegador, tot i que, ha de saber vost\u00e8 que si ho fa pot ser que no pugui utilitzar la plena funcionalitat del lloc web. A l\u2019utilitzar aquest lloc web vost\u00e8 consent el tractament d\u2019informaci\u00f3 sobre vost\u00e8 per Google de la forma i amb les finalitat a dalt indicades.<\/p>\n<p>Per a desactivar\/activar cookies al seu dispositiu, haur\u00e0 de fer-ho a trav\u00e9s del seu navegador d\u2019Internet.<\/p>\n<p>&nbsp;<\/p>\n<p>&#8220;Fisio Balance&#8221; informa que aquest lloc web fa servir <em>cookies<\/em> t\u00e8cniques i de configuraci\u00f3 que permeten el funcionament i la prestaci\u00f3 dels serveis oferts al mateix:<\/p>\n<p><strong>_icl_visitor_lang_js<br \/>\n<\/strong>Caducitat: Sessi\u00f3<br \/>\nDescripci\u00f3: Guarda l\u00b4idioma preferit de l&#8217; usuari al lloc web<\/p>\n<p><strong>wpml_browser_redirect_test<br \/>\n<\/strong>Caducitat: Sessi\u00f3<br \/>\nDescripci\u00f3: Permet detectar l\u00b4idioma de l&#8217;usuari i mostrar-li la p\u00e0gina o redirigir-lo a l\u00b4idioma correcte.<\/p>\n<p>&nbsp;<\/p>\n<p>&#8220;Fisio Balance&#8221; informa que aquest lloc web fa servir <em>cookies<\/em> de tercers:<\/p>\n<p><strong>_ga<\/strong><br \/>\nCaducitat: 2 anys<br \/>\nProve\u00efdor: Google<br \/>\nDescripci\u00f3: Anal\u00edtica. <span lang=\"CA\">S\u2019utilitza per a distingir als usuaris.<\/span><\/p>\n<p><strong>_gid<\/strong><br \/>\nCaducitat: 24 horas<br \/>\nProve\u00efdor: Google<br \/>\nDescripci\u00f3: Anal\u00edtica. <span lang=\"CA\">S\u2019utilitza per a distingir als usuaris.<\/span><\/p>\n<p><strong>_gat<\/strong><br \/>\nCaducitat: 1 minuto<br \/>\nProve\u00efdor: Google<br \/>\nDescripci\u00f3: Anal\u00edtica. <span lang=\"CA\">S\u2019utilitza per a limitar el percentatge de sol\u00b7licituds.<\/span><\/p>\n<p><strong>moove_gdpr_popup<br \/>\n<\/strong>Caducitat: 1 a\u00f1o<br \/>\nProve\u00efdor: Moove GDPR Popup Plugin<br \/>\nDescripci\u00f3n:Recorda la prefer\u00e8ncia de cookies d&#8217;un usuari i el consentiment otorgat o retirat per al lloc web actual.<\/p>\n<p><strong>Com desactivar\/actives les cookies de tercers?<\/strong><\/p>\n<p>Les cookies de tercers no les instal\u00b7lem nosaltres. Per tant li suggerim que miri als llocs web d\u2019aquests tercers per obtenir informaci\u00f3 sobre les cookies que instal\u00b7len i com les pot gestionar.<\/p>\n<\/div>\n<\/div>\n<\/div>\n<\/div>\n<\/div>\n<\/div>\n<\/div>\n<p>[\/vc_column_text][\/vc_column][\/vc_row][vc_row css_animation=&#8221;&#8221; row_type=&#8221;row&#8221; use_row_as_full_screen_section=&#8221;no&#8221; type=&#8221;grid&#8221; angled_section=&#8221;no&#8221; text_align=&#8221;left&#8221; background_image_as_pattern=&#8221;without_pattern&#8221; padding_bottom=&#8221;60&#8243; z_index=&#8221;&#8221;][vc_column][vc_column_text]Sempre que ho desitgis, pots canviar les teves prefer\u00e8ncies respecte les cookies aqu\u00ed: <a href=\"\/#gdpr_cookie_modal\">Canviar les meves prefer\u00e8ncies<\/a>.[\/vc_column_text][\/vc_column][\/vc_row]<\/p>\n<\/div>","protected":false},"excerpt":{"rendered":"<p>[vc_row css_animation=&#8221;&#8221; row_type=&#8221;row&#8221; use_row_as_full_screen_section=&#8221;no&#8221; type=&#8221;grid&#8221; angled_section=&#8221;no&#8221; text_align=&#8221;left&#8221; background_image_as_pattern=&#8221;without_pattern&#8221; padding_top=&#8221;60&#8243; padding_bottom=&#8221;60&#8243; z_index=&#8221;&#8221;][vc_column][vc_column_text] Les cookies s\u00f3n petits arxius que s\u2019instal\u00b7len a l\u2019ordinador de l\u2019usuari i que permeten al responsable d\u2019un servei millorar la forma d\u2019interactuar entre els seus visitants i el seu lloc web. En alguns casos,&#8230;<\/p>\n","protected":false},"author":1,"featured_media":0,"parent":0,"menu_order":0,"comment_status":"closed","ping_status":"closed","template":"full_width.php","meta":{"footnotes":""},"class_list":["post-201","page","type-page","status-publish","hentry"],"yoast_head":"<!-- This site is optimized with the Yoast SEO plugin v26.3 - https:\/\/yoast.com\/wordpress\/plugins\/seo\/ -->\n<title>Pol\u00edtica de cookies - Fisiobalance<\/title>\n<meta name=\"robots\" content=\"index, follow, max-snippet:-1, max-image-preview:large, max-video-preview:-1\" \/>\n<link rel=\"canonical\" href=\"https:\/\/www.fisiobalance.cat\/ca\/politica-de-cookies\/\" \/>\n<meta property=\"og:locale\" content=\"ca_ES\" \/>\n<meta property=\"og:type\" content=\"article\" \/>\n<meta property=\"og:title\" content=\"Pol\u00edtica de cookies - Fisiobalance\" \/>\n<meta property=\"og:description\" content=\"[vc_row css_animation=&#8221;&#8221; row_type=&#8221;row&#8221; use_row_as_full_screen_section=&#8221;no&#8221; type=&#8221;grid&#8221; angled_section=&#8221;no&#8221; text_align=&#8221;left&#8221; background_image_as_pattern=&#8221;without_pattern&#8221; padding_top=&#8221;60&#8243; padding_bottom=&#8221;60&#8243; z_index=&#8221;&#8221;][vc_column][vc_column_text] Les cookies s\u00f3n petits arxius que s\u2019instal\u00b7len a l\u2019ordinador de l\u2019usuari i que permeten al responsable d\u2019un servei millorar la forma d\u2019interactuar entre els seus visitants i el seu lloc web. En alguns casos,...\" \/>\n<meta property=\"og:url\" content=\"https:\/\/www.fisiobalance.cat\/ca\/politica-de-cookies\/\" \/>\n<meta property=\"og:site_name\" content=\"Fisiobalance\" \/>\n<meta property=\"article:modified_time\" content=\"2020-11-29T18:51:35+00:00\" \/>\n<meta name=\"twitter:card\" content=\"summary_large_image\" \/>\n<meta name=\"twitter:label1\" content=\"Temps estimat de lectura\" \/>\n\t<meta name=\"twitter:data1\" content=\"4 minuts\" \/>\n<script type=\"application\/ld+json\" class=\"yoast-schema-graph\">{\"@context\":\"https:\/\/schema.org\",\"@graph\":[{\"@type\":\"WebPage\",\"@id\":\"https:\/\/www.fisiobalance.cat\/ca\/politica-de-cookies\/\",\"url\":\"https:\/\/www.fisiobalance.cat\/ca\/politica-de-cookies\/\",\"name\":\"Pol\u00edtica de cookies - Fisiobalance\",\"isPartOf\":{\"@id\":\"https:\/\/www.fisiobalance.cat\/#website\"},\"datePublished\":\"2018-06-16T10:48:14+00:00\",\"dateModified\":\"2020-11-29T18:51:35+00:00\",\"breadcrumb\":{\"@id\":\"https:\/\/www.fisiobalance.cat\/ca\/politica-de-cookies\/#breadcrumb\"},\"inLanguage\":\"ca\",\"potentialAction\":[{\"@type\":\"ReadAction\",\"target\":[\"https:\/\/www.fisiobalance.cat\/ca\/politica-de-cookies\/\"]}]},{\"@type\":\"BreadcrumbList\",\"@id\":\"https:\/\/www.fisiobalance.cat\/ca\/politica-de-cookies\/#breadcrumb\",\"itemListElement\":[{\"@type\":\"ListItem\",\"position\":1,\"name\":\"Portada\",\"item\":\"https:\/\/www.fisiobalance.cat\/ca\/\"},{\"@type\":\"ListItem\",\"position\":2,\"name\":\"Pol\u00edtica de cookies\"}]},{\"@type\":\"WebSite\",\"@id\":\"https:\/\/www.fisiobalance.cat\/#website\",\"url\":\"https:\/\/www.fisiobalance.cat\/\",\"name\":\"Fisiobalance\",\"description\":\"\",\"publisher\":{\"@id\":\"https:\/\/www.fisiobalance.cat\/#organization\"},\"potentialAction\":[{\"@type\":\"SearchAction\",\"target\":{\"@type\":\"EntryPoint\",\"urlTemplate\":\"https:\/\/www.fisiobalance.cat\/?s={search_term_string}\"},\"query-input\":{\"@type\":\"PropertyValueSpecification\",\"valueRequired\":true,\"valueName\":\"search_term_string\"}}],\"inLanguage\":\"ca\"},{\"@type\":\"Organization\",\"@id\":\"https:\/\/www.fisiobalance.cat\/#organization\",\"name\":\"Fisiobalance\",\"url\":\"https:\/\/www.fisiobalance.cat\/\",\"logo\":{\"@type\":\"ImageObject\",\"inLanguage\":\"ca\",\"@id\":\"https:\/\/www.fisiobalance.cat\/#\/schema\/logo\/image\/\",\"url\":\"https:\/\/www.fisiobalance.cat\/wp-content\/uploads\/2018\/06\/fisiobalance_logo.png\",\"contentUrl\":\"https:\/\/www.fisiobalance.cat\/wp-content\/uploads\/2018\/06\/fisiobalance_logo.png\",\"width\":369,\"height\":53,\"caption\":\"Fisiobalance\"},\"image\":{\"@id\":\"https:\/\/www.fisiobalance.cat\/#\/schema\/logo\/image\/\"}}]}<\/script>\n<!-- \/ Yoast SEO plugin. -->","yoast_head_json":{"title":"Pol\u00edtica de cookies - Fisiobalance","robots":{"index":"index","follow":"follow","max-snippet":"max-snippet:-1","max-image-preview":"max-image-preview:large","max-video-preview":"max-video-preview:-1"},"canonical":"https:\/\/www.fisiobalance.cat\/ca\/politica-de-cookies\/","og_locale":"ca_ES","og_type":"article","og_title":"Pol\u00edtica de cookies - Fisiobalance","og_description":"[vc_row css_animation=&#8221;&#8221; row_type=&#8221;row&#8221; use_row_as_full_screen_section=&#8221;no&#8221; type=&#8221;grid&#8221; angled_section=&#8221;no&#8221; text_align=&#8221;left&#8221; background_image_as_pattern=&#8221;without_pattern&#8221; padding_top=&#8221;60&#8243; padding_bottom=&#8221;60&#8243; z_index=&#8221;&#8221;][vc_column][vc_column_text] Les cookies s\u00f3n petits arxius que s\u2019instal\u00b7len a l\u2019ordinador de l\u2019usuari i que permeten al responsable d\u2019un servei millorar la forma d\u2019interactuar entre els seus visitants i el seu lloc web. En alguns casos,...","og_url":"https:\/\/www.fisiobalance.cat\/ca\/politica-de-cookies\/","og_site_name":"Fisiobalance","article_modified_time":"2020-11-29T18:51:35+00:00","twitter_card":"summary_large_image","twitter_misc":{"Temps estimat de lectura":"4 minuts"},"schema":{"@context":"https:\/\/schema.org","@graph":[{"@type":"WebPage","@id":"https:\/\/www.fisiobalance.cat\/ca\/politica-de-cookies\/","url":"https:\/\/www.fisiobalance.cat\/ca\/politica-de-cookies\/","name":"Pol\u00edtica de cookies - Fisiobalance","isPartOf":{"@id":"https:\/\/www.fisiobalance.cat\/#website"},"datePublished":"2018-06-16T10:48:14+00:00","dateModified":"2020-11-29T18:51:35+00:00","breadcrumb":{"@id":"https:\/\/www.fisiobalance.cat\/ca\/politica-de-cookies\/#breadcrumb"},"inLanguage":"ca","potentialAction":[{"@type":"ReadAction","target":["https:\/\/www.fisiobalance.cat\/ca\/politica-de-cookies\/"]}]},{"@type":"BreadcrumbList","@id":"https:\/\/www.fisiobalance.cat\/ca\/politica-de-cookies\/#breadcrumb","itemListElement":[{"@type":"ListItem","position":1,"name":"Portada","item":"https:\/\/www.fisiobalance.cat\/ca\/"},{"@type":"ListItem","position":2,"name":"Pol\u00edtica de cookies"}]},{"@type":"WebSite","@id":"https:\/\/www.fisiobalance.cat\/#website","url":"https:\/\/www.fisiobalance.cat\/","name":"Fisiobalance","description":"","publisher":{"@id":"https:\/\/www.fisiobalance.cat\/#organization"},"potentialAction":[{"@type":"SearchAction","target":{"@type":"EntryPoint","urlTemplate":"https:\/\/www.fisiobalance.cat\/?s={search_term_string}"},"query-input":{"@type":"PropertyValueSpecification","valueRequired":true,"valueName":"search_term_string"}}],"inLanguage":"ca"},{"@type":"Organization","@id":"https:\/\/www.fisiobalance.cat\/#organization","name":"Fisiobalance","url":"https:\/\/www.fisiobalance.cat\/","logo":{"@type":"ImageObject","inLanguage":"ca","@id":"https:\/\/www.fisiobalance.cat\/#\/schema\/logo\/image\/","url":"https:\/\/www.fisiobalance.cat\/wp-content\/uploads\/2018\/06\/fisiobalance_logo.png","contentUrl":"https:\/\/www.fisiobalance.cat\/wp-content\/uploads\/2018\/06\/fisiobalance_logo.png","width":369,"height":53,"caption":"Fisiobalance"},"image":{"@id":"https:\/\/www.fisiobalance.cat\/#\/schema\/logo\/image\/"}}]}},"_links":{"self":[{"href":"https:\/\/www.fisiobalance.cat\/ca\/wp-json\/wp\/v2\/pages\/201","targetHints":{"allow":["GET"]}}],"collection":[{"href":"https:\/\/www.fisiobalance.cat\/ca\/wp-json\/wp\/v2\/pages"}],"about":[{"href":"https:\/\/www.fisiobalance.cat\/ca\/wp-json\/wp\/v2\/types\/page"}],"author":[{"embeddable":true,"href":"https:\/\/www.fisiobalance.cat\/ca\/wp-json\/wp\/v2\/users\/1"}],"replies":[{"embeddable":true,"href":"https:\/\/www.fisiobalance.cat\/ca\/wp-json\/wp\/v2\/comments?post=201"}],"version-history":[{"count":7,"href":"https:\/\/www.fisiobalance.cat\/ca\/wp-json\/wp\/v2\/pages\/201\/revisions"}],"predecessor-version":[{"id":1417,"href":"https:\/\/www.fisiobalance.cat\/ca\/wp-json\/wp\/v2\/pages\/201\/revisions\/1417"}],"wp:attachment":[{"href":"https:\/\/www.fisiobalance.cat\/ca\/wp-json\/wp\/v2\/media?parent=201"}],"curies":[{"name":"wp","href":"https:\/\/api.w.org\/{rel}","templated":true}]}}