{"id":202,"date":"2018-06-16T11:52:49","date_gmt":"2018-06-16T09:52:49","guid":{"rendered":"https:\/\/www.fisiobalance.cat\/reserva-tu-cita\/"},"modified":"2022-04-11T12:55:09","modified_gmt":"2022-04-11T10:55:09","slug":"reserva-la-teva-cita","status":"publish","type":"page","link":"https:\/\/www.fisiobalance.cat\/ca\/reserva-la-teva-cita\/","title":{"rendered":"Reserva la teva cita"},"content":{"rendered":"<div class=\"wpb-content-wrapper\"><p>[vc_row css_animation=&#8221;element_from_fade&#8221; row_type=&#8221;row&#8221; use_row_as_full_screen_section=&#8221;no&#8221; type=&#8221;grid&#8221; angled_section=&#8221;no&#8221; text_align=&#8221;center&#8221; background_image_as_pattern=&#8221;without_pattern&#8221; background_color=&#8221;#00a8b8&#8243; padding_top=&#8221;20&#8243; padding_bottom=&#8221;20&#8243; z_index=&#8221;&#8221; el_class=&#8221;home_res&#8221;][vc_column][vc_column_text]<\/p>\n<ul>\n<li>FISIOTER\u00c0PIA MANUAL<\/li>\n<li>OSTEOPATIA<\/li>\n<li>MASSATGE ESPORTIU<\/li>\n<li>FISIOTER\u00c0PIA PRE I POST PART<\/li>\n<\/ul>\n<p>[\/vc_column_text][\/vc_column][\/vc_row][vc_row css_animation=&#8221;element_from_fade&#8221; row_type=&#8221;row&#8221; use_row_as_full_screen_section=&#8221;no&#8221; type=&#8221;grid&#8221; angled_section=&#8221;no&#8221; text_align=&#8221;center&#8221; background_image_as_pattern=&#8221;without_pattern&#8221; padding_top=&#8221;60&#8243; padding_bottom=&#8221;30&#8243; z_index=&#8221;&#8221;][vc_column][vc_column_text el_class=&#8221;section_title&#8221;]<\/p>\n<h1 style=\"text-align: center;\">VINE A CON\u00c8IXER FISIOBALANCE<\/h1>\n<p>[\/vc_column_text][vc_column_text]<\/p>\n<p style=\"text-align: center;\">Si us plau, omple les teves dades per demanar cita en el nostre centre, tingues en compte que les dades amb (*) s\u00f3n obligatoris.<br \/>\nEn cas de no haver cites disponibles contacta amb nosaltres per correu electr\u00f2nic, tel\u00e8fon o mitjan\u00e7ant el nostre formulari de contacte.<\/p>\n<p>[\/vc_column_text][vc_separator type=&#8221;transparent&#8221; up=&#8221;20&#8243;]<a  itemprop=\"url\" href=\"https:\/\/app.clinic-cloud.com\/citaonline.php\/fisiobalance\" target=\"_blank\"  class=\"qbutton  default\" style=\"\">RESERVA LA TEVA CITA<\/a>[\/vc_column][\/vc_row]<\/p>\n<\/div>","protected":false},"excerpt":{"rendered":"<p>[vc_row css_animation=&#8221;element_from_fade&#8221; row_type=&#8221;row&#8221; use_row_as_full_screen_section=&#8221;no&#8221; type=&#8221;grid&#8221; angled_section=&#8221;no&#8221; text_align=&#8221;center&#8221; background_image_as_pattern=&#8221;without_pattern&#8221; background_color=&#8221;#00a8b8&#8243; padding_top=&#8221;20&#8243; padding_bottom=&#8221;20&#8243; z_index=&#8221;&#8221; el_class=&#8221;home_res&#8221;][vc_column][vc_column_text] FISIOTER\u00c0PIA MANUAL OSTEOPATIA MASSATGE ESPORTIU FISIOTER\u00c0PIA PRE I POST PART [\/vc_column_text][\/vc_column][\/vc_row][vc_row css_animation=&#8221;element_from_fade&#8221; row_type=&#8221;row&#8221; use_row_as_full_screen_section=&#8221;no&#8221; type=&#8221;grid&#8221; angled_section=&#8221;no&#8221; text_align=&#8221;center&#8221; background_image_as_pattern=&#8221;without_pattern&#8221; padding_top=&#8221;60&#8243; padding_bottom=&#8221;30&#8243; z_index=&#8221;&#8221;][vc_column][vc_column_text el_class=&#8221;section_title&#8221;] VINE A CON\u00c8IXER FISIOBALANCE [\/vc_column_text][vc_column_text] Si us plau, omple les&#8230;<\/p>\n","protected":false},"author":1,"featured_media":0,"parent":0,"menu_order":0,"comment_status":"closed","ping_status":"closed","template":"full_width.php","meta":{"footnotes":""},"class_list":["post-202","page","type-page","status-publish","hentry"],"yoast_head":"<!-- This site is optimized with the Yoast SEO plugin v26.3 - https:\/\/yoast.com\/wordpress\/plugins\/seo\/ -->\n<title>Reserva la teva cita - Fisiobalance<\/title>\n<meta name=\"robots\" content=\"index, follow, max-snippet:-1, max-image-preview:large, max-video-preview:-1\" \/>\n<link rel=\"canonical\" href=\"https:\/\/www.fisiobalance.cat\/ca\/reserva-la-teva-cita\/\" \/>\n<meta property=\"og:locale\" content=\"ca_ES\" \/>\n<meta property=\"og:type\" content=\"article\" \/>\n<meta property=\"og:title\" content=\"Reserva la teva cita - Fisiobalance\" \/>\n<meta property=\"og:description\" content=\"[vc_row css_animation=&#8221;element_from_fade&#8221; row_type=&#8221;row&#8221; use_row_as_full_screen_section=&#8221;no&#8221; type=&#8221;grid&#8221; angled_section=&#8221;no&#8221; text_align=&#8221;center&#8221; background_image_as_pattern=&#8221;without_pattern&#8221; background_color=&#8221;#00a8b8&#8243; padding_top=&#8221;20&#8243; padding_bottom=&#8221;20&#8243; z_index=&#8221;&#8221; el_class=&#8221;home_res&#8221;][vc_column][vc_column_text] FISIOTER\u00c0PIA MANUAL OSTEOPATIA MASSATGE ESPORTIU FISIOTER\u00c0PIA PRE I POST PART [\/vc_column_text][\/vc_column][\/vc_row][vc_row css_animation=&#8221;element_from_fade&#8221; row_type=&#8221;row&#8221; use_row_as_full_screen_section=&#8221;no&#8221; type=&#8221;grid&#8221; angled_section=&#8221;no&#8221; text_align=&#8221;center&#8221; background_image_as_pattern=&#8221;without_pattern&#8221; padding_top=&#8221;60&#8243; padding_bottom=&#8221;30&#8243; z_index=&#8221;&#8221;][vc_column][vc_column_text el_class=&#8221;section_title&#8221;] VINE A CON\u00c8IXER FISIOBALANCE [\/vc_column_text][vc_column_text] Si us plau, omple les...\" \/>\n<meta property=\"og:url\" content=\"https:\/\/www.fisiobalance.cat\/ca\/reserva-la-teva-cita\/\" \/>\n<meta property=\"og:site_name\" content=\"Fisiobalance\" \/>\n<meta property=\"article:modified_time\" content=\"2022-04-11T10:55:09+00:00\" \/>\n<meta name=\"twitter:card\" content=\"summary_large_image\" \/>\n<meta name=\"twitter:label1\" content=\"Temps estimat de lectura\" \/>\n\t<meta name=\"twitter:data1\" content=\"1 minut\" \/>\n<script type=\"application\/ld+json\" class=\"yoast-schema-graph\">{\"@context\":\"https:\/\/schema.org\",\"@graph\":[{\"@type\":\"WebPage\",\"@id\":\"https:\/\/www.fisiobalance.cat\/ca\/reserva-la-teva-cita\/\",\"url\":\"https:\/\/www.fisiobalance.cat\/ca\/reserva-la-teva-cita\/\",\"name\":\"Reserva la teva cita - Fisiobalance\",\"isPartOf\":{\"@id\":\"https:\/\/www.fisiobalance.cat\/#website\"},\"datePublished\":\"2018-06-16T09:52:49+00:00\",\"dateModified\":\"2022-04-11T10:55:09+00:00\",\"breadcrumb\":{\"@id\":\"https:\/\/www.fisiobalance.cat\/ca\/reserva-la-teva-cita\/#breadcrumb\"},\"inLanguage\":\"ca\",\"potentialAction\":[{\"@type\":\"ReadAction\",\"target\":[\"https:\/\/www.fisiobalance.cat\/ca\/reserva-la-teva-cita\/\"]}]},{\"@type\":\"BreadcrumbList\",\"@id\":\"https:\/\/www.fisiobalance.cat\/ca\/reserva-la-teva-cita\/#breadcrumb\",\"itemListElement\":[{\"@type\":\"ListItem\",\"position\":1,\"name\":\"Portada\",\"item\":\"https:\/\/www.fisiobalance.cat\/ca\/\"},{\"@type\":\"ListItem\",\"position\":2,\"name\":\"Reserva la teva cita\"}]},{\"@type\":\"WebSite\",\"@id\":\"https:\/\/www.fisiobalance.cat\/#website\",\"url\":\"https:\/\/www.fisiobalance.cat\/\",\"name\":\"Fisiobalance\",\"description\":\"\",\"publisher\":{\"@id\":\"https:\/\/www.fisiobalance.cat\/#organization\"},\"potentialAction\":[{\"@type\":\"SearchAction\",\"target\":{\"@type\":\"EntryPoint\",\"urlTemplate\":\"https:\/\/www.fisiobalance.cat\/?s={search_term_string}\"},\"query-input\":{\"@type\":\"PropertyValueSpecification\",\"valueRequired\":true,\"valueName\":\"search_term_string\"}}],\"inLanguage\":\"ca\"},{\"@type\":\"Organization\",\"@id\":\"https:\/\/www.fisiobalance.cat\/#organization\",\"name\":\"Fisiobalance\",\"url\":\"https:\/\/www.fisiobalance.cat\/\",\"logo\":{\"@type\":\"ImageObject\",\"inLanguage\":\"ca\",\"@id\":\"https:\/\/www.fisiobalance.cat\/#\/schema\/logo\/image\/\",\"url\":\"https:\/\/www.fisiobalance.cat\/wp-content\/uploads\/2018\/06\/fisiobalance_logo.png\",\"contentUrl\":\"https:\/\/www.fisiobalance.cat\/wp-content\/uploads\/2018\/06\/fisiobalance_logo.png\",\"width\":369,\"height\":53,\"caption\":\"Fisiobalance\"},\"image\":{\"@id\":\"https:\/\/www.fisiobalance.cat\/#\/schema\/logo\/image\/\"}}]}<\/script>\n<!-- \/ Yoast SEO plugin. -->","yoast_head_json":{"title":"Reserva la teva cita - Fisiobalance","robots":{"index":"index","follow":"follow","max-snippet":"max-snippet:-1","max-image-preview":"max-image-preview:large","max-video-preview":"max-video-preview:-1"},"canonical":"https:\/\/www.fisiobalance.cat\/ca\/reserva-la-teva-cita\/","og_locale":"ca_ES","og_type":"article","og_title":"Reserva la teva cita - Fisiobalance","og_description":"[vc_row css_animation=&#8221;element_from_fade&#8221; row_type=&#8221;row&#8221; use_row_as_full_screen_section=&#8221;no&#8221; type=&#8221;grid&#8221; angled_section=&#8221;no&#8221; text_align=&#8221;center&#8221; background_image_as_pattern=&#8221;without_pattern&#8221; background_color=&#8221;#00a8b8&#8243; padding_top=&#8221;20&#8243; padding_bottom=&#8221;20&#8243; z_index=&#8221;&#8221; el_class=&#8221;home_res&#8221;][vc_column][vc_column_text] FISIOTER\u00c0PIA MANUAL OSTEOPATIA MASSATGE ESPORTIU FISIOTER\u00c0PIA PRE I POST PART [\/vc_column_text][\/vc_column][\/vc_row][vc_row css_animation=&#8221;element_from_fade&#8221; row_type=&#8221;row&#8221; use_row_as_full_screen_section=&#8221;no&#8221; type=&#8221;grid&#8221; angled_section=&#8221;no&#8221; text_align=&#8221;center&#8221; background_image_as_pattern=&#8221;without_pattern&#8221; padding_top=&#8221;60&#8243; padding_bottom=&#8221;30&#8243; z_index=&#8221;&#8221;][vc_column][vc_column_text el_class=&#8221;section_title&#8221;] VINE A CON\u00c8IXER FISIOBALANCE [\/vc_column_text][vc_column_text] Si us plau, omple les...","og_url":"https:\/\/www.fisiobalance.cat\/ca\/reserva-la-teva-cita\/","og_site_name":"Fisiobalance","article_modified_time":"2022-04-11T10:55:09+00:00","twitter_card":"summary_large_image","twitter_misc":{"Temps estimat de lectura":"1 minut"},"schema":{"@context":"https:\/\/schema.org","@graph":[{"@type":"WebPage","@id":"https:\/\/www.fisiobalance.cat\/ca\/reserva-la-teva-cita\/","url":"https:\/\/www.fisiobalance.cat\/ca\/reserva-la-teva-cita\/","name":"Reserva la teva cita - Fisiobalance","isPartOf":{"@id":"https:\/\/www.fisiobalance.cat\/#website"},"datePublished":"2018-06-16T09:52:49+00:00","dateModified":"2022-04-11T10:55:09+00:00","breadcrumb":{"@id":"https:\/\/www.fisiobalance.cat\/ca\/reserva-la-teva-cita\/#breadcrumb"},"inLanguage":"ca","potentialAction":[{"@type":"ReadAction","target":["https:\/\/www.fisiobalance.cat\/ca\/reserva-la-teva-cita\/"]}]},{"@type":"BreadcrumbList","@id":"https:\/\/www.fisiobalance.cat\/ca\/reserva-la-teva-cita\/#breadcrumb","itemListElement":[{"@type":"ListItem","position":1,"name":"Portada","item":"https:\/\/www.fisiobalance.cat\/ca\/"},{"@type":"ListItem","position":2,"name":"Reserva la teva cita"}]},{"@type":"WebSite","@id":"https:\/\/www.fisiobalance.cat\/#website","url":"https:\/\/www.fisiobalance.cat\/","name":"Fisiobalance","description":"","publisher":{"@id":"https:\/\/www.fisiobalance.cat\/#organization"},"potentialAction":[{"@type":"SearchAction","target":{"@type":"EntryPoint","urlTemplate":"https:\/\/www.fisiobalance.cat\/?s={search_term_string}"},"query-input":{"@type":"PropertyValueSpecification","valueRequired":true,"valueName":"search_term_string"}}],"inLanguage":"ca"},{"@type":"Organization","@id":"https:\/\/www.fisiobalance.cat\/#organization","name":"Fisiobalance","url":"https:\/\/www.fisiobalance.cat\/","logo":{"@type":"ImageObject","inLanguage":"ca","@id":"https:\/\/www.fisiobalance.cat\/#\/schema\/logo\/image\/","url":"https:\/\/www.fisiobalance.cat\/wp-content\/uploads\/2018\/06\/fisiobalance_logo.png","contentUrl":"https:\/\/www.fisiobalance.cat\/wp-content\/uploads\/2018\/06\/fisiobalance_logo.png","width":369,"height":53,"caption":"Fisiobalance"},"image":{"@id":"https:\/\/www.fisiobalance.cat\/#\/schema\/logo\/image\/"}}]}},"_links":{"self":[{"href":"https:\/\/www.fisiobalance.cat\/ca\/wp-json\/wp\/v2\/pages\/202","targetHints":{"allow":["GET"]}}],"collection":[{"href":"https:\/\/www.fisiobalance.cat\/ca\/wp-json\/wp\/v2\/pages"}],"about":[{"href":"https:\/\/www.fisiobalance.cat\/ca\/wp-json\/wp\/v2\/types\/page"}],"author":[{"embeddable":true,"href":"https:\/\/www.fisiobalance.cat\/ca\/wp-json\/wp\/v2\/users\/1"}],"replies":[{"embeddable":true,"href":"https:\/\/www.fisiobalance.cat\/ca\/wp-json\/wp\/v2\/comments?post=202"}],"version-history":[{"count":5,"href":"https:\/\/www.fisiobalance.cat\/ca\/wp-json\/wp\/v2\/pages\/202\/revisions"}],"predecessor-version":[{"id":2234,"href":"https:\/\/www.fisiobalance.cat\/ca\/wp-json\/wp\/v2\/pages\/202\/revisions\/2234"}],"wp:attachment":[{"href":"https:\/\/www.fisiobalance.cat\/ca\/wp-json\/wp\/v2\/media?parent=202"}],"curies":[{"name":"wp","href":"https:\/\/api.w.org\/{rel}","templated":true}]}}