{"id":2424,"date":"2021-11-03T13:17:58","date_gmt":"2021-11-03T12:17:58","guid":{"rendered":"https:\/\/www.fisiobalance.cat\/coneix-nos\/camila-velasquez-2\/"},"modified":"2025-05-20T14:56:49","modified_gmt":"2025-05-20T12:56:49","slug":"camila-velasquez","status":"publish","type":"page","link":"https:\/\/www.fisiobalance.cat\/ca\/coneix-nos\/camila-velasquez\/","title":{"rendered":"Camila Vel\u00e1squez"},"content":{"rendered":"<div class=\"wpb-content-wrapper\"><p>[vc_row css_animation=&#8221;element_from_fade&#8221; row_type=&#8221;row&#8221; use_row_as_full_screen_section=&#8221;no&#8221; type=&#8221;grid&#8221; angled_section=&#8221;no&#8221; text_align=&#8221;center&#8221; background_image_as_pattern=&#8221;without_pattern&#8221; background_color=&#8221;#00a8b8&#8243; padding_top=&#8221;20&#8243; padding_bottom=&#8221;20&#8243; z_index=&#8221;&#8221; el_class=&#8221;home_res&#8221;][vc_column][vc_column_text]<\/p>\n<ul>\n<li>FISIOTERAPIA MANUAL<\/li>\n<li>OSTEOPAT\u00cdA<\/li>\n<li>FISIOTERAPIA PRE Y POST PARTO<\/li>\n<\/ul>\n<p>[\/vc_column_text][\/vc_column][\/vc_row][vc_row css_animation=&#8221;element_from_fade&#8221; row_type=&#8221;row&#8221; use_row_as_full_screen_section=&#8221;no&#8221; type=&#8221;grid&#8221; angled_section=&#8221;no&#8221; text_align=&#8221;center&#8221; background_image_as_pattern=&#8221;without_pattern&#8221; padding_top=&#8221;30&#8243; padding_bottom=&#8221;80&#8243; z_index=&#8221;&#8221;][vc_column][vc_column_text el_class=&#8221;section_title&#8221;]<\/p>\n<h1 style=\"text-align: center;\">FISIOBALANCE, TU CENTRO DE FISIOTERAPIA Y OSTEOPATIA<\/h1>\n<p>[\/vc_column_text][vc_row_inner row_type=&#8221;row&#8221; type=&#8221;full_width&#8221; text_align=&#8221;left&#8221; padding_top=&#8221;40&#8243; css_animation=&#8221;&#8221; el_class=&#8221;conocenos_equipo&#8221;][vc_column_inner width=&#8221;1\/3&#8243;][vc_single_image image=&#8221;5518&#8243; img_size=&#8221;full&#8221; qode_css_animation=&#8221;&#8221;][\/vc_column_inner][vc_column_inner width=&#8221;2\/3&#8243;][vc_column_text el_class=&#8221;ulst1&#8243;]<\/p>\n<h4>CAMILA VEL\u00c1SQUEZ<\/h4>\n<h5>FISIOTERAPEUTA Y ACUPUNTURISTA<\/h5>\n<p>\u201dAl tiro\u201d os presentamos a Camila Vel\u00e1squez, nuestra chilena preferida.<br \/>\nCamila est\u00e1 totalmente enamorada de Catalu\u00f1a y de sus monta\u00f1as, escala los Pirineos como, Siurana o Margalef. El yoga, su otra pasi\u00f3n.<br \/>\nDe esp\u00edritu libre y con una energ\u00eda de lo m\u00e1s contagiosa!<\/p>\n<p><strong>Formaci\u00f3n<\/strong><\/p>\n<ul>\n<li>Fisioterapeuta formada en la Universidad de Chile (t\u00edtulo revalidado en Espa\u00f1a).<\/li>\n<li>Acupuntura con convenio CEMET (3 a\u00f1os de formaci\u00f3n).<\/li>\n<li>M\u00e1ster en Mindfulness. Nivel I, II y III.<\/li>\n<li>Especialista en geriatr\u00eda, neurolog\u00eda, fisioterapia respiratoria y dolor cr\u00f3nico.<\/li>\n<\/ul>\n<p>[\/vc_column_text][\/vc_column_inner][\/vc_row_inner][\/vc_column][\/vc_row]<\/p>\n<\/div>","protected":false},"excerpt":{"rendered":"<p>[vc_row css_animation=&#8221;element_from_fade&#8221; row_type=&#8221;row&#8221; use_row_as_full_screen_section=&#8221;no&#8221; type=&#8221;grid&#8221; angled_section=&#8221;no&#8221; text_align=&#8221;center&#8221; background_image_as_pattern=&#8221;without_pattern&#8221; background_color=&#8221;#00a8b8&#8243; padding_top=&#8221;20&#8243; padding_bottom=&#8221;20&#8243; z_index=&#8221;&#8221; el_class=&#8221;home_res&#8221;][vc_column][vc_column_text] FISIOTERAPIA MANUAL OSTEOPAT\u00cdA FISIOTERAPIA PRE Y POST PARTO [\/vc_column_text][\/vc_column][\/vc_row][vc_row css_animation=&#8221;element_from_fade&#8221; row_type=&#8221;row&#8221; use_row_as_full_screen_section=&#8221;no&#8221; type=&#8221;grid&#8221; angled_section=&#8221;no&#8221; text_align=&#8221;center&#8221; background_image_as_pattern=&#8221;without_pattern&#8221; padding_top=&#8221;30&#8243; padding_bottom=&#8221;80&#8243; z_index=&#8221;&#8221;][vc_column][vc_column_text el_class=&#8221;section_title&#8221;] FISIOBALANCE, TU CENTRO DE FISIOTERAPIA Y OSTEOPATIA [\/vc_column_text][vc_row_inner row_type=&#8221;row&#8221; type=&#8221;full_width&#8221; text_align=&#8221;left&#8221; padding_top=&#8221;40&#8243;&#8230;<\/p>\n","protected":false},"author":2,"featured_media":0,"parent":193,"menu_order":0,"comment_status":"closed","ping_status":"closed","template":"full_width.php","meta":{"footnotes":""},"class_list":["post-2424","page","type-page","status-publish","hentry"],"yoast_head":"<!-- This site is optimized with the Yoast SEO plugin v26.3 - https:\/\/yoast.com\/wordpress\/plugins\/seo\/ -->\n<title>Camila Vel\u00e1squez - Fisiobalance<\/title>\n<meta name=\"robots\" content=\"index, follow, max-snippet:-1, max-image-preview:large, max-video-preview:-1\" \/>\n<link rel=\"canonical\" href=\"https:\/\/www.fisiobalance.cat\/ca\/coneix-nos\/camila-velasquez\/\" \/>\n<meta property=\"og:locale\" content=\"ca_ES\" \/>\n<meta property=\"og:type\" content=\"article\" \/>\n<meta property=\"og:title\" content=\"Camila Vel\u00e1squez - Fisiobalance\" \/>\n<meta property=\"og:description\" content=\"[vc_row css_animation=&#8221;element_from_fade&#8221; row_type=&#8221;row&#8221; use_row_as_full_screen_section=&#8221;no&#8221; type=&#8221;grid&#8221; angled_section=&#8221;no&#8221; text_align=&#8221;center&#8221; background_image_as_pattern=&#8221;without_pattern&#8221; background_color=&#8221;#00a8b8&#8243; padding_top=&#8221;20&#8243; padding_bottom=&#8221;20&#8243; z_index=&#8221;&#8221; el_class=&#8221;home_res&#8221;][vc_column][vc_column_text] FISIOTERAPIA MANUAL OSTEOPAT\u00cdA FISIOTERAPIA PRE Y POST PARTO [\/vc_column_text][\/vc_column][\/vc_row][vc_row css_animation=&#8221;element_from_fade&#8221; row_type=&#8221;row&#8221; use_row_as_full_screen_section=&#8221;no&#8221; type=&#8221;grid&#8221; angled_section=&#8221;no&#8221; text_align=&#8221;center&#8221; background_image_as_pattern=&#8221;without_pattern&#8221; padding_top=&#8221;30&#8243; padding_bottom=&#8221;80&#8243; z_index=&#8221;&#8221;][vc_column][vc_column_text el_class=&#8221;section_title&#8221;] FISIOBALANCE, TU CENTRO DE FISIOTERAPIA Y OSTEOPATIA [\/vc_column_text][vc_row_inner row_type=&#8221;row&#8221; type=&#8221;full_width&#8221; text_align=&#8221;left&#8221; padding_top=&#8221;40&#8243;...\" \/>\n<meta property=\"og:url\" content=\"https:\/\/www.fisiobalance.cat\/ca\/coneix-nos\/camila-velasquez\/\" \/>\n<meta property=\"og:site_name\" content=\"Fisiobalance\" \/>\n<meta property=\"article:modified_time\" content=\"2025-05-20T12:56:49+00:00\" \/>\n<meta name=\"twitter:card\" content=\"summary_large_image\" \/>\n<meta name=\"twitter:label1\" content=\"Temps estimat de lectura\" \/>\n\t<meta name=\"twitter:data1\" content=\"1 minut\" \/>\n<script type=\"application\/ld+json\" class=\"yoast-schema-graph\">{\"@context\":\"https:\/\/schema.org\",\"@graph\":[{\"@type\":\"WebPage\",\"@id\":\"https:\/\/www.fisiobalance.cat\/ca\/coneix-nos\/camila-velasquez\/\",\"url\":\"https:\/\/www.fisiobalance.cat\/ca\/coneix-nos\/camila-velasquez\/\",\"name\":\"Camila Vel\u00e1squez - Fisiobalance\",\"isPartOf\":{\"@id\":\"https:\/\/www.fisiobalance.cat\/#website\"},\"datePublished\":\"2021-11-03T12:17:58+00:00\",\"dateModified\":\"2025-05-20T12:56:49+00:00\",\"breadcrumb\":{\"@id\":\"https:\/\/www.fisiobalance.cat\/ca\/coneix-nos\/camila-velasquez\/#breadcrumb\"},\"inLanguage\":\"ca\",\"potentialAction\":[{\"@type\":\"ReadAction\",\"target\":[\"https:\/\/www.fisiobalance.cat\/ca\/coneix-nos\/camila-velasquez\/\"]}]},{\"@type\":\"BreadcrumbList\",\"@id\":\"https:\/\/www.fisiobalance.cat\/ca\/coneix-nos\/camila-velasquez\/#breadcrumb\",\"itemListElement\":[{\"@type\":\"ListItem\",\"position\":1,\"name\":\"Portada\",\"item\":\"https:\/\/www.fisiobalance.cat\/ca\/\"},{\"@type\":\"ListItem\",\"position\":2,\"name\":\"Coneix-nos\",\"item\":\"https:\/\/www.fisiobalance.cat\/ca\/coneix-nos\/\"},{\"@type\":\"ListItem\",\"position\":3,\"name\":\"Camila Vel\u00e1squez\"}]},{\"@type\":\"WebSite\",\"@id\":\"https:\/\/www.fisiobalance.cat\/#website\",\"url\":\"https:\/\/www.fisiobalance.cat\/\",\"name\":\"Fisiobalance\",\"description\":\"\",\"publisher\":{\"@id\":\"https:\/\/www.fisiobalance.cat\/#organization\"},\"potentialAction\":[{\"@type\":\"SearchAction\",\"target\":{\"@type\":\"EntryPoint\",\"urlTemplate\":\"https:\/\/www.fisiobalance.cat\/?s={search_term_string}\"},\"query-input\":{\"@type\":\"PropertyValueSpecification\",\"valueRequired\":true,\"valueName\":\"search_term_string\"}}],\"inLanguage\":\"ca\"},{\"@type\":\"Organization\",\"@id\":\"https:\/\/www.fisiobalance.cat\/#organization\",\"name\":\"Fisiobalance\",\"url\":\"https:\/\/www.fisiobalance.cat\/\",\"logo\":{\"@type\":\"ImageObject\",\"inLanguage\":\"ca\",\"@id\":\"https:\/\/www.fisiobalance.cat\/#\/schema\/logo\/image\/\",\"url\":\"https:\/\/www.fisiobalance.cat\/wp-content\/uploads\/2018\/06\/fisiobalance_logo.png\",\"contentUrl\":\"https:\/\/www.fisiobalance.cat\/wp-content\/uploads\/2018\/06\/fisiobalance_logo.png\",\"width\":369,\"height\":53,\"caption\":\"Fisiobalance\"},\"image\":{\"@id\":\"https:\/\/www.fisiobalance.cat\/#\/schema\/logo\/image\/\"}}]}<\/script>\n<!-- \/ Yoast SEO plugin. -->","yoast_head_json":{"title":"Camila Vel\u00e1squez - Fisiobalance","robots":{"index":"index","follow":"follow","max-snippet":"max-snippet:-1","max-image-preview":"max-image-preview:large","max-video-preview":"max-video-preview:-1"},"canonical":"https:\/\/www.fisiobalance.cat\/ca\/coneix-nos\/camila-velasquez\/","og_locale":"ca_ES","og_type":"article","og_title":"Camila Vel\u00e1squez - Fisiobalance","og_description":"[vc_row css_animation=&#8221;element_from_fade&#8221; row_type=&#8221;row&#8221; use_row_as_full_screen_section=&#8221;no&#8221; type=&#8221;grid&#8221; angled_section=&#8221;no&#8221; text_align=&#8221;center&#8221; background_image_as_pattern=&#8221;without_pattern&#8221; background_color=&#8221;#00a8b8&#8243; padding_top=&#8221;20&#8243; padding_bottom=&#8221;20&#8243; z_index=&#8221;&#8221; el_class=&#8221;home_res&#8221;][vc_column][vc_column_text] FISIOTERAPIA MANUAL OSTEOPAT\u00cdA FISIOTERAPIA PRE Y POST PARTO [\/vc_column_text][\/vc_column][\/vc_row][vc_row css_animation=&#8221;element_from_fade&#8221; row_type=&#8221;row&#8221; use_row_as_full_screen_section=&#8221;no&#8221; type=&#8221;grid&#8221; angled_section=&#8221;no&#8221; text_align=&#8221;center&#8221; background_image_as_pattern=&#8221;without_pattern&#8221; padding_top=&#8221;30&#8243; padding_bottom=&#8221;80&#8243; z_index=&#8221;&#8221;][vc_column][vc_column_text el_class=&#8221;section_title&#8221;] FISIOBALANCE, TU CENTRO DE FISIOTERAPIA Y OSTEOPATIA [\/vc_column_text][vc_row_inner row_type=&#8221;row&#8221; type=&#8221;full_width&#8221; text_align=&#8221;left&#8221; padding_top=&#8221;40&#8243;...","og_url":"https:\/\/www.fisiobalance.cat\/ca\/coneix-nos\/camila-velasquez\/","og_site_name":"Fisiobalance","article_modified_time":"2025-05-20T12:56:49+00:00","twitter_card":"summary_large_image","twitter_misc":{"Temps estimat de lectura":"1 minut"},"schema":{"@context":"https:\/\/schema.org","@graph":[{"@type":"WebPage","@id":"https:\/\/www.fisiobalance.cat\/ca\/coneix-nos\/camila-velasquez\/","url":"https:\/\/www.fisiobalance.cat\/ca\/coneix-nos\/camila-velasquez\/","name":"Camila Vel\u00e1squez - Fisiobalance","isPartOf":{"@id":"https:\/\/www.fisiobalance.cat\/#website"},"datePublished":"2021-11-03T12:17:58+00:00","dateModified":"2025-05-20T12:56:49+00:00","breadcrumb":{"@id":"https:\/\/www.fisiobalance.cat\/ca\/coneix-nos\/camila-velasquez\/#breadcrumb"},"inLanguage":"ca","potentialAction":[{"@type":"ReadAction","target":["https:\/\/www.fisiobalance.cat\/ca\/coneix-nos\/camila-velasquez\/"]}]},{"@type":"BreadcrumbList","@id":"https:\/\/www.fisiobalance.cat\/ca\/coneix-nos\/camila-velasquez\/#breadcrumb","itemListElement":[{"@type":"ListItem","position":1,"name":"Portada","item":"https:\/\/www.fisiobalance.cat\/ca\/"},{"@type":"ListItem","position":2,"name":"Coneix-nos","item":"https:\/\/www.fisiobalance.cat\/ca\/coneix-nos\/"},{"@type":"ListItem","position":3,"name":"Camila Vel\u00e1squez"}]},{"@type":"WebSite","@id":"https:\/\/www.fisiobalance.cat\/#website","url":"https:\/\/www.fisiobalance.cat\/","name":"Fisiobalance","description":"","publisher":{"@id":"https:\/\/www.fisiobalance.cat\/#organization"},"potentialAction":[{"@type":"SearchAction","target":{"@type":"EntryPoint","urlTemplate":"https:\/\/www.fisiobalance.cat\/?s={search_term_string}"},"query-input":{"@type":"PropertyValueSpecification","valueRequired":true,"valueName":"search_term_string"}}],"inLanguage":"ca"},{"@type":"Organization","@id":"https:\/\/www.fisiobalance.cat\/#organization","name":"Fisiobalance","url":"https:\/\/www.fisiobalance.cat\/","logo":{"@type":"ImageObject","inLanguage":"ca","@id":"https:\/\/www.fisiobalance.cat\/#\/schema\/logo\/image\/","url":"https:\/\/www.fisiobalance.cat\/wp-content\/uploads\/2018\/06\/fisiobalance_logo.png","contentUrl":"https:\/\/www.fisiobalance.cat\/wp-content\/uploads\/2018\/06\/fisiobalance_logo.png","width":369,"height":53,"caption":"Fisiobalance"},"image":{"@id":"https:\/\/www.fisiobalance.cat\/#\/schema\/logo\/image\/"}}]}},"_links":{"self":[{"href":"https:\/\/www.fisiobalance.cat\/ca\/wp-json\/wp\/v2\/pages\/2424","targetHints":{"allow":["GET"]}}],"collection":[{"href":"https:\/\/www.fisiobalance.cat\/ca\/wp-json\/wp\/v2\/pages"}],"about":[{"href":"https:\/\/www.fisiobalance.cat\/ca\/wp-json\/wp\/v2\/types\/page"}],"author":[{"embeddable":true,"href":"https:\/\/www.fisiobalance.cat\/ca\/wp-json\/wp\/v2\/users\/2"}],"replies":[{"embeddable":true,"href":"https:\/\/www.fisiobalance.cat\/ca\/wp-json\/wp\/v2\/comments?post=2424"}],"version-history":[{"count":1,"href":"https:\/\/www.fisiobalance.cat\/ca\/wp-json\/wp\/v2\/pages\/2424\/revisions"}],"predecessor-version":[{"id":5531,"href":"https:\/\/www.fisiobalance.cat\/ca\/wp-json\/wp\/v2\/pages\/2424\/revisions\/5531"}],"up":[{"embeddable":true,"href":"https:\/\/www.fisiobalance.cat\/ca\/wp-json\/wp\/v2\/pages\/193"}],"wp:attachment":[{"href":"https:\/\/www.fisiobalance.cat\/ca\/wp-json\/wp\/v2\/media?parent=2424"}],"curies":[{"name":"wp","href":"https:\/\/api.w.org\/{rel}","templated":true}]}}