{"id":356,"date":"2018-07-01T14:36:57","date_gmt":"2018-07-01T12:36:57","guid":{"rendered":"https:\/\/www.fisiobalance.cat\/?page_id=356"},"modified":"2024-12-31T11:57:28","modified_gmt":"2024-12-31T10:57:28","slug":"servei-fisioterapia-respiratoria","status":"publish","type":"page","link":"https:\/\/www.fisiobalance.cat\/ca\/servei-fisioterapia-respiratoria\/","title":{"rendered":"Fisioter\u00e0pia respirat\u00f2ria"},"content":{"rendered":"<div class=\"wpb-content-wrapper\"><p>[vc_row css_animation=&#8221;element_from_fade&#8221; row_type=&#8221;row&#8221; use_row_as_full_screen_section=&#8221;no&#8221; type=&#8221;grid&#8221; angled_section=&#8221;no&#8221; text_align=&#8221;center&#8221; background_image_as_pattern=&#8221;without_pattern&#8221; background_color=&#8221;#00a8b8&#8243; padding_top=&#8221;20&#8243; padding_bottom=&#8221;20&#8243; z_index=&#8221;&#8221; el_class=&#8221;home_res&#8221;][vc_column][vc_column_text]<\/p>\n<ul>\n<li>FISIOTER\u00c0PIA MANUAL<\/li>\n<li>OSTEOPATIA<\/li>\n<li>FISIOTER\u00c0PIA PRE I POST PART<\/li>\n<\/ul>\n<p>[\/vc_column_text][\/vc_column][\/vc_row][vc_row css_animation=&#8221;element_from_fade&#8221; row_type=&#8221;row&#8221; use_row_as_full_screen_section=&#8221;no&#8221; type=&#8221;grid&#8221; angled_section=&#8221;no&#8221; text_align=&#8221;center&#8221; background_image_as_pattern=&#8221;without_pattern&#8221; padding_top=&#8221;30&#8243; padding_bottom=&#8221;80&#8243; z_index=&#8221;&#8221;][vc_column][vc_column_text el_class=&#8221;section_title&#8221;]<\/p>\n<h1 style=\"text-align: center;\">FISIOTER\u00c0PIA RESPIRAT\u00d2RIA<\/h1>\n<p>[\/vc_column_text][vc_row_inner row_type=&#8221;row&#8221; type=&#8221;full_width&#8221; text_align=&#8221;left&#8221; css_animation=&#8221;&#8221;][vc_column_inner width=&#8221;1\/3&#8243;][vc_single_image image=&#8221;2166&#8243; img_size=&#8221;full&#8221; qode_css_animation=&#8221;&#8221;][\/vc_column_inner][vc_column_inner width=&#8221;2\/3&#8243;][vc_column_text el_class=&#8221;ulst1&#8243;]La fisioterapia respiratoria t\u00e9 com a objectiu la preveci\u00f3, tractament i estabilitzaci\u00f3 de les enfermetats de l\u2019aparell respiratori: alliverar vies respiratories, reeducaci\u00f3 de la mec\u00e1nica ventilatoria i readaptaci\u00f3 a l\u2019esfor\u00e7. Est\u00e0 dirigida a bebes, nens i adults.[\/vc_column_text][vc_separator type=&#8221;transparent&#8221; thickness=&#8221;20&#8243;]<a  itemprop=\"url\" href=\"https:\/\/app.clinic-cloud.com\/citaonline.php\/fisiobalance\" target=\"_self\"  class=\"qbutton  default\" style=\"\">RESERVA CITA ONLINE<\/a>[\/vc_column_inner][\/vc_row_inner][\/vc_column][\/vc_row][vc_row css_animation=&#8221;&#8221; row_type=&#8221;row&#8221; use_row_as_full_screen_section=&#8221;no&#8221; type=&#8221;grid&#8221; angled_section=&#8221;no&#8221; text_align=&#8221;center&#8221; background_image_as_pattern=&#8221;without_pattern&#8221; padding_bottom=&#8221;80&#8243; z_index=&#8221;&#8221; el_class=&#8221;servicios_table&#8221;][vc_column][vc_raw_html]JTVCbmluamFfdGFibGVzJTIwaWQlM0QlMjIzNzclMjIlNUQ=[\/vc_raw_html][vc_separator type=&#8221;transparent&#8221; up=&#8221;20&#8243;]<a  itemprop=\"url\" href=\"https:\/\/app.clinic-cloud.com\/citaonline.php\/fisiobalance\" target=\"_self\"  class=\"qbutton  default\" style=\"\">RESERVA CITA ONLINE<\/a>[\/vc_column][\/vc_row]<\/p>\n<\/div>","protected":false},"excerpt":{"rendered":"<p>[vc_row css_animation=&#8221;element_from_fade&#8221; row_type=&#8221;row&#8221; use_row_as_full_screen_section=&#8221;no&#8221; type=&#8221;grid&#8221; angled_section=&#8221;no&#8221; text_align=&#8221;center&#8221; background_image_as_pattern=&#8221;without_pattern&#8221; background_color=&#8221;#00a8b8&#8243; padding_top=&#8221;20&#8243; padding_bottom=&#8221;20&#8243; z_index=&#8221;&#8221; el_class=&#8221;home_res&#8221;][vc_column][vc_column_text] FISIOTER\u00c0PIA MANUAL OSTEOPATIA FISIOTER\u00c0PIA PRE I POST PART [\/vc_column_text][\/vc_column][\/vc_row][vc_row css_animation=&#8221;element_from_fade&#8221; row_type=&#8221;row&#8221; use_row_as_full_screen_section=&#8221;no&#8221; type=&#8221;grid&#8221; angled_section=&#8221;no&#8221; text_align=&#8221;center&#8221; background_image_as_pattern=&#8221;without_pattern&#8221; padding_top=&#8221;30&#8243; padding_bottom=&#8221;80&#8243; z_index=&#8221;&#8221;][vc_column][vc_column_text el_class=&#8221;section_title&#8221;] FISIOTER\u00c0PIA RESPIRAT\u00d2RIA [\/vc_column_text][vc_row_inner row_type=&#8221;row&#8221; type=&#8221;full_width&#8221; text_align=&#8221;left&#8221; css_animation=&#8221;&#8221;][vc_column_inner width=&#8221;1\/3&#8243;][vc_single_image image=&#8221;2166&#8243; img_size=&#8221;full&#8221; qode_css_animation=&#8221;&#8221;][\/vc_column_inner][vc_column_inner width=&#8221;2\/3&#8243;][vc_column_text&#8230;<\/p>\n","protected":false},"author":2,"featured_media":0,"parent":0,"menu_order":0,"comment_status":"closed","ping_status":"closed","template":"full_width.php","meta":{"footnotes":""},"class_list":["post-356","page","type-page","status-publish","hentry"],"yoast_head":"<!-- This site is optimized with the Yoast SEO plugin v26.3 - https:\/\/yoast.com\/wordpress\/plugins\/seo\/ -->\n<title>Fisioter\u00e0pia respirat\u00f2ria - Fisiobalance<\/title>\n<meta name=\"robots\" content=\"index, follow, max-snippet:-1, max-image-preview:large, max-video-preview:-1\" \/>\n<link rel=\"canonical\" href=\"https:\/\/www.fisiobalance.cat\/ca\/servei-fisioterapia-respiratoria\/\" \/>\n<meta property=\"og:locale\" content=\"ca_ES\" \/>\n<meta property=\"og:type\" content=\"article\" \/>\n<meta property=\"og:title\" content=\"Fisioter\u00e0pia respirat\u00f2ria - Fisiobalance\" \/>\n<meta property=\"og:description\" content=\"[vc_row css_animation=&#8221;element_from_fade&#8221; row_type=&#8221;row&#8221; use_row_as_full_screen_section=&#8221;no&#8221; type=&#8221;grid&#8221; angled_section=&#8221;no&#8221; text_align=&#8221;center&#8221; background_image_as_pattern=&#8221;without_pattern&#8221; background_color=&#8221;#00a8b8&#8243; padding_top=&#8221;20&#8243; padding_bottom=&#8221;20&#8243; z_index=&#8221;&#8221; el_class=&#8221;home_res&#8221;][vc_column][vc_column_text] FISIOTER\u00c0PIA MANUAL OSTEOPATIA FISIOTER\u00c0PIA PRE I POST PART [\/vc_column_text][\/vc_column][\/vc_row][vc_row css_animation=&#8221;element_from_fade&#8221; row_type=&#8221;row&#8221; use_row_as_full_screen_section=&#8221;no&#8221; type=&#8221;grid&#8221; angled_section=&#8221;no&#8221; text_align=&#8221;center&#8221; background_image_as_pattern=&#8221;without_pattern&#8221; padding_top=&#8221;30&#8243; padding_bottom=&#8221;80&#8243; z_index=&#8221;&#8221;][vc_column][vc_column_text el_class=&#8221;section_title&#8221;] FISIOTER\u00c0PIA RESPIRAT\u00d2RIA [\/vc_column_text][vc_row_inner row_type=&#8221;row&#8221; type=&#8221;full_width&#8221; text_align=&#8221;left&#8221; css_animation=&#8221;&#8221;][vc_column_inner width=&#8221;1\/3&#8243;][vc_single_image image=&#8221;2166&#8243; img_size=&#8221;full&#8221; qode_css_animation=&#8221;&#8221;][\/vc_column_inner][vc_column_inner width=&#8221;2\/3&#8243;][vc_column_text...\" \/>\n<meta property=\"og:url\" content=\"https:\/\/www.fisiobalance.cat\/ca\/servei-fisioterapia-respiratoria\/\" \/>\n<meta property=\"og:site_name\" content=\"Fisiobalance\" \/>\n<meta property=\"article:modified_time\" content=\"2024-12-31T10:57:28+00:00\" \/>\n<meta name=\"twitter:card\" content=\"summary_large_image\" \/>\n<meta name=\"twitter:label1\" content=\"Temps estimat de lectura\" \/>\n\t<meta name=\"twitter:data1\" content=\"1 minut\" \/>\n<script type=\"application\/ld+json\" class=\"yoast-schema-graph\">{\"@context\":\"https:\/\/schema.org\",\"@graph\":[{\"@type\":\"WebPage\",\"@id\":\"https:\/\/www.fisiobalance.cat\/ca\/servei-fisioterapia-respiratoria\/\",\"url\":\"https:\/\/www.fisiobalance.cat\/ca\/servei-fisioterapia-respiratoria\/\",\"name\":\"Fisioter\u00e0pia respirat\u00f2ria - Fisiobalance\",\"isPartOf\":{\"@id\":\"https:\/\/www.fisiobalance.cat\/#website\"},\"datePublished\":\"2018-07-01T12:36:57+00:00\",\"dateModified\":\"2024-12-31T10:57:28+00:00\",\"breadcrumb\":{\"@id\":\"https:\/\/www.fisiobalance.cat\/ca\/servei-fisioterapia-respiratoria\/#breadcrumb\"},\"inLanguage\":\"ca\",\"potentialAction\":[{\"@type\":\"ReadAction\",\"target\":[\"https:\/\/www.fisiobalance.cat\/ca\/servei-fisioterapia-respiratoria\/\"]}]},{\"@type\":\"BreadcrumbList\",\"@id\":\"https:\/\/www.fisiobalance.cat\/ca\/servei-fisioterapia-respiratoria\/#breadcrumb\",\"itemListElement\":[{\"@type\":\"ListItem\",\"position\":1,\"name\":\"Portada\",\"item\":\"https:\/\/www.fisiobalance.cat\/ca\/\"},{\"@type\":\"ListItem\",\"position\":2,\"name\":\"Fisioter\u00e0pia respirat\u00f2ria\"}]},{\"@type\":\"WebSite\",\"@id\":\"https:\/\/www.fisiobalance.cat\/#website\",\"url\":\"https:\/\/www.fisiobalance.cat\/\",\"name\":\"Fisiobalance\",\"description\":\"\",\"publisher\":{\"@id\":\"https:\/\/www.fisiobalance.cat\/#organization\"},\"potentialAction\":[{\"@type\":\"SearchAction\",\"target\":{\"@type\":\"EntryPoint\",\"urlTemplate\":\"https:\/\/www.fisiobalance.cat\/?s={search_term_string}\"},\"query-input\":{\"@type\":\"PropertyValueSpecification\",\"valueRequired\":true,\"valueName\":\"search_term_string\"}}],\"inLanguage\":\"ca\"},{\"@type\":\"Organization\",\"@id\":\"https:\/\/www.fisiobalance.cat\/#organization\",\"name\":\"Fisiobalance\",\"url\":\"https:\/\/www.fisiobalance.cat\/\",\"logo\":{\"@type\":\"ImageObject\",\"inLanguage\":\"ca\",\"@id\":\"https:\/\/www.fisiobalance.cat\/#\/schema\/logo\/image\/\",\"url\":\"https:\/\/www.fisiobalance.cat\/wp-content\/uploads\/2018\/06\/fisiobalance_logo.png\",\"contentUrl\":\"https:\/\/www.fisiobalance.cat\/wp-content\/uploads\/2018\/06\/fisiobalance_logo.png\",\"width\":369,\"height\":53,\"caption\":\"Fisiobalance\"},\"image\":{\"@id\":\"https:\/\/www.fisiobalance.cat\/#\/schema\/logo\/image\/\"}}]}<\/script>\n<!-- \/ Yoast SEO plugin. -->","yoast_head_json":{"title":"Fisioter\u00e0pia respirat\u00f2ria - Fisiobalance","robots":{"index":"index","follow":"follow","max-snippet":"max-snippet:-1","max-image-preview":"max-image-preview:large","max-video-preview":"max-video-preview:-1"},"canonical":"https:\/\/www.fisiobalance.cat\/ca\/servei-fisioterapia-respiratoria\/","og_locale":"ca_ES","og_type":"article","og_title":"Fisioter\u00e0pia respirat\u00f2ria - Fisiobalance","og_description":"[vc_row css_animation=&#8221;element_from_fade&#8221; row_type=&#8221;row&#8221; use_row_as_full_screen_section=&#8221;no&#8221; type=&#8221;grid&#8221; angled_section=&#8221;no&#8221; text_align=&#8221;center&#8221; background_image_as_pattern=&#8221;without_pattern&#8221; background_color=&#8221;#00a8b8&#8243; padding_top=&#8221;20&#8243; padding_bottom=&#8221;20&#8243; z_index=&#8221;&#8221; el_class=&#8221;home_res&#8221;][vc_column][vc_column_text] FISIOTER\u00c0PIA MANUAL OSTEOPATIA FISIOTER\u00c0PIA PRE I POST PART [\/vc_column_text][\/vc_column][\/vc_row][vc_row css_animation=&#8221;element_from_fade&#8221; row_type=&#8221;row&#8221; use_row_as_full_screen_section=&#8221;no&#8221; type=&#8221;grid&#8221; angled_section=&#8221;no&#8221; text_align=&#8221;center&#8221; background_image_as_pattern=&#8221;without_pattern&#8221; padding_top=&#8221;30&#8243; padding_bottom=&#8221;80&#8243; z_index=&#8221;&#8221;][vc_column][vc_column_text el_class=&#8221;section_title&#8221;] FISIOTER\u00c0PIA RESPIRAT\u00d2RIA [\/vc_column_text][vc_row_inner row_type=&#8221;row&#8221; type=&#8221;full_width&#8221; text_align=&#8221;left&#8221; css_animation=&#8221;&#8221;][vc_column_inner width=&#8221;1\/3&#8243;][vc_single_image image=&#8221;2166&#8243; img_size=&#8221;full&#8221; qode_css_animation=&#8221;&#8221;][\/vc_column_inner][vc_column_inner width=&#8221;2\/3&#8243;][vc_column_text...","og_url":"https:\/\/www.fisiobalance.cat\/ca\/servei-fisioterapia-respiratoria\/","og_site_name":"Fisiobalance","article_modified_time":"2024-12-31T10:57:28+00:00","twitter_card":"summary_large_image","twitter_misc":{"Temps estimat de lectura":"1 minut"},"schema":{"@context":"https:\/\/schema.org","@graph":[{"@type":"WebPage","@id":"https:\/\/www.fisiobalance.cat\/ca\/servei-fisioterapia-respiratoria\/","url":"https:\/\/www.fisiobalance.cat\/ca\/servei-fisioterapia-respiratoria\/","name":"Fisioter\u00e0pia respirat\u00f2ria - Fisiobalance","isPartOf":{"@id":"https:\/\/www.fisiobalance.cat\/#website"},"datePublished":"2018-07-01T12:36:57+00:00","dateModified":"2024-12-31T10:57:28+00:00","breadcrumb":{"@id":"https:\/\/www.fisiobalance.cat\/ca\/servei-fisioterapia-respiratoria\/#breadcrumb"},"inLanguage":"ca","potentialAction":[{"@type":"ReadAction","target":["https:\/\/www.fisiobalance.cat\/ca\/servei-fisioterapia-respiratoria\/"]}]},{"@type":"BreadcrumbList","@id":"https:\/\/www.fisiobalance.cat\/ca\/servei-fisioterapia-respiratoria\/#breadcrumb","itemListElement":[{"@type":"ListItem","position":1,"name":"Portada","item":"https:\/\/www.fisiobalance.cat\/ca\/"},{"@type":"ListItem","position":2,"name":"Fisioter\u00e0pia respirat\u00f2ria"}]},{"@type":"WebSite","@id":"https:\/\/www.fisiobalance.cat\/#website","url":"https:\/\/www.fisiobalance.cat\/","name":"Fisiobalance","description":"","publisher":{"@id":"https:\/\/www.fisiobalance.cat\/#organization"},"potentialAction":[{"@type":"SearchAction","target":{"@type":"EntryPoint","urlTemplate":"https:\/\/www.fisiobalance.cat\/?s={search_term_string}"},"query-input":{"@type":"PropertyValueSpecification","valueRequired":true,"valueName":"search_term_string"}}],"inLanguage":"ca"},{"@type":"Organization","@id":"https:\/\/www.fisiobalance.cat\/#organization","name":"Fisiobalance","url":"https:\/\/www.fisiobalance.cat\/","logo":{"@type":"ImageObject","inLanguage":"ca","@id":"https:\/\/www.fisiobalance.cat\/#\/schema\/logo\/image\/","url":"https:\/\/www.fisiobalance.cat\/wp-content\/uploads\/2018\/06\/fisiobalance_logo.png","contentUrl":"https:\/\/www.fisiobalance.cat\/wp-content\/uploads\/2018\/06\/fisiobalance_logo.png","width":369,"height":53,"caption":"Fisiobalance"},"image":{"@id":"https:\/\/www.fisiobalance.cat\/#\/schema\/logo\/image\/"}}]}},"_links":{"self":[{"href":"https:\/\/www.fisiobalance.cat\/ca\/wp-json\/wp\/v2\/pages\/356","targetHints":{"allow":["GET"]}}],"collection":[{"href":"https:\/\/www.fisiobalance.cat\/ca\/wp-json\/wp\/v2\/pages"}],"about":[{"href":"https:\/\/www.fisiobalance.cat\/ca\/wp-json\/wp\/v2\/types\/page"}],"author":[{"embeddable":true,"href":"https:\/\/www.fisiobalance.cat\/ca\/wp-json\/wp\/v2\/users\/2"}],"replies":[{"embeddable":true,"href":"https:\/\/www.fisiobalance.cat\/ca\/wp-json\/wp\/v2\/comments?post=356"}],"version-history":[{"count":10,"href":"https:\/\/www.fisiobalance.cat\/ca\/wp-json\/wp\/v2\/pages\/356\/revisions"}],"predecessor-version":[{"id":2229,"href":"https:\/\/www.fisiobalance.cat\/ca\/wp-json\/wp\/v2\/pages\/356\/revisions\/2229"}],"wp:attachment":[{"href":"https:\/\/www.fisiobalance.cat\/ca\/wp-json\/wp\/v2\/media?parent=356"}],"curies":[{"name":"wp","href":"https:\/\/api.w.org\/{rel}","templated":true}]}}