{"id":361,"date":"2018-07-01T14:39:29","date_gmt":"2018-07-01T12:39:29","guid":{"rendered":"https:\/\/www.fisiobalance.cat\/?page_id=361"},"modified":"2022-04-11T12:52:08","modified_gmt":"2022-04-11T10:52:08","slug":"fisioterapia-per-al-bruxisme-i-atm","status":"publish","type":"page","link":"https:\/\/www.fisiobalance.cat\/ca\/fisioterapia-per-al-bruxisme-i-atm\/","title":{"rendered":"Fisioter\u00e0pia per al bruxisme i ATM"},"content":{"rendered":"<div class=\"wpb-content-wrapper\"><p>[vc_row css_animation=&#8221;element_from_fade&#8221; row_type=&#8221;row&#8221; use_row_as_full_screen_section=&#8221;no&#8221; type=&#8221;grid&#8221; angled_section=&#8221;no&#8221; text_align=&#8221;center&#8221; background_image_as_pattern=&#8221;without_pattern&#8221; background_color=&#8221;#00a8b8&#8243; padding_top=&#8221;20&#8243; padding_bottom=&#8221;20&#8243; z_index=&#8221;&#8221; el_class=&#8221;home_res&#8221;][vc_column][vc_column_text]<\/p>\n<ul>\n<li>FISIOTER\u00c0PIA MANUAL<\/li>\n<li>OSTEOPATIA<\/li>\n<li>FISIOTER\u00c0PIA PRE I POST PART<\/li>\n<\/ul>\n<p>[\/vc_column_text][\/vc_column][\/vc_row][vc_row css_animation=&#8221;element_from_fade&#8221; row_type=&#8221;row&#8221; use_row_as_full_screen_section=&#8221;no&#8221; type=&#8221;grid&#8221; angled_section=&#8221;no&#8221; text_align=&#8221;center&#8221; background_image_as_pattern=&#8221;without_pattern&#8221; padding_top=&#8221;30&#8243; padding_bottom=&#8221;80&#8243; z_index=&#8221;&#8221;][vc_column][vc_column_text el_class=&#8221;section_title&#8221;]<\/p>\n<h1 style=\"text-align: center;\">FISIOTER\u00c0PIA PER AL BRUXISME I ATM<\/h1>\n<p>[\/vc_column_text][vc_row_inner row_type=&#8221;row&#8221; type=&#8221;full_width&#8221; text_align=&#8221;left&#8221; css_animation=&#8221;&#8221;][vc_column_inner width=&#8221;1\/3&#8243;][vc_single_image image=&#8221;2038&#8243; img_size=&#8221;full&#8221; qode_css_animation=&#8221;&#8221;][vc_separator type=&#8221;transparent&#8221; up=&#8221;20&#8243;]<a  itemprop=\"url\" href=\"https:\/\/app.clinic-cloud.com\/citaonline.php\/fisiobalance\" target=\"_self\"  class=\"qbutton  default\" style=\"\">RESERVA CITA ONLINE<\/a>[vc_separator type=&#8221;transparent&#8221; up=&#8221;20&#8243;][\/vc_column_inner][vc_column_inner width=&#8221;2\/3&#8243;][vc_column_text el_class=&#8221;ulst1&#8243;]<\/p>\n<h2>Qu\u00e8 \u00e9s el bruxisme?<\/h2>\n<p>Es tracta d&#8217;una malaltia del tipus psico-neuro-muscular que produeix un costum involunt\u00e0ria per la qual s&#8217;estrenyen i es pressionen les dents al llarg del dia sense cap tipus de necessitat. Sense que hi hagi aliment que mastegar. Es tracta d&#8217;una malaltia molt perjudicial per als m\u00fasculs de la cara i les dents.<\/p>\n<h2>Com ens pot ajudar la Fisioter\u00e0pia a tractar el bruxisme<\/h2>\n<p><strong>Relaxar tota la musculatura i a eliminar tensions<\/strong> s\u00f3n alguns dels beneficis que pot aportar la fisioter\u00e0pia a l&#8217;hora de tractar el bruxisme. Localitzar els punts de tensi\u00f3 i treballar la zona afectada sol ser un dels tractaments m\u00e9s utilitzats, a m\u00e9s la nostra fisioterapeuta manipular\u00e0 la zona de la mand\u00edbula i desbloquejar\u00e0 les articulacions d&#8217;obertura mitjan\u00e7ant diverses t\u00e8cniques.<\/p>\n<h2>Dolors relacionats amb el bruxisme en qu\u00e8 et pot ajudar la fisioter\u00e0pia:<\/h2>\n<ul>\n<li>Mals de cap(cefalees)<\/li>\n<li>Cervic\u00e0lgia<\/li>\n<li>Mol\u00e8sties a les orelles.<\/li>\n<li>Mol\u00e8sties a les espatlles.<\/li>\n<li>Sensibilitat dental.<\/li>\n<li>Marejos.<\/li>\n<li>Trismus dental.<\/li>\n<li>Tinnitus i ac\u00fafens.<\/li>\n<\/ul>\n<p>[\/vc_column_text][\/vc_column_inner][\/vc_row_inner][\/vc_column][\/vc_row][vc_row css_animation=&#8221;&#8221; row_type=&#8221;row&#8221; use_row_as_full_screen_section=&#8221;no&#8221; type=&#8221;grid&#8221; angled_section=&#8221;no&#8221; text_align=&#8221;center&#8221; background_image_as_pattern=&#8221;without_pattern&#8221; padding_bottom=&#8221;80&#8243; z_index=&#8221;&#8221; el_class=&#8221;servicios_table&#8221;][vc_column][vc_raw_html]JTVCbmluamFfdGFibGVzJTIwaWQlM0QlMjIxMzAlMjIlNUQ=[\/vc_raw_html][vc_separator type=&#8221;transparent&#8221; up=&#8221;20&#8243;]<a  itemprop=\"url\" href=\"https:\/\/app.clinic-cloud.com\/citaonline.php\/fisiobalance\" target=\"_self\"  class=\"qbutton  default\" style=\"\">RESERVA CITA ONLINE<\/a>[\/vc_column][\/vc_row][vc_row css_animation=&#8221;element_from_fade&#8221; row_type=&#8221;row&#8221; use_row_as_full_screen_section=&#8221;no&#8221; type=&#8221;grid&#8221; angled_section=&#8221;no&#8221; text_align=&#8221;center&#8221; background_image_as_pattern=&#8221;without_pattern&#8221; padding_top=&#8221;60&#8243; padding_bottom=&#8221;80&#8243; z_index=&#8221;&#8221;][vc_column][vc_row_inner row_type=&#8221;row&#8221; type=&#8221;full_width&#8221; text_align=&#8221;left&#8221; css_animation=&#8221;&#8221;][vc_column_inner width=&#8221;1\/3&#8243;][vc_single_image image=&#8221;240&#8243; img_size=&#8221;full&#8221; qode_css_animation=&#8221;&#8221;][vc_separator type=&#8221;transparent&#8221; up=&#8221;20&#8243;][\/vc_column_inner][vc_column_inner width=&#8221;2\/3&#8243;][vc_column_text el_class=&#8221;ulst1&#8243;]<\/p>\n<h4>JENIFER ROMERO &#8211; FISIOTERAPEUTA I OSTEOPATA<\/h4>\n<p><strong>ESPECIALITZADA EN FISIOTER\u00c0PIA PER AL BRUXISME I ATM<\/strong><\/p>\n<ul>\n<li>Fisioterapeuta, Universitat Ram\u00f3n Llull. Universitat d&#8217;infermeria i fisioter\u00e0pia Blanquerna. Barcelona. Espanya.<\/li>\n<li>M\u00e0ster en Osteopatia, Universitat Gimbernat, Universitat Aut\u00f2noma de Barcelona, Espanya.<\/li>\n<li>Curs d&#8217;especialitzaci\u00f3 en trastorns temporomandibulars i dolors orofacials a l&#8217;Institut de M\u00e9zier\u00e8rs de Barcelona.<\/li>\n<li>Stretching Global Actiu a la salut i el rendiment esportiu a l&#8217;Institut Nacional d&#8217;Educaci\u00f3 F\u00edsica de Catalunya.<\/li>\n<li>Curs intensiu en instrucci\u00f3u de t\u00e8cniques de Pilates, Cl\u00ednica Bersant. Santiago de Chile.<\/li>\n<li>Curs Internacional del concepte Mulligan a l&#8217;Universidad de los Andes. Santiago de Chile.<\/li>\n<li>Acupuntura Racional per Fisioterapeutes en patologia estructural. OMPHIS Institut. Barcelona.<\/li>\n<li>Curs internacional de kinesiologia: Disfuncions de Turmell i peu. Evaluaci\u00f3, tractament kin\u00e8sio i Ortesis. Professor: Michael T. Gross, PT, PhD. Cl\u00ednica del deporte Med\u00b4s. Santiago de Chile.<\/li>\n<li>Jornades M\u00e9dic esportives i ci\u00e8ncies de l&#8217;esport: biomec\u00e0nica, lesions m\u00e9s freq\u00fcents i tractament a la disciplina del golf. Cl\u00ednica del deporte Med\u00b4s. Santiago de Chile.<\/li>\n<li>T\u00e8cniques d\u00b4ajust espec\u00edfic. Professor: Joan Parera. FIOS, Barcelona.<\/li>\n<li>Jornada Jenny McConnell, FISIOFORMACI\u00d3, Barcelona.<\/li>\n<\/ul>\n<p>[\/vc_column_text][\/vc_column_inner][\/vc_row_inner][\/vc_column][\/vc_row][vc_row css_animation=&#8221;&#8221; row_type=&#8221;row&#8221; use_row_as_full_screen_section=&#8221;no&#8221; type=&#8221;full_width&#8221; angled_section=&#8221;no&#8221; text_align=&#8221;left&#8221; background_image_as_pattern=&#8221;without_pattern&#8221;][vc_column][vc_column_text el_class=&#8221;ulst1&#8243;]<\/p>\n<h2 style=\"text-align: center;\">Vine a coneixe&#8217;ns, FisioBalance a Castelldefels<\/h2>\n<p style=\"text-align: center;\">\u2b07\ufe0f Estem situats al centre de Castelldefels. \u2b07\ufe0f<\/p>\n<p>[\/vc_column_text][vc_separator type=&#8221;transparent&#8221; up=&#8221;20&#8243;][vc_gmaps link=&#8221;#E-8_JTNDaWZyYW1lJTIwc3JjJTNEJTIyaHR0cHMlM0ElMkYlMkZ3d3cuZ29vZ2xlLmNvbSUyRm1hcHMlMkZlbWJlZCUzRnBiJTNEJTIxMW0xOCUyMTFtMTIlMjExbTMlMjExZDI5OTguMzg0Mzc4NTc4OTY1JTIxMmQxLjk3NTQzMjUxNjAzMDE0NTQlMjEzZDQxLjI3ODczODIxMDY4NTQzJTIxMm0zJTIxMWYwJTIxMmYwJTIxM2YwJTIxM20yJTIxMWkxMDI0JTIxMmk3NjglMjE0ZjEzLjElMjEzbTMlMjExbTIlMjExczB4MTJhNDgyYmExYzhiZjBmYiUyNTNBMHgxNTBmNjU0NGNjMTc2NTg5JTIxMnNBdi4lMkJDb25zdGl0dWNpJTI1QzMlMjVCM24lMjUyQyUyQjE1MiUyNTJDJTJCMDg4NjAlMkJDYXN0ZWxkZWZlbHMlMjUyQyUyQkJhcmNlbG9uYSUyMTVlMCUyMTNtMiUyMTFzZXMlMjEyc2VzJTIxNHYxNTM2MTYzNjUzODAxJTIyJTIwd2lkdGglM0QlMjI0MDAlMjIlMjBoZWlnaHQlM0QlMjIzMDAlMjIlMjBmcmFtZWJvcmRlciUzRCUyMjAlMjIlMjBzdHlsZSUzRCUyMmJvcmRlciUzQTAlMjIlMjBhbGxvd2Z1bGxzY3JlZW4lM0UlM0MlMkZpZnJhbWUlM0U=&#8221;][\/vc_column][\/vc_row]<\/p>\n<\/div>","protected":false},"excerpt":{"rendered":"<p>[vc_row css_animation=&#8221;element_from_fade&#8221; row_type=&#8221;row&#8221; use_row_as_full_screen_section=&#8221;no&#8221; type=&#8221;grid&#8221; angled_section=&#8221;no&#8221; text_align=&#8221;center&#8221; background_image_as_pattern=&#8221;without_pattern&#8221; background_color=&#8221;#00a8b8&#8243; padding_top=&#8221;20&#8243; padding_bottom=&#8221;20&#8243; z_index=&#8221;&#8221; el_class=&#8221;home_res&#8221;][vc_column][vc_column_text] FISIOTER\u00c0PIA MANUAL OSTEOPATIA FISIOTER\u00c0PIA PRE I POST PART [\/vc_column_text][\/vc_column][\/vc_row][vc_row css_animation=&#8221;element_from_fade&#8221; row_type=&#8221;row&#8221; use_row_as_full_screen_section=&#8221;no&#8221; type=&#8221;grid&#8221; angled_section=&#8221;no&#8221; text_align=&#8221;center&#8221; background_image_as_pattern=&#8221;without_pattern&#8221; padding_top=&#8221;30&#8243; padding_bottom=&#8221;80&#8243; z_index=&#8221;&#8221;][vc_column][vc_column_text el_class=&#8221;section_title&#8221;] FISIOTER\u00c0PIA PER AL BRUXISME I ATM [\/vc_column_text][vc_row_inner row_type=&#8221;row&#8221; type=&#8221;full_width&#8221; text_align=&#8221;left&#8221; css_animation=&#8221;&#8221;][vc_column_inner width=&#8221;1\/3&#8243;][vc_single_image&#8230;<\/p>\n","protected":false},"author":2,"featured_media":0,"parent":0,"menu_order":0,"comment_status":"closed","ping_status":"closed","template":"full_width.php","meta":{"footnotes":""},"class_list":["post-361","page","type-page","status-publish","hentry"],"yoast_head":"<!-- This site is optimized with the Yoast SEO plugin v26.3 - https:\/\/yoast.com\/wordpress\/plugins\/seo\/ -->\n<title>Fisioter\u00e0pia per al bruxisme i ATM - Fisiobalance<\/title>\n<meta name=\"robots\" content=\"index, follow, max-snippet:-1, max-image-preview:large, max-video-preview:-1\" \/>\n<link rel=\"canonical\" href=\"https:\/\/www.fisiobalance.cat\/ca\/fisioterapia-per-al-bruxisme-i-atm\/\" \/>\n<meta property=\"og:locale\" content=\"ca_ES\" \/>\n<meta property=\"og:type\" content=\"article\" \/>\n<meta property=\"og:title\" content=\"Fisioter\u00e0pia per al bruxisme i ATM - Fisiobalance\" \/>\n<meta property=\"og:description\" content=\"[vc_row css_animation=&#8221;element_from_fade&#8221; row_type=&#8221;row&#8221; use_row_as_full_screen_section=&#8221;no&#8221; type=&#8221;grid&#8221; angled_section=&#8221;no&#8221; text_align=&#8221;center&#8221; background_image_as_pattern=&#8221;without_pattern&#8221; background_color=&#8221;#00a8b8&#8243; padding_top=&#8221;20&#8243; padding_bottom=&#8221;20&#8243; z_index=&#8221;&#8221; el_class=&#8221;home_res&#8221;][vc_column][vc_column_text] FISIOTER\u00c0PIA MANUAL OSTEOPATIA FISIOTER\u00c0PIA PRE I POST PART [\/vc_column_text][\/vc_column][\/vc_row][vc_row css_animation=&#8221;element_from_fade&#8221; row_type=&#8221;row&#8221; use_row_as_full_screen_section=&#8221;no&#8221; type=&#8221;grid&#8221; angled_section=&#8221;no&#8221; text_align=&#8221;center&#8221; background_image_as_pattern=&#8221;without_pattern&#8221; padding_top=&#8221;30&#8243; padding_bottom=&#8221;80&#8243; z_index=&#8221;&#8221;][vc_column][vc_column_text el_class=&#8221;section_title&#8221;] FISIOTER\u00c0PIA PER AL BRUXISME I ATM [\/vc_column_text][vc_row_inner row_type=&#8221;row&#8221; type=&#8221;full_width&#8221; text_align=&#8221;left&#8221; css_animation=&#8221;&#8221;][vc_column_inner width=&#8221;1\/3&#8243;][vc_single_image...\" \/>\n<meta property=\"og:url\" content=\"https:\/\/www.fisiobalance.cat\/ca\/fisioterapia-per-al-bruxisme-i-atm\/\" \/>\n<meta property=\"og:site_name\" content=\"Fisiobalance\" \/>\n<meta property=\"article:modified_time\" content=\"2022-04-11T10:52:08+00:00\" \/>\n<meta name=\"twitter:card\" content=\"summary_large_image\" \/>\n<meta name=\"twitter:label1\" content=\"Temps estimat de lectura\" \/>\n\t<meta name=\"twitter:data1\" content=\"3 minuts\" \/>\n<script type=\"application\/ld+json\" class=\"yoast-schema-graph\">{\"@context\":\"https:\/\/schema.org\",\"@graph\":[{\"@type\":\"WebPage\",\"@id\":\"https:\/\/www.fisiobalance.cat\/ca\/fisioterapia-per-al-bruxisme-i-atm\/\",\"url\":\"https:\/\/www.fisiobalance.cat\/ca\/fisioterapia-per-al-bruxisme-i-atm\/\",\"name\":\"Fisioter\u00e0pia per al bruxisme i ATM - Fisiobalance\",\"isPartOf\":{\"@id\":\"https:\/\/www.fisiobalance.cat\/#website\"},\"datePublished\":\"2018-07-01T12:39:29+00:00\",\"dateModified\":\"2022-04-11T10:52:08+00:00\",\"breadcrumb\":{\"@id\":\"https:\/\/www.fisiobalance.cat\/ca\/fisioterapia-per-al-bruxisme-i-atm\/#breadcrumb\"},\"inLanguage\":\"ca\",\"potentialAction\":[{\"@type\":\"ReadAction\",\"target\":[\"https:\/\/www.fisiobalance.cat\/ca\/fisioterapia-per-al-bruxisme-i-atm\/\"]}]},{\"@type\":\"BreadcrumbList\",\"@id\":\"https:\/\/www.fisiobalance.cat\/ca\/fisioterapia-per-al-bruxisme-i-atm\/#breadcrumb\",\"itemListElement\":[{\"@type\":\"ListItem\",\"position\":1,\"name\":\"Portada\",\"item\":\"https:\/\/www.fisiobalance.cat\/ca\/\"},{\"@type\":\"ListItem\",\"position\":2,\"name\":\"Fisioter\u00e0pia per al bruxisme i ATM\"}]},{\"@type\":\"WebSite\",\"@id\":\"https:\/\/www.fisiobalance.cat\/#website\",\"url\":\"https:\/\/www.fisiobalance.cat\/\",\"name\":\"Fisiobalance\",\"description\":\"\",\"publisher\":{\"@id\":\"https:\/\/www.fisiobalance.cat\/#organization\"},\"potentialAction\":[{\"@type\":\"SearchAction\",\"target\":{\"@type\":\"EntryPoint\",\"urlTemplate\":\"https:\/\/www.fisiobalance.cat\/?s={search_term_string}\"},\"query-input\":{\"@type\":\"PropertyValueSpecification\",\"valueRequired\":true,\"valueName\":\"search_term_string\"}}],\"inLanguage\":\"ca\"},{\"@type\":\"Organization\",\"@id\":\"https:\/\/www.fisiobalance.cat\/#organization\",\"name\":\"Fisiobalance\",\"url\":\"https:\/\/www.fisiobalance.cat\/\",\"logo\":{\"@type\":\"ImageObject\",\"inLanguage\":\"ca\",\"@id\":\"https:\/\/www.fisiobalance.cat\/#\/schema\/logo\/image\/\",\"url\":\"https:\/\/www.fisiobalance.cat\/wp-content\/uploads\/2018\/06\/fisiobalance_logo.png\",\"contentUrl\":\"https:\/\/www.fisiobalance.cat\/wp-content\/uploads\/2018\/06\/fisiobalance_logo.png\",\"width\":369,\"height\":53,\"caption\":\"Fisiobalance\"},\"image\":{\"@id\":\"https:\/\/www.fisiobalance.cat\/#\/schema\/logo\/image\/\"}}]}<\/script>\n<!-- \/ Yoast SEO plugin. -->","yoast_head_json":{"title":"Fisioter\u00e0pia per al bruxisme i ATM - Fisiobalance","robots":{"index":"index","follow":"follow","max-snippet":"max-snippet:-1","max-image-preview":"max-image-preview:large","max-video-preview":"max-video-preview:-1"},"canonical":"https:\/\/www.fisiobalance.cat\/ca\/fisioterapia-per-al-bruxisme-i-atm\/","og_locale":"ca_ES","og_type":"article","og_title":"Fisioter\u00e0pia per al bruxisme i ATM - Fisiobalance","og_description":"[vc_row css_animation=&#8221;element_from_fade&#8221; row_type=&#8221;row&#8221; use_row_as_full_screen_section=&#8221;no&#8221; type=&#8221;grid&#8221; angled_section=&#8221;no&#8221; text_align=&#8221;center&#8221; background_image_as_pattern=&#8221;without_pattern&#8221; background_color=&#8221;#00a8b8&#8243; padding_top=&#8221;20&#8243; padding_bottom=&#8221;20&#8243; z_index=&#8221;&#8221; el_class=&#8221;home_res&#8221;][vc_column][vc_column_text] FISIOTER\u00c0PIA MANUAL OSTEOPATIA FISIOTER\u00c0PIA PRE I POST PART [\/vc_column_text][\/vc_column][\/vc_row][vc_row css_animation=&#8221;element_from_fade&#8221; row_type=&#8221;row&#8221; use_row_as_full_screen_section=&#8221;no&#8221; type=&#8221;grid&#8221; angled_section=&#8221;no&#8221; text_align=&#8221;center&#8221; background_image_as_pattern=&#8221;without_pattern&#8221; padding_top=&#8221;30&#8243; padding_bottom=&#8221;80&#8243; z_index=&#8221;&#8221;][vc_column][vc_column_text el_class=&#8221;section_title&#8221;] FISIOTER\u00c0PIA PER AL BRUXISME I ATM [\/vc_column_text][vc_row_inner row_type=&#8221;row&#8221; type=&#8221;full_width&#8221; text_align=&#8221;left&#8221; css_animation=&#8221;&#8221;][vc_column_inner width=&#8221;1\/3&#8243;][vc_single_image...","og_url":"https:\/\/www.fisiobalance.cat\/ca\/fisioterapia-per-al-bruxisme-i-atm\/","og_site_name":"Fisiobalance","article_modified_time":"2022-04-11T10:52:08+00:00","twitter_card":"summary_large_image","twitter_misc":{"Temps estimat de lectura":"3 minuts"},"schema":{"@context":"https:\/\/schema.org","@graph":[{"@type":"WebPage","@id":"https:\/\/www.fisiobalance.cat\/ca\/fisioterapia-per-al-bruxisme-i-atm\/","url":"https:\/\/www.fisiobalance.cat\/ca\/fisioterapia-per-al-bruxisme-i-atm\/","name":"Fisioter\u00e0pia per al bruxisme i ATM - Fisiobalance","isPartOf":{"@id":"https:\/\/www.fisiobalance.cat\/#website"},"datePublished":"2018-07-01T12:39:29+00:00","dateModified":"2022-04-11T10:52:08+00:00","breadcrumb":{"@id":"https:\/\/www.fisiobalance.cat\/ca\/fisioterapia-per-al-bruxisme-i-atm\/#breadcrumb"},"inLanguage":"ca","potentialAction":[{"@type":"ReadAction","target":["https:\/\/www.fisiobalance.cat\/ca\/fisioterapia-per-al-bruxisme-i-atm\/"]}]},{"@type":"BreadcrumbList","@id":"https:\/\/www.fisiobalance.cat\/ca\/fisioterapia-per-al-bruxisme-i-atm\/#breadcrumb","itemListElement":[{"@type":"ListItem","position":1,"name":"Portada","item":"https:\/\/www.fisiobalance.cat\/ca\/"},{"@type":"ListItem","position":2,"name":"Fisioter\u00e0pia per al bruxisme i ATM"}]},{"@type":"WebSite","@id":"https:\/\/www.fisiobalance.cat\/#website","url":"https:\/\/www.fisiobalance.cat\/","name":"Fisiobalance","description":"","publisher":{"@id":"https:\/\/www.fisiobalance.cat\/#organization"},"potentialAction":[{"@type":"SearchAction","target":{"@type":"EntryPoint","urlTemplate":"https:\/\/www.fisiobalance.cat\/?s={search_term_string}"},"query-input":{"@type":"PropertyValueSpecification","valueRequired":true,"valueName":"search_term_string"}}],"inLanguage":"ca"},{"@type":"Organization","@id":"https:\/\/www.fisiobalance.cat\/#organization","name":"Fisiobalance","url":"https:\/\/www.fisiobalance.cat\/","logo":{"@type":"ImageObject","inLanguage":"ca","@id":"https:\/\/www.fisiobalance.cat\/#\/schema\/logo\/image\/","url":"https:\/\/www.fisiobalance.cat\/wp-content\/uploads\/2018\/06\/fisiobalance_logo.png","contentUrl":"https:\/\/www.fisiobalance.cat\/wp-content\/uploads\/2018\/06\/fisiobalance_logo.png","width":369,"height":53,"caption":"Fisiobalance"},"image":{"@id":"https:\/\/www.fisiobalance.cat\/#\/schema\/logo\/image\/"}}]}},"_links":{"self":[{"href":"https:\/\/www.fisiobalance.cat\/ca\/wp-json\/wp\/v2\/pages\/361","targetHints":{"allow":["GET"]}}],"collection":[{"href":"https:\/\/www.fisiobalance.cat\/ca\/wp-json\/wp\/v2\/pages"}],"about":[{"href":"https:\/\/www.fisiobalance.cat\/ca\/wp-json\/wp\/v2\/types\/page"}],"author":[{"embeddable":true,"href":"https:\/\/www.fisiobalance.cat\/ca\/wp-json\/wp\/v2\/users\/2"}],"replies":[{"embeddable":true,"href":"https:\/\/www.fisiobalance.cat\/ca\/wp-json\/wp\/v2\/comments?post=361"}],"version-history":[{"count":10,"href":"https:\/\/www.fisiobalance.cat\/ca\/wp-json\/wp\/v2\/pages\/361\/revisions"}],"predecessor-version":[{"id":2228,"href":"https:\/\/www.fisiobalance.cat\/ca\/wp-json\/wp\/v2\/pages\/361\/revisions\/2228"}],"wp:attachment":[{"href":"https:\/\/www.fisiobalance.cat\/ca\/wp-json\/wp\/v2\/media?parent=361"}],"curies":[{"name":"wp","href":"https:\/\/api.w.org\/{rel}","templated":true}]}}