{"id":8826,"date":"2026-01-06T10:30:21","date_gmt":"2026-01-06T09:30:21","guid":{"rendered":"https:\/\/www.fisiobalance.cat\/?page_id=8826"},"modified":"2026-01-16T15:26:10","modified_gmt":"2026-01-16T14:26:10","slug":"cristina-martinez","status":"publish","type":"page","link":"https:\/\/www.fisiobalance.cat\/ca\/coneix-nos\/cristina-martinez\/","title":{"rendered":"Cristina Martinez"},"content":{"rendered":"<div class=\"wpb-content-wrapper\"><p>[vc_row css_animation=&#8221;element_from_fade&#8221; row_type=&#8221;row&#8221; use_row_as_full_screen_section=&#8221;no&#8221; type=&#8221;grid&#8221; angled_section=&#8221;no&#8221; text_align=&#8221;center&#8221; background_image_as_pattern=&#8221;without_pattern&#8221; background_color=&#8221;#00a8b8&#8243; padding_top=&#8221;20&#8243; padding_bottom=&#8221;20&#8243; z_index=&#8221;&#8221; el_class=&#8221;home_res&#8221;][vc_column][\/vc_column][\/vc_row][vc_row css_animation=&#8221;element_from_fade&#8221; row_type=&#8221;row&#8221; use_row_as_full_screen_section=&#8221;no&#8221; type=&#8221;grid&#8221; angled_section=&#8221;no&#8221; text_align=&#8221;center&#8221; background_image_as_pattern=&#8221;without_pattern&#8221; padding_top=&#8221;30&#8243; padding_bottom=&#8221;80&#8243; z_index=&#8221;&#8221;][vc_column][vc_column_text el_class=&#8221;section_title&#8221;]<\/p>\n<h1 style=\"text-align: center;\">FISIOBALANCE, TU CENTRO DE FISIOTERAPIA Y OSTEOPATIA<\/h1>\n<p>[\/vc_column_text][vc_row_inner row_type=&#8221;row&#8221; type=&#8221;full_width&#8221; text_align=&#8221;left&#8221; padding_top=&#8221;40&#8243; css_animation=&#8221;&#8221; el_class=&#8221;conocenos_equipo&#8221;][vc_column_inner width=&#8221;1\/3&#8243;][vc_single_image image=&#8221;8928&#8243; img_size=&#8221;full&#8221; qode_css_animation=&#8221;&#8221;][\/vc_column_inner][vc_column_inner width=&#8221;2\/3&#8243;][vc_column_text el_class=&#8221;ulst1&#8243;]<\/p>\n<h4>CRISTINA MART\u00cdNEZ<\/h4>\n<h5>PSIC\u00d2LOGA SANIT\u00c0RIA<\/h5>\n<p>Cristina \u00e9s la nostra psic\u00f2loga especialitzada en sexologia i ter\u00e0pia de parella amb formaci\u00f3 i experi\u00e8ncia a LGTBIQ+.<br \/>\nLi apassiona la feina, \u00e9s honesta i fiable. Et sentir\u00e0s acompanyat des del primer moment ja que, des d&#8217;una perspectiva integral, adapta la ter\u00e0pia a les necessitats de cada pacient, en un entorn de confian\u00e7a i confidencialitat.<br \/>\nLa seva triple especialitzaci\u00f3 i experi\u00e8ncia en sexologia, ter\u00e0pia de parella i mediaci\u00f3 us permet acompanyar-vos tant en processos individuals de qualsevol moment de la vostra etapa vital que afectin el vostre benestar emocional aix\u00ed com en la gesti\u00f3 de conflictes interpersonals amb la vostra parella o si necessiteu ter\u00e0pia individual o de parella per alguna disfunci\u00f3 sexual tant femenina com masculina que afecta la vostra salut sexual i b\u00e9ns.<br \/>\nLi encanta gaudir del descans, la crian\u00e7a i el temps en fam\u00edlia.<\/p>\n<p><strong>Formaci\u00f3<\/strong><\/p>\n<ul>\n<li>Llicenciada en Psicologia per la Universitat de Barcelona i habilitada com a psic\u00f2loga sanit\u00e0ria pel Departament de salut de la Generalitat de Catalunya. Col\u00b7legiada n\u00fam. 16047.<\/li>\n<li>M\u00e0ster en Mediaci\u00f3 i Resoluci\u00f3 de Conflictes (Fundaci\u00f3 Pere Tarr\u00e9s).<\/li>\n<li>Postgrau de Psicopatologia Cl\u00ednica (Universitat de Barcelona)<\/li>\n<li>M\u00e0ster en Sexologia cl\u00ednica i ter\u00e0pia de parella (ISEP)<\/li>\n<li>Acreditada en mediaci\u00f3 relacional. Model de Transformaci\u00f3 Relacional<\/li>\n<li>Coaching Relacional. Especialitzaci\u00f3 en organitzacions de salut. Formaci\u00f3 organitzada per l&#8217;Institut Relacional (1a promoci\u00f3)<\/li>\n<li>Acreditaci\u00f3 com a experta en gesti\u00f3 de conflictes i mediaci\u00f3 pel Col\u00b7legi Oficial de Psicologia de Catalunya (1a promoci\u00f3).<\/li>\n<li>Curs d&#8217;expert en psicologia d&#8217;emerg\u00e8ncies i cat\u00e0strofes organitzat pel Col\u00b7legi Oficial de Psicologia de Catalunya i Direcci\u00f3 General de Protecci\u00f3 Civil (Generalitat de Catalunya)<\/li>\n<li>\u201cCurs de psicologia i transsexualitat\u201d en modalitat online a Udemy, Inc.<\/li>\n<li>Taller online \u201cSexualitat, G\u00e8nere i Coeducaci\u00f3\u201d<\/li>\n<\/ul>\n<p>[\/vc_column_text][\/vc_column_inner][\/vc_row_inner][\/vc_column][\/vc_row]<\/p>\n<\/div>","protected":false},"excerpt":{"rendered":"<p>[vc_row css_animation=&#8221;element_from_fade&#8221; row_type=&#8221;row&#8221; use_row_as_full_screen_section=&#8221;no&#8221; type=&#8221;grid&#8221; angled_section=&#8221;no&#8221; text_align=&#8221;center&#8221; background_image_as_pattern=&#8221;without_pattern&#8221; background_color=&#8221;#00a8b8&#8243; padding_top=&#8221;20&#8243; padding_bottom=&#8221;20&#8243; z_index=&#8221;&#8221; el_class=&#8221;home_res&#8221;][vc_column][\/vc_column][\/vc_row][vc_row css_animation=&#8221;element_from_fade&#8221; row_type=&#8221;row&#8221; use_row_as_full_screen_section=&#8221;no&#8221; type=&#8221;grid&#8221; angled_section=&#8221;no&#8221; text_align=&#8221;center&#8221; background_image_as_pattern=&#8221;without_pattern&#8221; padding_top=&#8221;30&#8243; padding_bottom=&#8221;80&#8243; z_index=&#8221;&#8221;][vc_column][vc_column_text el_class=&#8221;section_title&#8221;] FISIOBALANCE, TU CENTRO DE FISIOTERAPIA Y OSTEOPATIA [\/vc_column_text][vc_row_inner row_type=&#8221;row&#8221; type=&#8221;full_width&#8221; text_align=&#8221;left&#8221; padding_top=&#8221;40&#8243; css_animation=&#8221;&#8221; el_class=&#8221;conocenos_equipo&#8221;][vc_column_inner width=&#8221;1\/3&#8243;][vc_single_image image=&#8221;8928&#8243; img_size=&#8221;full&#8221; qode_css_animation=&#8221;&#8221;][\/vc_column_inner][vc_column_inner width=&#8221;2\/3&#8243;][vc_column_text el_class=&#8221;ulst1&#8243;] CRISTINA&#8230;<\/p>\n","protected":false},"author":2,"featured_media":0,"parent":193,"menu_order":0,"comment_status":"closed","ping_status":"closed","template":"full_width.php","meta":{"footnotes":""},"class_list":["post-8826","page","type-page","status-publish","hentry"],"yoast_head":"<!-- This site is optimized with the Yoast SEO plugin v26.3 - https:\/\/yoast.com\/wordpress\/plugins\/seo\/ -->\n<title>Cristina Martinez - Fisiobalance<\/title>\n<meta name=\"robots\" content=\"index, follow, max-snippet:-1, max-image-preview:large, max-video-preview:-1\" \/>\n<link rel=\"canonical\" href=\"https:\/\/www.fisiobalance.cat\/ca\/coneix-nos\/cristina-martinez\/\" \/>\n<meta property=\"og:locale\" content=\"ca_ES\" \/>\n<meta property=\"og:type\" content=\"article\" \/>\n<meta property=\"og:title\" content=\"Cristina Martinez - Fisiobalance\" \/>\n<meta property=\"og:description\" content=\"[vc_row css_animation=&#8221;element_from_fade&#8221; row_type=&#8221;row&#8221; use_row_as_full_screen_section=&#8221;no&#8221; type=&#8221;grid&#8221; angled_section=&#8221;no&#8221; text_align=&#8221;center&#8221; background_image_as_pattern=&#8221;without_pattern&#8221; background_color=&#8221;#00a8b8&#8243; padding_top=&#8221;20&#8243; padding_bottom=&#8221;20&#8243; z_index=&#8221;&#8221; el_class=&#8221;home_res&#8221;][vc_column][\/vc_column][\/vc_row][vc_row css_animation=&#8221;element_from_fade&#8221; row_type=&#8221;row&#8221; use_row_as_full_screen_section=&#8221;no&#8221; type=&#8221;grid&#8221; angled_section=&#8221;no&#8221; text_align=&#8221;center&#8221; background_image_as_pattern=&#8221;without_pattern&#8221; padding_top=&#8221;30&#8243; padding_bottom=&#8221;80&#8243; z_index=&#8221;&#8221;][vc_column][vc_column_text el_class=&#8221;section_title&#8221;] FISIOBALANCE, TU CENTRO DE FISIOTERAPIA Y OSTEOPATIA [\/vc_column_text][vc_row_inner row_type=&#8221;row&#8221; type=&#8221;full_width&#8221; text_align=&#8221;left&#8221; padding_top=&#8221;40&#8243; css_animation=&#8221;&#8221; el_class=&#8221;conocenos_equipo&#8221;][vc_column_inner width=&#8221;1\/3&#8243;][vc_single_image image=&#8221;8928&#8243; img_size=&#8221;full&#8221; qode_css_animation=&#8221;&#8221;][\/vc_column_inner][vc_column_inner width=&#8221;2\/3&#8243;][vc_column_text el_class=&#8221;ulst1&#8243;] CRISTINA...\" \/>\n<meta property=\"og:url\" content=\"https:\/\/www.fisiobalance.cat\/ca\/coneix-nos\/cristina-martinez\/\" \/>\n<meta property=\"og:site_name\" content=\"Fisiobalance\" \/>\n<meta property=\"article:modified_time\" content=\"2026-01-16T14:26:10+00:00\" \/>\n<meta name=\"twitter:card\" content=\"summary_large_image\" \/>\n<meta name=\"twitter:label1\" content=\"Temps estimat de lectura\" \/>\n\t<meta name=\"twitter:data1\" content=\"2 minuts\" \/>\n<script type=\"application\/ld+json\" class=\"yoast-schema-graph\">{\"@context\":\"https:\/\/schema.org\",\"@graph\":[{\"@type\":\"WebPage\",\"@id\":\"https:\/\/www.fisiobalance.cat\/ca\/coneix-nos\/cristina-martinez\/\",\"url\":\"https:\/\/www.fisiobalance.cat\/ca\/coneix-nos\/cristina-martinez\/\",\"name\":\"Cristina Martinez - Fisiobalance\",\"isPartOf\":{\"@id\":\"https:\/\/www.fisiobalance.cat\/#website\"},\"datePublished\":\"2026-01-06T09:30:21+00:00\",\"dateModified\":\"2026-01-16T14:26:10+00:00\",\"breadcrumb\":{\"@id\":\"https:\/\/www.fisiobalance.cat\/ca\/coneix-nos\/cristina-martinez\/#breadcrumb\"},\"inLanguage\":\"ca\",\"potentialAction\":[{\"@type\":\"ReadAction\",\"target\":[\"https:\/\/www.fisiobalance.cat\/ca\/coneix-nos\/cristina-martinez\/\"]}]},{\"@type\":\"BreadcrumbList\",\"@id\":\"https:\/\/www.fisiobalance.cat\/ca\/coneix-nos\/cristina-martinez\/#breadcrumb\",\"itemListElement\":[{\"@type\":\"ListItem\",\"position\":1,\"name\":\"Portada\",\"item\":\"https:\/\/www.fisiobalance.cat\/ca\/\"},{\"@type\":\"ListItem\",\"position\":2,\"name\":\"Coneix-nos\",\"item\":\"https:\/\/www.fisiobalance.cat\/ca\/coneix-nos\/\"},{\"@type\":\"ListItem\",\"position\":3,\"name\":\"Cristina Martinez\"}]},{\"@type\":\"WebSite\",\"@id\":\"https:\/\/www.fisiobalance.cat\/#website\",\"url\":\"https:\/\/www.fisiobalance.cat\/\",\"name\":\"Fisiobalance\",\"description\":\"\",\"publisher\":{\"@id\":\"https:\/\/www.fisiobalance.cat\/#organization\"},\"potentialAction\":[{\"@type\":\"SearchAction\",\"target\":{\"@type\":\"EntryPoint\",\"urlTemplate\":\"https:\/\/www.fisiobalance.cat\/?s={search_term_string}\"},\"query-input\":{\"@type\":\"PropertyValueSpecification\",\"valueRequired\":true,\"valueName\":\"search_term_string\"}}],\"inLanguage\":\"ca\"},{\"@type\":\"Organization\",\"@id\":\"https:\/\/www.fisiobalance.cat\/#organization\",\"name\":\"Fisiobalance\",\"url\":\"https:\/\/www.fisiobalance.cat\/\",\"logo\":{\"@type\":\"ImageObject\",\"inLanguage\":\"ca\",\"@id\":\"https:\/\/www.fisiobalance.cat\/#\/schema\/logo\/image\/\",\"url\":\"https:\/\/www.fisiobalance.cat\/wp-content\/uploads\/2018\/06\/fisiobalance_logo.png\",\"contentUrl\":\"https:\/\/www.fisiobalance.cat\/wp-content\/uploads\/2018\/06\/fisiobalance_logo.png\",\"width\":369,\"height\":53,\"caption\":\"Fisiobalance\"},\"image\":{\"@id\":\"https:\/\/www.fisiobalance.cat\/#\/schema\/logo\/image\/\"}}]}<\/script>\n<!-- \/ Yoast SEO plugin. -->","yoast_head_json":{"title":"Cristina Martinez - Fisiobalance","robots":{"index":"index","follow":"follow","max-snippet":"max-snippet:-1","max-image-preview":"max-image-preview:large","max-video-preview":"max-video-preview:-1"},"canonical":"https:\/\/www.fisiobalance.cat\/ca\/coneix-nos\/cristina-martinez\/","og_locale":"ca_ES","og_type":"article","og_title":"Cristina Martinez - Fisiobalance","og_description":"[vc_row css_animation=&#8221;element_from_fade&#8221; row_type=&#8221;row&#8221; use_row_as_full_screen_section=&#8221;no&#8221; type=&#8221;grid&#8221; angled_section=&#8221;no&#8221; text_align=&#8221;center&#8221; background_image_as_pattern=&#8221;without_pattern&#8221; background_color=&#8221;#00a8b8&#8243; padding_top=&#8221;20&#8243; padding_bottom=&#8221;20&#8243; z_index=&#8221;&#8221; el_class=&#8221;home_res&#8221;][vc_column][\/vc_column][\/vc_row][vc_row css_animation=&#8221;element_from_fade&#8221; row_type=&#8221;row&#8221; use_row_as_full_screen_section=&#8221;no&#8221; type=&#8221;grid&#8221; angled_section=&#8221;no&#8221; text_align=&#8221;center&#8221; background_image_as_pattern=&#8221;without_pattern&#8221; padding_top=&#8221;30&#8243; padding_bottom=&#8221;80&#8243; z_index=&#8221;&#8221;][vc_column][vc_column_text el_class=&#8221;section_title&#8221;] FISIOBALANCE, TU CENTRO DE FISIOTERAPIA Y OSTEOPATIA [\/vc_column_text][vc_row_inner row_type=&#8221;row&#8221; type=&#8221;full_width&#8221; text_align=&#8221;left&#8221; padding_top=&#8221;40&#8243; css_animation=&#8221;&#8221; el_class=&#8221;conocenos_equipo&#8221;][vc_column_inner width=&#8221;1\/3&#8243;][vc_single_image image=&#8221;8928&#8243; img_size=&#8221;full&#8221; qode_css_animation=&#8221;&#8221;][\/vc_column_inner][vc_column_inner width=&#8221;2\/3&#8243;][vc_column_text el_class=&#8221;ulst1&#8243;] CRISTINA...","og_url":"https:\/\/www.fisiobalance.cat\/ca\/coneix-nos\/cristina-martinez\/","og_site_name":"Fisiobalance","article_modified_time":"2026-01-16T14:26:10+00:00","twitter_card":"summary_large_image","twitter_misc":{"Temps estimat de lectura":"2 minuts"},"schema":{"@context":"https:\/\/schema.org","@graph":[{"@type":"WebPage","@id":"https:\/\/www.fisiobalance.cat\/ca\/coneix-nos\/cristina-martinez\/","url":"https:\/\/www.fisiobalance.cat\/ca\/coneix-nos\/cristina-martinez\/","name":"Cristina Martinez - Fisiobalance","isPartOf":{"@id":"https:\/\/www.fisiobalance.cat\/#website"},"datePublished":"2026-01-06T09:30:21+00:00","dateModified":"2026-01-16T14:26:10+00:00","breadcrumb":{"@id":"https:\/\/www.fisiobalance.cat\/ca\/coneix-nos\/cristina-martinez\/#breadcrumb"},"inLanguage":"ca","potentialAction":[{"@type":"ReadAction","target":["https:\/\/www.fisiobalance.cat\/ca\/coneix-nos\/cristina-martinez\/"]}]},{"@type":"BreadcrumbList","@id":"https:\/\/www.fisiobalance.cat\/ca\/coneix-nos\/cristina-martinez\/#breadcrumb","itemListElement":[{"@type":"ListItem","position":1,"name":"Portada","item":"https:\/\/www.fisiobalance.cat\/ca\/"},{"@type":"ListItem","position":2,"name":"Coneix-nos","item":"https:\/\/www.fisiobalance.cat\/ca\/coneix-nos\/"},{"@type":"ListItem","position":3,"name":"Cristina Martinez"}]},{"@type":"WebSite","@id":"https:\/\/www.fisiobalance.cat\/#website","url":"https:\/\/www.fisiobalance.cat\/","name":"Fisiobalance","description":"","publisher":{"@id":"https:\/\/www.fisiobalance.cat\/#organization"},"potentialAction":[{"@type":"SearchAction","target":{"@type":"EntryPoint","urlTemplate":"https:\/\/www.fisiobalance.cat\/?s={search_term_string}"},"query-input":{"@type":"PropertyValueSpecification","valueRequired":true,"valueName":"search_term_string"}}],"inLanguage":"ca"},{"@type":"Organization","@id":"https:\/\/www.fisiobalance.cat\/#organization","name":"Fisiobalance","url":"https:\/\/www.fisiobalance.cat\/","logo":{"@type":"ImageObject","inLanguage":"ca","@id":"https:\/\/www.fisiobalance.cat\/#\/schema\/logo\/image\/","url":"https:\/\/www.fisiobalance.cat\/wp-content\/uploads\/2018\/06\/fisiobalance_logo.png","contentUrl":"https:\/\/www.fisiobalance.cat\/wp-content\/uploads\/2018\/06\/fisiobalance_logo.png","width":369,"height":53,"caption":"Fisiobalance"},"image":{"@id":"https:\/\/www.fisiobalance.cat\/#\/schema\/logo\/image\/"}}]}},"_links":{"self":[{"href":"https:\/\/www.fisiobalance.cat\/ca\/wp-json\/wp\/v2\/pages\/8826","targetHints":{"allow":["GET"]}}],"collection":[{"href":"https:\/\/www.fisiobalance.cat\/ca\/wp-json\/wp\/v2\/pages"}],"about":[{"href":"https:\/\/www.fisiobalance.cat\/ca\/wp-json\/wp\/v2\/types\/page"}],"author":[{"embeddable":true,"href":"https:\/\/www.fisiobalance.cat\/ca\/wp-json\/wp\/v2\/users\/2"}],"replies":[{"embeddable":true,"href":"https:\/\/www.fisiobalance.cat\/ca\/wp-json\/wp\/v2\/comments?post=8826"}],"version-history":[{"count":5,"href":"https:\/\/www.fisiobalance.cat\/ca\/wp-json\/wp\/v2\/pages\/8826\/revisions"}],"predecessor-version":[{"id":8942,"href":"https:\/\/www.fisiobalance.cat\/ca\/wp-json\/wp\/v2\/pages\/8826\/revisions\/8942"}],"up":[{"embeddable":true,"href":"https:\/\/www.fisiobalance.cat\/ca\/wp-json\/wp\/v2\/pages\/193"}],"wp:attachment":[{"href":"https:\/\/www.fisiobalance.cat\/ca\/wp-json\/wp\/v2\/media?parent=8826"}],"curies":[{"name":"wp","href":"https:\/\/api.w.org\/{rel}","templated":true}]}}