{"id":967,"date":"2020-06-08T20:41:15","date_gmt":"2020-06-08T18:41:15","guid":{"rendered":"https:\/\/www.fisiobalance.cat\/?page_id=967"},"modified":"2020-06-08T20:46:20","modified_gmt":"2020-06-08T18:46:20","slug":"mesures-de-proteccio","status":"publish","type":"page","link":"https:\/\/www.fisiobalance.cat\/ca\/mesures-de-proteccio\/","title":{"rendered":"Mesures de protecci\u00f3"},"content":{"rendered":"<div class=\"wpb-content-wrapper\"><p>[vc_row css_animation=&#8221;&#8221; row_type=&#8221;row&#8221; use_row_as_full_screen_section=&#8221;no&#8221; type=&#8221;grid&#8221; angled_section=&#8221;no&#8221; text_align=&#8221;left&#8221; background_image_as_pattern=&#8221;without_pattern&#8221; padding_top=&#8221;60&#8243; padding_bottom=&#8221;60&#8243; z_index=&#8221;&#8221;][vc_column][vc_column_text]<\/p>\n<h1><strong>PROTOCOL \/ NOVES NORMES \/ SALUT \/ FISIOBALANCE ET CUIDA<\/strong><\/h1>\n<p>Davant la nova situaci\u00f3 i per tal de minimitzar els riscos de contagi del coronavirus, us comuniquem les noves mesures de seguretat que estem duent a terme per poder garantir el compliment de totes les normes d&#8217;higiene i protecci\u00f3 en els nostres tractaments.<\/p>\n<p>El centre sanitari FisioBalance amb Registre de Centres de Serveis i Establiments Sanitaris E08709012 i el seu equip de professionals, tots col\u00b7legiats, estem acostumats a tractar pacients amb patologies de base (malalties cardiovasculars, respirat\u00f2ries &#8230;), i seguim els protocols d&#8217;higiene i seguretat del pacient i el fisioterapeuta per mantenir les m\u00e0ximes garanties sanit\u00e0ries.<\/p>\n<p>Qu\u00e8 ha de tenir en compte al visitar-nos:<\/p>\n<ul>\n<li>No ha de tenir s\u00edmptomes associats al coronavirus (tos, febre, mal de cap &#8230;)<\/li>\n<li>Ha d&#8217;acudir a centre sol, sense acompanyant (llevat que es tracti d&#8217;un menor o persona dependent).<\/li>\n<li>Al entrar a el centre es treur\u00e0 les sabates a l&#8217;entrada. Disposem de protectors de peus o tamb\u00e9 pot venir amb uns mitjons de recanvi.<\/li>\n<li>Rentat de mans de pacient i fisioterapeuta abans d&#8217;entrar a box de tractament: rentar correctament les mans i avantbra\u00e7os durant 20 segons amb aigua i sab\u00f3, abans i despr\u00e9s de l&#8217;tractament.<\/li>\n<li>\u00das OBLIGATORI de m\u00e0scara per part de l&#8217;pacient i el fisioterapeuta.<\/li>\n<li>\u00das de guants d&#8217;un sol \u00fas per part del fisioterapeuta quan siguin pacients de risc.<\/li>\n<li>Desinfecci\u00f3, neteja i ventilaci\u00f3 de box entre pacient i pacient. (llitera, poms, taula ..)<\/li>\n<\/ul>\n<p>[\/vc_column_text][\/vc_column][\/vc_row]<\/p>\n<\/div>","protected":false},"excerpt":{"rendered":"<p>[vc_row css_animation=&#8221;&#8221; row_type=&#8221;row&#8221; use_row_as_full_screen_section=&#8221;no&#8221; type=&#8221;grid&#8221; angled_section=&#8221;no&#8221; text_align=&#8221;left&#8221; background_image_as_pattern=&#8221;without_pattern&#8221; padding_top=&#8221;60&#8243; padding_bottom=&#8221;60&#8243; z_index=&#8221;&#8221;][vc_column][vc_column_text] PROTOCOL \/ NOVES NORMES \/ SALUT \/ FISIOBALANCE ET CUIDA Davant la nova situaci\u00f3 i per tal de minimitzar els riscos de contagi del coronavirus, us comuniquem les noves mesures de seguretat que estem&#8230;<\/p>\n","protected":false},"author":2,"featured_media":0,"parent":0,"menu_order":0,"comment_status":"closed","ping_status":"closed","template":"full_width.php","meta":{"footnotes":""},"class_list":["post-967","page","type-page","status-publish","hentry"],"yoast_head":"<!-- This site is optimized with the Yoast SEO plugin v26.3 - https:\/\/yoast.com\/wordpress\/plugins\/seo\/ -->\n<title>Mesures de protecci\u00f3 - Fisiobalance<\/title>\n<meta name=\"robots\" content=\"index, follow, max-snippet:-1, max-image-preview:large, max-video-preview:-1\" \/>\n<link rel=\"canonical\" href=\"https:\/\/www.fisiobalance.cat\/ca\/mesures-de-proteccio\/\" \/>\n<meta property=\"og:locale\" content=\"ca_ES\" \/>\n<meta property=\"og:type\" content=\"article\" \/>\n<meta property=\"og:title\" content=\"Mesures de protecci\u00f3 - Fisiobalance\" \/>\n<meta property=\"og:description\" content=\"[vc_row css_animation=&#8221;&#8221; row_type=&#8221;row&#8221; use_row_as_full_screen_section=&#8221;no&#8221; type=&#8221;grid&#8221; angled_section=&#8221;no&#8221; text_align=&#8221;left&#8221; background_image_as_pattern=&#8221;without_pattern&#8221; padding_top=&#8221;60&#8243; padding_bottom=&#8221;60&#8243; z_index=&#8221;&#8221;][vc_column][vc_column_text] PROTOCOL \/ NOVES NORMES \/ SALUT \/ FISIOBALANCE ET CUIDA Davant la nova situaci\u00f3 i per tal de minimitzar els riscos de contagi del coronavirus, us comuniquem les noves mesures de seguretat que estem...\" \/>\n<meta property=\"og:url\" content=\"https:\/\/www.fisiobalance.cat\/ca\/mesures-de-proteccio\/\" \/>\n<meta property=\"og:site_name\" content=\"Fisiobalance\" \/>\n<meta property=\"article:modified_time\" content=\"2020-06-08T18:46:20+00:00\" \/>\n<meta name=\"twitter:card\" content=\"summary_large_image\" \/>\n<meta name=\"twitter:label1\" content=\"Temps estimat de lectura\" \/>\n\t<meta name=\"twitter:data1\" content=\"1 minut\" \/>\n<script type=\"application\/ld+json\" class=\"yoast-schema-graph\">{\"@context\":\"https:\/\/schema.org\",\"@graph\":[{\"@type\":\"WebPage\",\"@id\":\"https:\/\/www.fisiobalance.cat\/ca\/mesures-de-proteccio\/\",\"url\":\"https:\/\/www.fisiobalance.cat\/ca\/mesures-de-proteccio\/\",\"name\":\"Mesures de protecci\u00f3 - Fisiobalance\",\"isPartOf\":{\"@id\":\"https:\/\/www.fisiobalance.cat\/#website\"},\"datePublished\":\"2020-06-08T18:41:15+00:00\",\"dateModified\":\"2020-06-08T18:46:20+00:00\",\"breadcrumb\":{\"@id\":\"https:\/\/www.fisiobalance.cat\/ca\/mesures-de-proteccio\/#breadcrumb\"},\"inLanguage\":\"ca\",\"potentialAction\":[{\"@type\":\"ReadAction\",\"target\":[\"https:\/\/www.fisiobalance.cat\/ca\/mesures-de-proteccio\/\"]}]},{\"@type\":\"BreadcrumbList\",\"@id\":\"https:\/\/www.fisiobalance.cat\/ca\/mesures-de-proteccio\/#breadcrumb\",\"itemListElement\":[{\"@type\":\"ListItem\",\"position\":1,\"name\":\"Portada\",\"item\":\"https:\/\/www.fisiobalance.cat\/ca\/\"},{\"@type\":\"ListItem\",\"position\":2,\"name\":\"Mesures de protecci\u00f3\"}]},{\"@type\":\"WebSite\",\"@id\":\"https:\/\/www.fisiobalance.cat\/#website\",\"url\":\"https:\/\/www.fisiobalance.cat\/\",\"name\":\"Fisiobalance\",\"description\":\"\",\"publisher\":{\"@id\":\"https:\/\/www.fisiobalance.cat\/#organization\"},\"potentialAction\":[{\"@type\":\"SearchAction\",\"target\":{\"@type\":\"EntryPoint\",\"urlTemplate\":\"https:\/\/www.fisiobalance.cat\/?s={search_term_string}\"},\"query-input\":{\"@type\":\"PropertyValueSpecification\",\"valueRequired\":true,\"valueName\":\"search_term_string\"}}],\"inLanguage\":\"ca\"},{\"@type\":\"Organization\",\"@id\":\"https:\/\/www.fisiobalance.cat\/#organization\",\"name\":\"Fisiobalance\",\"url\":\"https:\/\/www.fisiobalance.cat\/\",\"logo\":{\"@type\":\"ImageObject\",\"inLanguage\":\"ca\",\"@id\":\"https:\/\/www.fisiobalance.cat\/#\/schema\/logo\/image\/\",\"url\":\"https:\/\/www.fisiobalance.cat\/wp-content\/uploads\/2018\/06\/fisiobalance_logo.png\",\"contentUrl\":\"https:\/\/www.fisiobalance.cat\/wp-content\/uploads\/2018\/06\/fisiobalance_logo.png\",\"width\":369,\"height\":53,\"caption\":\"Fisiobalance\"},\"image\":{\"@id\":\"https:\/\/www.fisiobalance.cat\/#\/schema\/logo\/image\/\"}}]}<\/script>\n<!-- \/ Yoast SEO plugin. -->","yoast_head_json":{"title":"Mesures de protecci\u00f3 - Fisiobalance","robots":{"index":"index","follow":"follow","max-snippet":"max-snippet:-1","max-image-preview":"max-image-preview:large","max-video-preview":"max-video-preview:-1"},"canonical":"https:\/\/www.fisiobalance.cat\/ca\/mesures-de-proteccio\/","og_locale":"ca_ES","og_type":"article","og_title":"Mesures de protecci\u00f3 - Fisiobalance","og_description":"[vc_row css_animation=&#8221;&#8221; row_type=&#8221;row&#8221; use_row_as_full_screen_section=&#8221;no&#8221; type=&#8221;grid&#8221; angled_section=&#8221;no&#8221; text_align=&#8221;left&#8221; background_image_as_pattern=&#8221;without_pattern&#8221; padding_top=&#8221;60&#8243; padding_bottom=&#8221;60&#8243; z_index=&#8221;&#8221;][vc_column][vc_column_text] PROTOCOL \/ NOVES NORMES \/ SALUT \/ FISIOBALANCE ET CUIDA Davant la nova situaci\u00f3 i per tal de minimitzar els riscos de contagi del coronavirus, us comuniquem les noves mesures de seguretat que estem...","og_url":"https:\/\/www.fisiobalance.cat\/ca\/mesures-de-proteccio\/","og_site_name":"Fisiobalance","article_modified_time":"2020-06-08T18:46:20+00:00","twitter_card":"summary_large_image","twitter_misc":{"Temps estimat de lectura":"1 minut"},"schema":{"@context":"https:\/\/schema.org","@graph":[{"@type":"WebPage","@id":"https:\/\/www.fisiobalance.cat\/ca\/mesures-de-proteccio\/","url":"https:\/\/www.fisiobalance.cat\/ca\/mesures-de-proteccio\/","name":"Mesures de protecci\u00f3 - Fisiobalance","isPartOf":{"@id":"https:\/\/www.fisiobalance.cat\/#website"},"datePublished":"2020-06-08T18:41:15+00:00","dateModified":"2020-06-08T18:46:20+00:00","breadcrumb":{"@id":"https:\/\/www.fisiobalance.cat\/ca\/mesures-de-proteccio\/#breadcrumb"},"inLanguage":"ca","potentialAction":[{"@type":"ReadAction","target":["https:\/\/www.fisiobalance.cat\/ca\/mesures-de-proteccio\/"]}]},{"@type":"BreadcrumbList","@id":"https:\/\/www.fisiobalance.cat\/ca\/mesures-de-proteccio\/#breadcrumb","itemListElement":[{"@type":"ListItem","position":1,"name":"Portada","item":"https:\/\/www.fisiobalance.cat\/ca\/"},{"@type":"ListItem","position":2,"name":"Mesures de protecci\u00f3"}]},{"@type":"WebSite","@id":"https:\/\/www.fisiobalance.cat\/#website","url":"https:\/\/www.fisiobalance.cat\/","name":"Fisiobalance","description":"","publisher":{"@id":"https:\/\/www.fisiobalance.cat\/#organization"},"potentialAction":[{"@type":"SearchAction","target":{"@type":"EntryPoint","urlTemplate":"https:\/\/www.fisiobalance.cat\/?s={search_term_string}"},"query-input":{"@type":"PropertyValueSpecification","valueRequired":true,"valueName":"search_term_string"}}],"inLanguage":"ca"},{"@type":"Organization","@id":"https:\/\/www.fisiobalance.cat\/#organization","name":"Fisiobalance","url":"https:\/\/www.fisiobalance.cat\/","logo":{"@type":"ImageObject","inLanguage":"ca","@id":"https:\/\/www.fisiobalance.cat\/#\/schema\/logo\/image\/","url":"https:\/\/www.fisiobalance.cat\/wp-content\/uploads\/2018\/06\/fisiobalance_logo.png","contentUrl":"https:\/\/www.fisiobalance.cat\/wp-content\/uploads\/2018\/06\/fisiobalance_logo.png","width":369,"height":53,"caption":"Fisiobalance"},"image":{"@id":"https:\/\/www.fisiobalance.cat\/#\/schema\/logo\/image\/"}}]}},"_links":{"self":[{"href":"https:\/\/www.fisiobalance.cat\/ca\/wp-json\/wp\/v2\/pages\/967","targetHints":{"allow":["GET"]}}],"collection":[{"href":"https:\/\/www.fisiobalance.cat\/ca\/wp-json\/wp\/v2\/pages"}],"about":[{"href":"https:\/\/www.fisiobalance.cat\/ca\/wp-json\/wp\/v2\/types\/page"}],"author":[{"embeddable":true,"href":"https:\/\/www.fisiobalance.cat\/ca\/wp-json\/wp\/v2\/users\/2"}],"replies":[{"embeddable":true,"href":"https:\/\/www.fisiobalance.cat\/ca\/wp-json\/wp\/v2\/comments?post=967"}],"version-history":[{"count":7,"href":"https:\/\/www.fisiobalance.cat\/ca\/wp-json\/wp\/v2\/pages\/967\/revisions"}],"predecessor-version":[{"id":994,"href":"https:\/\/www.fisiobalance.cat\/ca\/wp-json\/wp\/v2\/pages\/967\/revisions\/994"}],"wp:attachment":[{"href":"https:\/\/www.fisiobalance.cat\/ca\/wp-json\/wp\/v2\/media?parent=967"}],"curies":[{"name":"wp","href":"https:\/\/api.w.org\/{rel}","templated":true}]}}