{"id":1127,"date":"2020-07-12T19:38:02","date_gmt":"2020-07-12T17:38:02","guid":{"rendered":"https:\/\/www.fisiobalance.cat\/producto\/bono-6-sessions-drenatge-linfatic\/"},"modified":"2026-01-02T08:32:29","modified_gmt":"2026-01-02T07:32:29","slug":"bono-6-sessions-drenatge-linfatic","status":"publish","type":"product","link":"https:\/\/www.fisiobalance.cat\/ca\/producto\/bono-6-sessions-drenatge-linfatic\/","title":{"rendered":"Bono 6 sessions Drenatge linf\u00e0tic"},"content":{"rendered":"","protected":false},"excerpt":{"rendered":"<p>T\u00e8cnica de massatge terap\u00e8utic, que consisteix en maniobres manuals molt suaus que, basades en un profund estudi de l\u2019anatomia i fisiologia del sistema limf\u00e0tic, es realitzen amb la finalitat de drenar o despla\u00e7ar la limfa que per qualsevol causa patol\u00f2gica es troba estancada a territoris limf\u00e0tics sans per a la seva evacuaci\u00f3 normal cap al torrent ven\u00f3s.<\/p>\n","protected":false},"featured_media":1259,"template":"","meta":[],"product_brand":[],"product_cat":[60],"product_tag":[],"class_list":{"0":"post-1127","1":"product","2":"type-product","3":"status-publish","4":"has-post-thumbnail","6":"product_cat-gift-card","8":"first","9":"instock","10":"sold-individually","11":"shipping-taxable","12":"purchasable","13":"product-type-wgm_gift_card"},"yoast_head":"<!-- This site is optimized with the Yoast SEO plugin v26.3 - https:\/\/yoast.com\/wordpress\/plugins\/seo\/ -->\n<title>Bono 6 sessions Drenatge linf\u00e0tic - Fisiobalance<\/title>\n<meta name=\"robots\" content=\"index, follow, max-snippet:-1, max-image-preview:large, max-video-preview:-1\" \/>\n<link rel=\"canonical\" href=\"https:\/\/www.fisiobalance.cat\/ca\/producto\/bono-6-sessions-drenatge-linfatic\/\" \/>\n<meta property=\"og:locale\" content=\"ca_ES\" \/>\n<meta property=\"og:type\" content=\"article\" \/>\n<meta property=\"og:title\" content=\"Bono 6 sessions Drenatge linf\u00e0tic - Fisiobalance\" \/>\n<meta property=\"og:description\" content=\"T\u00e8cnica de massatge terap\u00e8utic, que consisteix en maniobres manuals molt suaus que, basades en un profund estudi de l\u2019anatomia i fisiologia del sistema limf\u00e0tic, es realitzen amb la finalitat de drenar o despla\u00e7ar la limfa que per qualsevol causa patol\u00f2gica es troba estancada a territoris limf\u00e0tics sans per a la seva evacuaci\u00f3 normal cap al torrent ven\u00f3s.\" \/>\n<meta property=\"og:url\" content=\"https:\/\/www.fisiobalance.cat\/ca\/producto\/bono-6-sessions-drenatge-linfatic\/\" \/>\n<meta property=\"og:site_name\" content=\"Fisiobalance\" \/>\n<meta property=\"article:modified_time\" content=\"2026-01-02T07:32:29+00:00\" \/>\n<meta property=\"og:image\" content=\"https:\/\/www.fisiobalance.cat\/wp-content\/uploads\/2020\/07\/drenaje.jpg\" \/>\n\t<meta property=\"og:image:width\" content=\"450\" \/>\n\t<meta property=\"og:image:height\" content=\"300\" \/>\n\t<meta property=\"og:image:type\" content=\"image\/jpeg\" \/>\n<meta name=\"twitter:card\" content=\"summary_large_image\" \/>\n<meta name=\"twitter:label1\" content=\"Temps estimat de lectura\" \/>\n\t<meta name=\"twitter:data1\" content=\"1 minut\" \/>\n<script type=\"application\/ld+json\" class=\"yoast-schema-graph\">{\"@context\":\"https:\/\/schema.org\",\"@graph\":[{\"@type\":\"WebPage\",\"@id\":\"https:\/\/www.fisiobalance.cat\/ca\/producto\/bono-6-sessions-drenatge-linfatic\/\",\"url\":\"https:\/\/www.fisiobalance.cat\/ca\/producto\/bono-6-sessions-drenatge-linfatic\/\",\"name\":\"Bono 6 sessions Drenatge linf\u00e0tic - Fisiobalance\",\"isPartOf\":{\"@id\":\"https:\/\/www.fisiobalance.cat\/#website\"},\"primaryImageOfPage\":{\"@id\":\"https:\/\/www.fisiobalance.cat\/ca\/producto\/bono-6-sessions-drenatge-linfatic\/#primaryimage\"},\"image\":{\"@id\":\"https:\/\/www.fisiobalance.cat\/ca\/producto\/bono-6-sessions-drenatge-linfatic\/#primaryimage\"},\"thumbnailUrl\":\"https:\/\/www.fisiobalance.cat\/wp-content\/uploads\/2020\/07\/drenaje.jpg\",\"datePublished\":\"2020-07-12T17:38:02+00:00\",\"dateModified\":\"2026-01-02T07:32:29+00:00\",\"breadcrumb\":{\"@id\":\"https:\/\/www.fisiobalance.cat\/ca\/producto\/bono-6-sessions-drenatge-linfatic\/#breadcrumb\"},\"inLanguage\":\"ca\",\"potentialAction\":[{\"@type\":\"ReadAction\",\"target\":[\"https:\/\/www.fisiobalance.cat\/ca\/producto\/bono-6-sessions-drenatge-linfatic\/\"]}]},{\"@type\":\"ImageObject\",\"inLanguage\":\"ca\",\"@id\":\"https:\/\/www.fisiobalance.cat\/ca\/producto\/bono-6-sessions-drenatge-linfatic\/#primaryimage\",\"url\":\"https:\/\/www.fisiobalance.cat\/wp-content\/uploads\/2020\/07\/drenaje.jpg\",\"contentUrl\":\"https:\/\/www.fisiobalance.cat\/wp-content\/uploads\/2020\/07\/drenaje.jpg\",\"width\":450,\"height\":300},{\"@type\":\"BreadcrumbList\",\"@id\":\"https:\/\/www.fisiobalance.cat\/ca\/producto\/bono-6-sessions-drenatge-linfatic\/#breadcrumb\",\"itemListElement\":[{\"@type\":\"ListItem\",\"position\":1,\"name\":\"Portada\",\"item\":\"https:\/\/www.fisiobalance.cat\/ca\/\"},{\"@type\":\"ListItem\",\"position\":2,\"name\":\"Targetes regal\",\"item\":\"https:\/\/www.fisiobalance.cat\/ca\/targetes-regal\/\"},{\"@type\":\"ListItem\",\"position\":3,\"name\":\"Bono 6 sessions Drenatge linf\u00e0tic\"}]},{\"@type\":\"WebSite\",\"@id\":\"https:\/\/www.fisiobalance.cat\/#website\",\"url\":\"https:\/\/www.fisiobalance.cat\/\",\"name\":\"Fisiobalance\",\"description\":\"\",\"publisher\":{\"@id\":\"https:\/\/www.fisiobalance.cat\/#organization\"},\"potentialAction\":[{\"@type\":\"SearchAction\",\"target\":{\"@type\":\"EntryPoint\",\"urlTemplate\":\"https:\/\/www.fisiobalance.cat\/?s={search_term_string}\"},\"query-input\":{\"@type\":\"PropertyValueSpecification\",\"valueRequired\":true,\"valueName\":\"search_term_string\"}}],\"inLanguage\":\"ca\"},{\"@type\":\"Organization\",\"@id\":\"https:\/\/www.fisiobalance.cat\/#organization\",\"name\":\"Fisiobalance\",\"url\":\"https:\/\/www.fisiobalance.cat\/\",\"logo\":{\"@type\":\"ImageObject\",\"inLanguage\":\"ca\",\"@id\":\"https:\/\/www.fisiobalance.cat\/#\/schema\/logo\/image\/\",\"url\":\"https:\/\/www.fisiobalance.cat\/wp-content\/uploads\/2018\/06\/fisiobalance_logo.png\",\"contentUrl\":\"https:\/\/www.fisiobalance.cat\/wp-content\/uploads\/2018\/06\/fisiobalance_logo.png\",\"width\":369,\"height\":53,\"caption\":\"Fisiobalance\"},\"image\":{\"@id\":\"https:\/\/www.fisiobalance.cat\/#\/schema\/logo\/image\/\"}}]}<\/script>\n<!-- \/ Yoast SEO plugin. -->","yoast_head_json":{"title":"Bono 6 sessions Drenatge linf\u00e0tic - Fisiobalance","robots":{"index":"index","follow":"follow","max-snippet":"max-snippet:-1","max-image-preview":"max-image-preview:large","max-video-preview":"max-video-preview:-1"},"canonical":"https:\/\/www.fisiobalance.cat\/ca\/producto\/bono-6-sessions-drenatge-linfatic\/","og_locale":"ca_ES","og_type":"article","og_title":"Bono 6 sessions Drenatge linf\u00e0tic - Fisiobalance","og_description":"T\u00e8cnica de massatge terap\u00e8utic, que consisteix en maniobres manuals molt suaus que, basades en un profund estudi de l\u2019anatomia i fisiologia del sistema limf\u00e0tic, es realitzen amb la finalitat de drenar o despla\u00e7ar la limfa que per qualsevol causa patol\u00f2gica es troba estancada a territoris limf\u00e0tics sans per a la seva evacuaci\u00f3 normal cap al torrent ven\u00f3s.","og_url":"https:\/\/www.fisiobalance.cat\/ca\/producto\/bono-6-sessions-drenatge-linfatic\/","og_site_name":"Fisiobalance","article_modified_time":"2026-01-02T07:32:29+00:00","og_image":[{"width":450,"height":300,"url":"https:\/\/www.fisiobalance.cat\/wp-content\/uploads\/2020\/07\/drenaje.jpg","type":"image\/jpeg"}],"twitter_card":"summary_large_image","twitter_misc":{"Temps estimat de lectura":"1 minut"},"schema":{"@context":"https:\/\/schema.org","@graph":[{"@type":"WebPage","@id":"https:\/\/www.fisiobalance.cat\/ca\/producto\/bono-6-sessions-drenatge-linfatic\/","url":"https:\/\/www.fisiobalance.cat\/ca\/producto\/bono-6-sessions-drenatge-linfatic\/","name":"Bono 6 sessions Drenatge linf\u00e0tic - Fisiobalance","isPartOf":{"@id":"https:\/\/www.fisiobalance.cat\/#website"},"primaryImageOfPage":{"@id":"https:\/\/www.fisiobalance.cat\/ca\/producto\/bono-6-sessions-drenatge-linfatic\/#primaryimage"},"image":{"@id":"https:\/\/www.fisiobalance.cat\/ca\/producto\/bono-6-sessions-drenatge-linfatic\/#primaryimage"},"thumbnailUrl":"https:\/\/www.fisiobalance.cat\/wp-content\/uploads\/2020\/07\/drenaje.jpg","datePublished":"2020-07-12T17:38:02+00:00","dateModified":"2026-01-02T07:32:29+00:00","breadcrumb":{"@id":"https:\/\/www.fisiobalance.cat\/ca\/producto\/bono-6-sessions-drenatge-linfatic\/#breadcrumb"},"inLanguage":"ca","potentialAction":[{"@type":"ReadAction","target":["https:\/\/www.fisiobalance.cat\/ca\/producto\/bono-6-sessions-drenatge-linfatic\/"]}]},{"@type":"ImageObject","inLanguage":"ca","@id":"https:\/\/www.fisiobalance.cat\/ca\/producto\/bono-6-sessions-drenatge-linfatic\/#primaryimage","url":"https:\/\/www.fisiobalance.cat\/wp-content\/uploads\/2020\/07\/drenaje.jpg","contentUrl":"https:\/\/www.fisiobalance.cat\/wp-content\/uploads\/2020\/07\/drenaje.jpg","width":450,"height":300},{"@type":"BreadcrumbList","@id":"https:\/\/www.fisiobalance.cat\/ca\/producto\/bono-6-sessions-drenatge-linfatic\/#breadcrumb","itemListElement":[{"@type":"ListItem","position":1,"name":"Portada","item":"https:\/\/www.fisiobalance.cat\/ca\/"},{"@type":"ListItem","position":2,"name":"Targetes regal","item":"https:\/\/www.fisiobalance.cat\/ca\/targetes-regal\/"},{"@type":"ListItem","position":3,"name":"Bono 6 sessions Drenatge linf\u00e0tic"}]},{"@type":"WebSite","@id":"https:\/\/www.fisiobalance.cat\/#website","url":"https:\/\/www.fisiobalance.cat\/","name":"Fisiobalance","description":"","publisher":{"@id":"https:\/\/www.fisiobalance.cat\/#organization"},"potentialAction":[{"@type":"SearchAction","target":{"@type":"EntryPoint","urlTemplate":"https:\/\/www.fisiobalance.cat\/?s={search_term_string}"},"query-input":{"@type":"PropertyValueSpecification","valueRequired":true,"valueName":"search_term_string"}}],"inLanguage":"ca"},{"@type":"Organization","@id":"https:\/\/www.fisiobalance.cat\/#organization","name":"Fisiobalance","url":"https:\/\/www.fisiobalance.cat\/","logo":{"@type":"ImageObject","inLanguage":"ca","@id":"https:\/\/www.fisiobalance.cat\/#\/schema\/logo\/image\/","url":"https:\/\/www.fisiobalance.cat\/wp-content\/uploads\/2018\/06\/fisiobalance_logo.png","contentUrl":"https:\/\/www.fisiobalance.cat\/wp-content\/uploads\/2018\/06\/fisiobalance_logo.png","width":369,"height":53,"caption":"Fisiobalance"},"image":{"@id":"https:\/\/www.fisiobalance.cat\/#\/schema\/logo\/image\/"}}]}},"_links":{"self":[{"href":"https:\/\/www.fisiobalance.cat\/ca\/wp-json\/wp\/v2\/product\/1127","targetHints":{"allow":["GET"]}}],"collection":[{"href":"https:\/\/www.fisiobalance.cat\/ca\/wp-json\/wp\/v2\/product"}],"about":[{"href":"https:\/\/www.fisiobalance.cat\/ca\/wp-json\/wp\/v2\/types\/product"}],"wp:featuredmedia":[{"embeddable":true,"href":"https:\/\/www.fisiobalance.cat\/ca\/wp-json\/wp\/v2\/media\/1259"}],"wp:attachment":[{"href":"https:\/\/www.fisiobalance.cat\/ca\/wp-json\/wp\/v2\/media?parent=1127"}],"wp:term":[{"taxonomy":"product_brand","embeddable":true,"href":"https:\/\/www.fisiobalance.cat\/ca\/wp-json\/wp\/v2\/product_brand?post=1127"},{"taxonomy":"product_cat","embeddable":true,"href":"https:\/\/www.fisiobalance.cat\/ca\/wp-json\/wp\/v2\/product_cat?post=1127"},{"taxonomy":"product_tag","embeddable":true,"href":"https:\/\/www.fisiobalance.cat\/ca\/wp-json\/wp\/v2\/product_tag?post=1127"}],"curies":[{"name":"wp","href":"https:\/\/api.w.org\/{rel}","templated":true}]}}