{"id":1130,"date":"2020-07-12T19:35:24","date_gmt":"2020-07-12T17:35:24","guid":{"rendered":"https:\/\/www.fisiobalance.cat\/producto\/bono-6-sessions-osteopatia\/"},"modified":"2026-01-02T08:33:18","modified_gmt":"2026-01-02T07:33:18","slug":"bono-6-sessions-osteopatia","status":"publish","type":"product","link":"https:\/\/www.fisiobalance.cat\/ca\/producto\/bono-6-sessions-osteopatia\/","title":{"rendered":"Bono 6 sessions Osteopatia"},"content":{"rendered":"","protected":false},"excerpt":{"rendered":"<p>Durada de cada sessi\u00f3: 55 minuts.<\/p>\n<p>L\u2019<strong>Osteopatia <\/strong>es basa en un enfocament terap\u00e8utic<strong> global del cos<\/strong>. La oste\u00f2pata posa especial atenci\u00f3 en l\u2019estructura de l\u2019individu i en els problemes mec\u00e0nics que es produeixen en ell.<\/p>\n<p>La nostra principal eina s\u00f3n les mans i fem servir diferents t\u00e8cniques de <strong> Ter\u00e0pia Manual<\/strong> adaptades a cada pacient i les seves necessitats, considerant l\u2019edat, el sexe i el seu estat de salut.<\/p>\n<p>La oste\u00f2pata veu el pacient com un tot, tenint en compte que els sistemes es relacionen entre si.<\/p>\n<p>A la <strong> primera visita <\/strong> es realitza una anamnesi i avaluaci\u00f3 inicial per definir el diagn\u00f2stic i establir el pla de tractament. \u00c9s important complimentar la hist\u00f2ria cl\u00ednica amb les \u00faltimes proves d\u2019imatge: RMN, RX, ecografia.<\/p>\n<p>Posa\u2019t en bones mans i assegura\u2019t que els professionals tenen la formaci\u00f3 adequada. En FisioBalance les oste\u00f2pates posseeixen t\u00edtol universitari en Fisioter\u00e0pia i M\u00e0ster en Osteopatia.<\/p>\n<p>&nbsp;<\/p>\n","protected":false},"featured_media":1246,"template":"","meta":[],"product_brand":[],"product_cat":[60],"product_tag":[],"class_list":{"0":"post-1130","1":"product","2":"type-product","3":"status-publish","4":"has-post-thumbnail","6":"product_cat-gift-card","8":"first","9":"instock","10":"sold-individually","11":"shipping-taxable","12":"purchasable","13":"product-type-wgm_gift_card"},"yoast_head":"<!-- This site is optimized with the Yoast SEO plugin v26.3 - https:\/\/yoast.com\/wordpress\/plugins\/seo\/ -->\n<title>Bono 6 sessions Osteopatia - Fisiobalance<\/title>\n<meta name=\"robots\" content=\"index, follow, max-snippet:-1, max-image-preview:large, max-video-preview:-1\" \/>\n<link rel=\"canonical\" href=\"https:\/\/www.fisiobalance.cat\/ca\/producto\/bono-6-sessions-osteopatia\/\" \/>\n<meta property=\"og:locale\" content=\"ca_ES\" \/>\n<meta property=\"og:type\" content=\"article\" \/>\n<meta property=\"og:title\" content=\"Bono 6 sessions Osteopatia - Fisiobalance\" \/>\n<meta property=\"og:description\" content=\"Durada de cada sessi\u00f3: 55 minuts.  L\u2019Osteopatia es basa en un enfocament terap\u00e8utic global del cos. La oste\u00f2pata posa especial atenci\u00f3 en l\u2019estructura de l\u2019individu i en els problemes mec\u00e0nics que es produeixen en ell.  La nostra principal eina s\u00f3n les mans i fem servir diferents t\u00e8cniques de Ter\u00e0pia Manual adaptades a cada pacient i les seves necessitats, considerant l\u2019edat, el sexe i el seu estat de salut.  La oste\u00f2pata veu el pacient com un tot, tenint en compte que els sistemes es relacionen entre si.  A la primera visita es realitza una anamnesi i avaluaci\u00f3 inicial per definir el diagn\u00f2stic i establir el pla de tractament. \u00c9s important complimentar la hist\u00f2ria cl\u00ednica amb les \u00faltimes proves d\u2019imatge: RMN, RX, ecografia.  Posa\u2019t en bones mans i assegura\u2019t que els professionals tenen la formaci\u00f3 adequada. En FisioBalance les oste\u00f2pates posseeixen t\u00edtol universitari en Fisioter\u00e0pia i M\u00e0ster en Osteopatia.  &nbsp;\" \/>\n<meta property=\"og:url\" content=\"https:\/\/www.fisiobalance.cat\/ca\/producto\/bono-6-sessions-osteopatia\/\" \/>\n<meta property=\"og:site_name\" content=\"Fisiobalance\" \/>\n<meta property=\"article:modified_time\" content=\"2026-01-02T07:33:18+00:00\" \/>\n<meta property=\"og:image\" content=\"https:\/\/www.fisiobalance.cat\/wp-content\/uploads\/2020\/07\/osteopatia.jpg\" \/>\n\t<meta property=\"og:image:width\" content=\"450\" \/>\n\t<meta property=\"og:image:height\" content=\"300\" \/>\n\t<meta property=\"og:image:type\" content=\"image\/jpeg\" \/>\n<meta name=\"twitter:card\" content=\"summary_large_image\" \/>\n<meta name=\"twitter:label1\" content=\"Temps estimat de lectura\" \/>\n\t<meta name=\"twitter:data1\" content=\"1 minut\" \/>\n<script type=\"application\/ld+json\" class=\"yoast-schema-graph\">{\"@context\":\"https:\/\/schema.org\",\"@graph\":[{\"@type\":\"WebPage\",\"@id\":\"https:\/\/www.fisiobalance.cat\/ca\/producto\/bono-6-sessions-osteopatia\/\",\"url\":\"https:\/\/www.fisiobalance.cat\/ca\/producto\/bono-6-sessions-osteopatia\/\",\"name\":\"Bono 6 sessions Osteopatia - Fisiobalance\",\"isPartOf\":{\"@id\":\"https:\/\/www.fisiobalance.cat\/#website\"},\"primaryImageOfPage\":{\"@id\":\"https:\/\/www.fisiobalance.cat\/ca\/producto\/bono-6-sessions-osteopatia\/#primaryimage\"},\"image\":{\"@id\":\"https:\/\/www.fisiobalance.cat\/ca\/producto\/bono-6-sessions-osteopatia\/#primaryimage\"},\"thumbnailUrl\":\"https:\/\/www.fisiobalance.cat\/wp-content\/uploads\/2020\/07\/osteopatia.jpg\",\"datePublished\":\"2020-07-12T17:35:24+00:00\",\"dateModified\":\"2026-01-02T07:33:18+00:00\",\"breadcrumb\":{\"@id\":\"https:\/\/www.fisiobalance.cat\/ca\/producto\/bono-6-sessions-osteopatia\/#breadcrumb\"},\"inLanguage\":\"ca\",\"potentialAction\":[{\"@type\":\"ReadAction\",\"target\":[\"https:\/\/www.fisiobalance.cat\/ca\/producto\/bono-6-sessions-osteopatia\/\"]}]},{\"@type\":\"ImageObject\",\"inLanguage\":\"ca\",\"@id\":\"https:\/\/www.fisiobalance.cat\/ca\/producto\/bono-6-sessions-osteopatia\/#primaryimage\",\"url\":\"https:\/\/www.fisiobalance.cat\/wp-content\/uploads\/2020\/07\/osteopatia.jpg\",\"contentUrl\":\"https:\/\/www.fisiobalance.cat\/wp-content\/uploads\/2020\/07\/osteopatia.jpg\",\"width\":450,\"height\":300},{\"@type\":\"BreadcrumbList\",\"@id\":\"https:\/\/www.fisiobalance.cat\/ca\/producto\/bono-6-sessions-osteopatia\/#breadcrumb\",\"itemListElement\":[{\"@type\":\"ListItem\",\"position\":1,\"name\":\"Portada\",\"item\":\"https:\/\/www.fisiobalance.cat\/ca\/\"},{\"@type\":\"ListItem\",\"position\":2,\"name\":\"Targetes regal\",\"item\":\"https:\/\/www.fisiobalance.cat\/ca\/targetes-regal\/\"},{\"@type\":\"ListItem\",\"position\":3,\"name\":\"Bono 6 sessions Osteopatia\"}]},{\"@type\":\"WebSite\",\"@id\":\"https:\/\/www.fisiobalance.cat\/#website\",\"url\":\"https:\/\/www.fisiobalance.cat\/\",\"name\":\"Fisiobalance\",\"description\":\"\",\"publisher\":{\"@id\":\"https:\/\/www.fisiobalance.cat\/#organization\"},\"potentialAction\":[{\"@type\":\"SearchAction\",\"target\":{\"@type\":\"EntryPoint\",\"urlTemplate\":\"https:\/\/www.fisiobalance.cat\/?s={search_term_string}\"},\"query-input\":{\"@type\":\"PropertyValueSpecification\",\"valueRequired\":true,\"valueName\":\"search_term_string\"}}],\"inLanguage\":\"ca\"},{\"@type\":\"Organization\",\"@id\":\"https:\/\/www.fisiobalance.cat\/#organization\",\"name\":\"Fisiobalance\",\"url\":\"https:\/\/www.fisiobalance.cat\/\",\"logo\":{\"@type\":\"ImageObject\",\"inLanguage\":\"ca\",\"@id\":\"https:\/\/www.fisiobalance.cat\/#\/schema\/logo\/image\/\",\"url\":\"https:\/\/www.fisiobalance.cat\/wp-content\/uploads\/2018\/06\/fisiobalance_logo.png\",\"contentUrl\":\"https:\/\/www.fisiobalance.cat\/wp-content\/uploads\/2018\/06\/fisiobalance_logo.png\",\"width\":369,\"height\":53,\"caption\":\"Fisiobalance\"},\"image\":{\"@id\":\"https:\/\/www.fisiobalance.cat\/#\/schema\/logo\/image\/\"}}]}<\/script>\n<!-- \/ Yoast SEO plugin. -->","yoast_head_json":{"title":"Bono 6 sessions Osteopatia - Fisiobalance","robots":{"index":"index","follow":"follow","max-snippet":"max-snippet:-1","max-image-preview":"max-image-preview:large","max-video-preview":"max-video-preview:-1"},"canonical":"https:\/\/www.fisiobalance.cat\/ca\/producto\/bono-6-sessions-osteopatia\/","og_locale":"ca_ES","og_type":"article","og_title":"Bono 6 sessions Osteopatia - Fisiobalance","og_description":"Durada de cada sessi\u00f3: 55 minuts.  L\u2019Osteopatia es basa en un enfocament terap\u00e8utic global del cos. La oste\u00f2pata posa especial atenci\u00f3 en l\u2019estructura de l\u2019individu i en els problemes mec\u00e0nics que es produeixen en ell.  La nostra principal eina s\u00f3n les mans i fem servir diferents t\u00e8cniques de Ter\u00e0pia Manual adaptades a cada pacient i les seves necessitats, considerant l\u2019edat, el sexe i el seu estat de salut.  La oste\u00f2pata veu el pacient com un tot, tenint en compte que els sistemes es relacionen entre si.  A la primera visita es realitza una anamnesi i avaluaci\u00f3 inicial per definir el diagn\u00f2stic i establir el pla de tractament. \u00c9s important complimentar la hist\u00f2ria cl\u00ednica amb les \u00faltimes proves d\u2019imatge: RMN, RX, ecografia.  Posa\u2019t en bones mans i assegura\u2019t que els professionals tenen la formaci\u00f3 adequada. En FisioBalance les oste\u00f2pates posseeixen t\u00edtol universitari en Fisioter\u00e0pia i M\u00e0ster en Osteopatia.  &nbsp;","og_url":"https:\/\/www.fisiobalance.cat\/ca\/producto\/bono-6-sessions-osteopatia\/","og_site_name":"Fisiobalance","article_modified_time":"2026-01-02T07:33:18+00:00","og_image":[{"width":450,"height":300,"url":"https:\/\/www.fisiobalance.cat\/wp-content\/uploads\/2020\/07\/osteopatia.jpg","type":"image\/jpeg"}],"twitter_card":"summary_large_image","twitter_misc":{"Temps estimat de lectura":"1 minut"},"schema":{"@context":"https:\/\/schema.org","@graph":[{"@type":"WebPage","@id":"https:\/\/www.fisiobalance.cat\/ca\/producto\/bono-6-sessions-osteopatia\/","url":"https:\/\/www.fisiobalance.cat\/ca\/producto\/bono-6-sessions-osteopatia\/","name":"Bono 6 sessions Osteopatia - Fisiobalance","isPartOf":{"@id":"https:\/\/www.fisiobalance.cat\/#website"},"primaryImageOfPage":{"@id":"https:\/\/www.fisiobalance.cat\/ca\/producto\/bono-6-sessions-osteopatia\/#primaryimage"},"image":{"@id":"https:\/\/www.fisiobalance.cat\/ca\/producto\/bono-6-sessions-osteopatia\/#primaryimage"},"thumbnailUrl":"https:\/\/www.fisiobalance.cat\/wp-content\/uploads\/2020\/07\/osteopatia.jpg","datePublished":"2020-07-12T17:35:24+00:00","dateModified":"2026-01-02T07:33:18+00:00","breadcrumb":{"@id":"https:\/\/www.fisiobalance.cat\/ca\/producto\/bono-6-sessions-osteopatia\/#breadcrumb"},"inLanguage":"ca","potentialAction":[{"@type":"ReadAction","target":["https:\/\/www.fisiobalance.cat\/ca\/producto\/bono-6-sessions-osteopatia\/"]}]},{"@type":"ImageObject","inLanguage":"ca","@id":"https:\/\/www.fisiobalance.cat\/ca\/producto\/bono-6-sessions-osteopatia\/#primaryimage","url":"https:\/\/www.fisiobalance.cat\/wp-content\/uploads\/2020\/07\/osteopatia.jpg","contentUrl":"https:\/\/www.fisiobalance.cat\/wp-content\/uploads\/2020\/07\/osteopatia.jpg","width":450,"height":300},{"@type":"BreadcrumbList","@id":"https:\/\/www.fisiobalance.cat\/ca\/producto\/bono-6-sessions-osteopatia\/#breadcrumb","itemListElement":[{"@type":"ListItem","position":1,"name":"Portada","item":"https:\/\/www.fisiobalance.cat\/ca\/"},{"@type":"ListItem","position":2,"name":"Targetes regal","item":"https:\/\/www.fisiobalance.cat\/ca\/targetes-regal\/"},{"@type":"ListItem","position":3,"name":"Bono 6 sessions Osteopatia"}]},{"@type":"WebSite","@id":"https:\/\/www.fisiobalance.cat\/#website","url":"https:\/\/www.fisiobalance.cat\/","name":"Fisiobalance","description":"","publisher":{"@id":"https:\/\/www.fisiobalance.cat\/#organization"},"potentialAction":[{"@type":"SearchAction","target":{"@type":"EntryPoint","urlTemplate":"https:\/\/www.fisiobalance.cat\/?s={search_term_string}"},"query-input":{"@type":"PropertyValueSpecification","valueRequired":true,"valueName":"search_term_string"}}],"inLanguage":"ca"},{"@type":"Organization","@id":"https:\/\/www.fisiobalance.cat\/#organization","name":"Fisiobalance","url":"https:\/\/www.fisiobalance.cat\/","logo":{"@type":"ImageObject","inLanguage":"ca","@id":"https:\/\/www.fisiobalance.cat\/#\/schema\/logo\/image\/","url":"https:\/\/www.fisiobalance.cat\/wp-content\/uploads\/2018\/06\/fisiobalance_logo.png","contentUrl":"https:\/\/www.fisiobalance.cat\/wp-content\/uploads\/2018\/06\/fisiobalance_logo.png","width":369,"height":53,"caption":"Fisiobalance"},"image":{"@id":"https:\/\/www.fisiobalance.cat\/#\/schema\/logo\/image\/"}}]}},"_links":{"self":[{"href":"https:\/\/www.fisiobalance.cat\/ca\/wp-json\/wp\/v2\/product\/1130","targetHints":{"allow":["GET"]}}],"collection":[{"href":"https:\/\/www.fisiobalance.cat\/ca\/wp-json\/wp\/v2\/product"}],"about":[{"href":"https:\/\/www.fisiobalance.cat\/ca\/wp-json\/wp\/v2\/types\/product"}],"wp:featuredmedia":[{"embeddable":true,"href":"https:\/\/www.fisiobalance.cat\/ca\/wp-json\/wp\/v2\/media\/1246"}],"wp:attachment":[{"href":"https:\/\/www.fisiobalance.cat\/ca\/wp-json\/wp\/v2\/media?parent=1130"}],"wp:term":[{"taxonomy":"product_brand","embeddable":true,"href":"https:\/\/www.fisiobalance.cat\/ca\/wp-json\/wp\/v2\/product_brand?post=1130"},{"taxonomy":"product_cat","embeddable":true,"href":"https:\/\/www.fisiobalance.cat\/ca\/wp-json\/wp\/v2\/product_cat?post=1130"},{"taxonomy":"product_tag","embeddable":true,"href":"https:\/\/www.fisiobalance.cat\/ca\/wp-json\/wp\/v2\/product_tag?post=1130"}],"curies":[{"name":"wp","href":"https:\/\/api.w.org\/{rel}","templated":true}]}}