{"id":1940,"date":"2020-07-02T22:15:25","date_gmt":"2020-07-02T20:15:25","guid":{"rendered":"https:\/\/www.fisiobalance.cat\/?post_type=product&#038;p=1940"},"modified":"2026-01-02T08:37:11","modified_gmt":"2026-01-02T07:37:11","slug":"acupuntura","status":"publish","type":"product","link":"https:\/\/www.fisiobalance.cat\/ca\/producto\/acupuntura\/","title":{"rendered":"Acupuntura"},"content":{"rendered":"","protected":false},"excerpt":{"rendered":"<p>Ter\u00e0pia Complement\u00e0ria, que forma part de la Medicina Tradicional Xinesa. Inclou t\u00e8cniques de ventoses, auriculoter\u00e0pia, tuina i punci\u00f3 amb agulles d\u00b4acupuntura.<\/p>\n<p>\u00datil per a tractament de dolor cr\u00f2nic, ansietat, problemes digestius, cefalees, bruxisme i dolors menstruals, entre d\u2019altres.<\/p>\n","protected":false},"featured_media":1932,"template":"","meta":[],"product_brand":[],"product_cat":[60],"product_tag":[],"class_list":{"0":"post-1940","1":"product","2":"type-product","3":"status-publish","4":"has-post-thumbnail","6":"product_cat-gift-card","8":"first","9":"instock","10":"sold-individually","11":"shipping-taxable","12":"purchasable","13":"product-type-wgm_gift_card"},"yoast_head":"<!-- This site is optimized with the Yoast SEO plugin v26.3 - https:\/\/yoast.com\/wordpress\/plugins\/seo\/ -->\n<title>Acupuntura - Fisiobalance<\/title>\n<meta name=\"robots\" content=\"index, follow, max-snippet:-1, max-image-preview:large, max-video-preview:-1\" \/>\n<link rel=\"canonical\" href=\"https:\/\/www.fisiobalance.cat\/ca\/producto\/acupuntura\/\" \/>\n<meta property=\"og:locale\" content=\"ca_ES\" \/>\n<meta property=\"og:type\" content=\"article\" \/>\n<meta property=\"og:title\" content=\"Acupuntura - Fisiobalance\" \/>\n<meta property=\"og:description\" content=\"Ter\u00e0pia Complement\u00e0ria, que forma part de la Medicina Tradicional Xinesa. Inclou t\u00e8cniques de ventoses, auriculoter\u00e0pia, tuina i punci\u00f3 amb agulles d\u00b4acupuntura.  \u00datil per a tractament de dolor cr\u00f2nic, ansietat, problemes digestius, cefalees, bruxisme i dolors menstruals, entre d\u2019altres.\" \/>\n<meta property=\"og:url\" content=\"https:\/\/www.fisiobalance.cat\/ca\/producto\/acupuntura\/\" \/>\n<meta property=\"og:site_name\" content=\"Fisiobalance\" \/>\n<meta property=\"article:modified_time\" content=\"2026-01-02T07:37:11+00:00\" \/>\n<meta property=\"og:image\" content=\"https:\/\/www.fisiobalance.cat\/wp-content\/uploads\/2022\/02\/sesion-acupuntura.jpg\" \/>\n\t<meta property=\"og:image:width\" content=\"500\" \/>\n\t<meta property=\"og:image:height\" content=\"333\" \/>\n\t<meta property=\"og:image:type\" content=\"image\/jpeg\" \/>\n<meta name=\"twitter:card\" content=\"summary_large_image\" \/>\n<meta name=\"twitter:label1\" content=\"Temps estimat de lectura\" \/>\n\t<meta name=\"twitter:data1\" content=\"1 minut\" \/>\n<script type=\"application\/ld+json\" class=\"yoast-schema-graph\">{\"@context\":\"https:\/\/schema.org\",\"@graph\":[{\"@type\":\"WebPage\",\"@id\":\"https:\/\/www.fisiobalance.cat\/ca\/producto\/acupuntura\/\",\"url\":\"https:\/\/www.fisiobalance.cat\/ca\/producto\/acupuntura\/\",\"name\":\"Acupuntura - Fisiobalance\",\"isPartOf\":{\"@id\":\"https:\/\/www.fisiobalance.cat\/#website\"},\"primaryImageOfPage\":{\"@id\":\"https:\/\/www.fisiobalance.cat\/ca\/producto\/acupuntura\/#primaryimage\"},\"image\":{\"@id\":\"https:\/\/www.fisiobalance.cat\/ca\/producto\/acupuntura\/#primaryimage\"},\"thumbnailUrl\":\"https:\/\/www.fisiobalance.cat\/wp-content\/uploads\/2022\/02\/sesion-acupuntura.jpg\",\"datePublished\":\"2020-07-02T20:15:25+00:00\",\"dateModified\":\"2026-01-02T07:37:11+00:00\",\"breadcrumb\":{\"@id\":\"https:\/\/www.fisiobalance.cat\/ca\/producto\/acupuntura\/#breadcrumb\"},\"inLanguage\":\"ca\",\"potentialAction\":[{\"@type\":\"ReadAction\",\"target\":[\"https:\/\/www.fisiobalance.cat\/ca\/producto\/acupuntura\/\"]}]},{\"@type\":\"ImageObject\",\"inLanguage\":\"ca\",\"@id\":\"https:\/\/www.fisiobalance.cat\/ca\/producto\/acupuntura\/#primaryimage\",\"url\":\"https:\/\/www.fisiobalance.cat\/wp-content\/uploads\/2022\/02\/sesion-acupuntura.jpg\",\"contentUrl\":\"https:\/\/www.fisiobalance.cat\/wp-content\/uploads\/2022\/02\/sesion-acupuntura.jpg\",\"width\":500,\"height\":333},{\"@type\":\"BreadcrumbList\",\"@id\":\"https:\/\/www.fisiobalance.cat\/ca\/producto\/acupuntura\/#breadcrumb\",\"itemListElement\":[{\"@type\":\"ListItem\",\"position\":1,\"name\":\"Portada\",\"item\":\"https:\/\/www.fisiobalance.cat\/ca\/\"},{\"@type\":\"ListItem\",\"position\":2,\"name\":\"Targetes regal\",\"item\":\"https:\/\/www.fisiobalance.cat\/ca\/targetes-regal\/\"},{\"@type\":\"ListItem\",\"position\":3,\"name\":\"Acupuntura\"}]},{\"@type\":\"WebSite\",\"@id\":\"https:\/\/www.fisiobalance.cat\/#website\",\"url\":\"https:\/\/www.fisiobalance.cat\/\",\"name\":\"Fisiobalance\",\"description\":\"\",\"publisher\":{\"@id\":\"https:\/\/www.fisiobalance.cat\/#organization\"},\"potentialAction\":[{\"@type\":\"SearchAction\",\"target\":{\"@type\":\"EntryPoint\",\"urlTemplate\":\"https:\/\/www.fisiobalance.cat\/?s={search_term_string}\"},\"query-input\":{\"@type\":\"PropertyValueSpecification\",\"valueRequired\":true,\"valueName\":\"search_term_string\"}}],\"inLanguage\":\"ca\"},{\"@type\":\"Organization\",\"@id\":\"https:\/\/www.fisiobalance.cat\/#organization\",\"name\":\"Fisiobalance\",\"url\":\"https:\/\/www.fisiobalance.cat\/\",\"logo\":{\"@type\":\"ImageObject\",\"inLanguage\":\"ca\",\"@id\":\"https:\/\/www.fisiobalance.cat\/#\/schema\/logo\/image\/\",\"url\":\"https:\/\/www.fisiobalance.cat\/wp-content\/uploads\/2018\/06\/fisiobalance_logo.png\",\"contentUrl\":\"https:\/\/www.fisiobalance.cat\/wp-content\/uploads\/2018\/06\/fisiobalance_logo.png\",\"width\":369,\"height\":53,\"caption\":\"Fisiobalance\"},\"image\":{\"@id\":\"https:\/\/www.fisiobalance.cat\/#\/schema\/logo\/image\/\"}}]}<\/script>\n<!-- \/ Yoast SEO plugin. -->","yoast_head_json":{"title":"Acupuntura - Fisiobalance","robots":{"index":"index","follow":"follow","max-snippet":"max-snippet:-1","max-image-preview":"max-image-preview:large","max-video-preview":"max-video-preview:-1"},"canonical":"https:\/\/www.fisiobalance.cat\/ca\/producto\/acupuntura\/","og_locale":"ca_ES","og_type":"article","og_title":"Acupuntura - Fisiobalance","og_description":"Ter\u00e0pia Complement\u00e0ria, que forma part de la Medicina Tradicional Xinesa. Inclou t\u00e8cniques de ventoses, auriculoter\u00e0pia, tuina i punci\u00f3 amb agulles d\u00b4acupuntura.  \u00datil per a tractament de dolor cr\u00f2nic, ansietat, problemes digestius, cefalees, bruxisme i dolors menstruals, entre d\u2019altres.","og_url":"https:\/\/www.fisiobalance.cat\/ca\/producto\/acupuntura\/","og_site_name":"Fisiobalance","article_modified_time":"2026-01-02T07:37:11+00:00","og_image":[{"width":500,"height":333,"url":"https:\/\/www.fisiobalance.cat\/wp-content\/uploads\/2022\/02\/sesion-acupuntura.jpg","type":"image\/jpeg"}],"twitter_card":"summary_large_image","twitter_misc":{"Temps estimat de lectura":"1 minut"},"schema":{"@context":"https:\/\/schema.org","@graph":[{"@type":"WebPage","@id":"https:\/\/www.fisiobalance.cat\/ca\/producto\/acupuntura\/","url":"https:\/\/www.fisiobalance.cat\/ca\/producto\/acupuntura\/","name":"Acupuntura - Fisiobalance","isPartOf":{"@id":"https:\/\/www.fisiobalance.cat\/#website"},"primaryImageOfPage":{"@id":"https:\/\/www.fisiobalance.cat\/ca\/producto\/acupuntura\/#primaryimage"},"image":{"@id":"https:\/\/www.fisiobalance.cat\/ca\/producto\/acupuntura\/#primaryimage"},"thumbnailUrl":"https:\/\/www.fisiobalance.cat\/wp-content\/uploads\/2022\/02\/sesion-acupuntura.jpg","datePublished":"2020-07-02T20:15:25+00:00","dateModified":"2026-01-02T07:37:11+00:00","breadcrumb":{"@id":"https:\/\/www.fisiobalance.cat\/ca\/producto\/acupuntura\/#breadcrumb"},"inLanguage":"ca","potentialAction":[{"@type":"ReadAction","target":["https:\/\/www.fisiobalance.cat\/ca\/producto\/acupuntura\/"]}]},{"@type":"ImageObject","inLanguage":"ca","@id":"https:\/\/www.fisiobalance.cat\/ca\/producto\/acupuntura\/#primaryimage","url":"https:\/\/www.fisiobalance.cat\/wp-content\/uploads\/2022\/02\/sesion-acupuntura.jpg","contentUrl":"https:\/\/www.fisiobalance.cat\/wp-content\/uploads\/2022\/02\/sesion-acupuntura.jpg","width":500,"height":333},{"@type":"BreadcrumbList","@id":"https:\/\/www.fisiobalance.cat\/ca\/producto\/acupuntura\/#breadcrumb","itemListElement":[{"@type":"ListItem","position":1,"name":"Portada","item":"https:\/\/www.fisiobalance.cat\/ca\/"},{"@type":"ListItem","position":2,"name":"Targetes regal","item":"https:\/\/www.fisiobalance.cat\/ca\/targetes-regal\/"},{"@type":"ListItem","position":3,"name":"Acupuntura"}]},{"@type":"WebSite","@id":"https:\/\/www.fisiobalance.cat\/#website","url":"https:\/\/www.fisiobalance.cat\/","name":"Fisiobalance","description":"","publisher":{"@id":"https:\/\/www.fisiobalance.cat\/#organization"},"potentialAction":[{"@type":"SearchAction","target":{"@type":"EntryPoint","urlTemplate":"https:\/\/www.fisiobalance.cat\/?s={search_term_string}"},"query-input":{"@type":"PropertyValueSpecification","valueRequired":true,"valueName":"search_term_string"}}],"inLanguage":"ca"},{"@type":"Organization","@id":"https:\/\/www.fisiobalance.cat\/#organization","name":"Fisiobalance","url":"https:\/\/www.fisiobalance.cat\/","logo":{"@type":"ImageObject","inLanguage":"ca","@id":"https:\/\/www.fisiobalance.cat\/#\/schema\/logo\/image\/","url":"https:\/\/www.fisiobalance.cat\/wp-content\/uploads\/2018\/06\/fisiobalance_logo.png","contentUrl":"https:\/\/www.fisiobalance.cat\/wp-content\/uploads\/2018\/06\/fisiobalance_logo.png","width":369,"height":53,"caption":"Fisiobalance"},"image":{"@id":"https:\/\/www.fisiobalance.cat\/#\/schema\/logo\/image\/"}}]}},"_links":{"self":[{"href":"https:\/\/www.fisiobalance.cat\/ca\/wp-json\/wp\/v2\/product\/1940","targetHints":{"allow":["GET"]}}],"collection":[{"href":"https:\/\/www.fisiobalance.cat\/ca\/wp-json\/wp\/v2\/product"}],"about":[{"href":"https:\/\/www.fisiobalance.cat\/ca\/wp-json\/wp\/v2\/types\/product"}],"wp:featuredmedia":[{"embeddable":true,"href":"https:\/\/www.fisiobalance.cat\/ca\/wp-json\/wp\/v2\/media\/1932"}],"wp:attachment":[{"href":"https:\/\/www.fisiobalance.cat\/ca\/wp-json\/wp\/v2\/media?parent=1940"}],"wp:term":[{"taxonomy":"product_brand","embeddable":true,"href":"https:\/\/www.fisiobalance.cat\/ca\/wp-json\/wp\/v2\/product_brand?post=1940"},{"taxonomy":"product_cat","embeddable":true,"href":"https:\/\/www.fisiobalance.cat\/ca\/wp-json\/wp\/v2\/product_cat?post=1940"},{"taxonomy":"product_tag","embeddable":true,"href":"https:\/\/www.fisiobalance.cat\/ca\/wp-json\/wp\/v2\/product_tag?post=1940"}],"curies":[{"name":"wp","href":"https:\/\/api.w.org\/{rel}","templated":true}]}}