{"id":3314,"date":"2023-01-04T13:20:07","date_gmt":"2023-01-04T12:20:07","guid":{"rendered":"https:\/\/www.fisiobalance.cat\/?post_type=product&#038;p=3314"},"modified":"2023-05-08T08:46:50","modified_gmt":"2023-05-08T06:46:50","slug":"tractament-fisioterapia-respiratoria-55-min","status":"publish","type":"product","link":"https:\/\/www.fisiobalance.cat\/ca\/producto\/tractament-fisioterapia-respiratoria-55-min\/","title":{"rendered":"Fisioter\u00e0pia respirat\u00f2ria 55 min"},"content":{"rendered":"","protected":false},"excerpt":{"rendered":"<div class=\"woocommerce-product-details__short-description\">\n<div class=\"woocommerce-product-details__short-description\">\n<div class=\"woocommerce-product-details__short-description\">\n<p>La fisioter\u00e0pia respirat\u00f2ria t\u00e9 com a objectiu la prevenci\u00f3, tractament i estabilitzaci\u00f3 de les malalties de l\u2019aparell respiratori: alliberar vies respirat\u00f2ries, reeducaci\u00f3 de la mec\u00e0nica ventilat\u00f2ria i readaptaci\u00f3 a l\u2019esfor\u00e7.<\/p>\n<p>Est\u00e0 dirigida a nadons, nens i adults.<\/p>\n<p>En els nadons i nens ajuda al drenatge de les secrecions, disminuint la tos i evitant recidives innecess\u00e0ries, apareix de nou la gana i agafar el son deixa de ser un problema.<\/p>\n<p>Sessi\u00f3 de 55 minuts.<\/p>\n<\/div>\n<\/div>\n<\/div>\n<div class=\"woocommerce-product-details__short-description\">\n<p><strong>Rebr\u00e0s les instruccions per descarregar aquest val, un cop realitzada la compra, al teu email.<\/strong><\/p>\n<\/div>\n<form class=\"cart\" action=\"https:\/\/www.fisiobalance.cat\/ca\/producto\/bo-6-fisioterapia-manual-55min\/\" enctype=\"multipart\/form-data\" method=\"post\"><\/form>\n<p><strong>\u00a0<\/strong><\/p>\n","protected":false},"featured_media":1252,"template":"","meta":[],"product_brand":[],"product_cat":[59],"product_tag":[],"class_list":{"0":"post-3314","1":"product","2":"type-product","3":"status-publish","4":"has-post-thumbnail","6":"product_cat-general","8":"first","9":"instock","10":"purchasable","11":"product-type-simple"},"yoast_head":"<!-- This site is optimized with the Yoast SEO plugin v26.3 - https:\/\/yoast.com\/wordpress\/plugins\/seo\/ -->\n<title>Fisioter\u00e0pia respirat\u00f2ria 55 min - Fisiobalance<\/title>\n<meta name=\"robots\" content=\"index, follow, max-snippet:-1, max-image-preview:large, max-video-preview:-1\" \/>\n<link rel=\"canonical\" href=\"https:\/\/www.fisiobalance.cat\/ca\/producto\/tractament-fisioterapia-respiratoria-55-min\/\" \/>\n<meta property=\"og:locale\" content=\"ca_ES\" \/>\n<meta property=\"og:type\" content=\"article\" \/>\n<meta property=\"og:title\" content=\"Fisioter\u00e0pia respirat\u00f2ria 55 min - Fisiobalance\" \/>\n<meta property=\"og:description\" content=\"La fisioter\u00e0pia respirat\u00f2ria t\u00e9 com a objectiu la prevenci\u00f3, tractament i estabilitzaci\u00f3 de les malalties de l\u2019aparell respiratori: alliberar vies respirat\u00f2ries, reeducaci\u00f3 de la mec\u00e0nica ventilat\u00f2ria i readaptaci\u00f3 a l\u2019esfor\u00e7.  Est\u00e0 dirigida a nadons, nens i adults.  En els nadons i nens ajuda al drenatge de les secrecions, disminuint la tos i evitant recidives innecess\u00e0ries, apareix de nou la gana i agafar el son deixa de ser un problema.  Sessi\u00f3 de 55 minuts.       Rebr\u00e0s les instruccions per descarregar aquest val, un cop realitzada la compra, al teu email.   \u00a0\" \/>\n<meta property=\"og:url\" content=\"https:\/\/www.fisiobalance.cat\/ca\/producto\/tractament-fisioterapia-respiratoria-55-min\/\" \/>\n<meta property=\"og:site_name\" content=\"Fisiobalance\" \/>\n<meta property=\"article:modified_time\" content=\"2023-05-08T06:46:50+00:00\" \/>\n<meta property=\"og:image\" content=\"https:\/\/www.fisiobalance.cat\/wp-content\/uploads\/2020\/07\/respiratorio.jpg\" \/>\n\t<meta property=\"og:image:width\" content=\"450\" \/>\n\t<meta property=\"og:image:height\" content=\"300\" \/>\n\t<meta property=\"og:image:type\" content=\"image\/jpeg\" \/>\n<meta name=\"twitter:card\" content=\"summary_large_image\" \/>\n<script type=\"application\/ld+json\" class=\"yoast-schema-graph\">{\"@context\":\"https:\/\/schema.org\",\"@graph\":[{\"@type\":\"WebPage\",\"@id\":\"https:\/\/www.fisiobalance.cat\/ca\/producto\/tractament-fisioterapia-respiratoria-55-min\/\",\"url\":\"https:\/\/www.fisiobalance.cat\/ca\/producto\/tractament-fisioterapia-respiratoria-55-min\/\",\"name\":\"Fisioter\u00e0pia respirat\u00f2ria 55 min - Fisiobalance\",\"isPartOf\":{\"@id\":\"https:\/\/www.fisiobalance.cat\/#website\"},\"primaryImageOfPage\":{\"@id\":\"https:\/\/www.fisiobalance.cat\/ca\/producto\/tractament-fisioterapia-respiratoria-55-min\/#primaryimage\"},\"image\":{\"@id\":\"https:\/\/www.fisiobalance.cat\/ca\/producto\/tractament-fisioterapia-respiratoria-55-min\/#primaryimage\"},\"thumbnailUrl\":\"https:\/\/www.fisiobalance.cat\/wp-content\/uploads\/2020\/07\/respiratorio.jpg\",\"datePublished\":\"2023-01-04T12:20:07+00:00\",\"dateModified\":\"2023-05-08T06:46:50+00:00\",\"breadcrumb\":{\"@id\":\"https:\/\/www.fisiobalance.cat\/ca\/producto\/tractament-fisioterapia-respiratoria-55-min\/#breadcrumb\"},\"inLanguage\":\"ca\",\"potentialAction\":[{\"@type\":\"ReadAction\",\"target\":[\"https:\/\/www.fisiobalance.cat\/ca\/producto\/tractament-fisioterapia-respiratoria-55-min\/\"]}]},{\"@type\":\"ImageObject\",\"inLanguage\":\"ca\",\"@id\":\"https:\/\/www.fisiobalance.cat\/ca\/producto\/tractament-fisioterapia-respiratoria-55-min\/#primaryimage\",\"url\":\"https:\/\/www.fisiobalance.cat\/wp-content\/uploads\/2020\/07\/respiratorio.jpg\",\"contentUrl\":\"https:\/\/www.fisiobalance.cat\/wp-content\/uploads\/2020\/07\/respiratorio.jpg\",\"width\":450,\"height\":300},{\"@type\":\"BreadcrumbList\",\"@id\":\"https:\/\/www.fisiobalance.cat\/ca\/producto\/tractament-fisioterapia-respiratoria-55-min\/#breadcrumb\",\"itemListElement\":[{\"@type\":\"ListItem\",\"position\":1,\"name\":\"Portada\",\"item\":\"https:\/\/www.fisiobalance.cat\/ca\/\"},{\"@type\":\"ListItem\",\"position\":2,\"name\":\"Targetes regal\",\"item\":\"https:\/\/www.fisiobalance.cat\/ca\/targetes-regal\/\"},{\"@type\":\"ListItem\",\"position\":3,\"name\":\"Fisioter\u00e0pia respirat\u00f2ria 55 min\"}]},{\"@type\":\"WebSite\",\"@id\":\"https:\/\/www.fisiobalance.cat\/#website\",\"url\":\"https:\/\/www.fisiobalance.cat\/\",\"name\":\"Fisiobalance\",\"description\":\"\",\"publisher\":{\"@id\":\"https:\/\/www.fisiobalance.cat\/#organization\"},\"potentialAction\":[{\"@type\":\"SearchAction\",\"target\":{\"@type\":\"EntryPoint\",\"urlTemplate\":\"https:\/\/www.fisiobalance.cat\/?s={search_term_string}\"},\"query-input\":{\"@type\":\"PropertyValueSpecification\",\"valueRequired\":true,\"valueName\":\"search_term_string\"}}],\"inLanguage\":\"ca\"},{\"@type\":\"Organization\",\"@id\":\"https:\/\/www.fisiobalance.cat\/#organization\",\"name\":\"Fisiobalance\",\"url\":\"https:\/\/www.fisiobalance.cat\/\",\"logo\":{\"@type\":\"ImageObject\",\"inLanguage\":\"ca\",\"@id\":\"https:\/\/www.fisiobalance.cat\/#\/schema\/logo\/image\/\",\"url\":\"https:\/\/www.fisiobalance.cat\/wp-content\/uploads\/2018\/06\/fisiobalance_logo.png\",\"contentUrl\":\"https:\/\/www.fisiobalance.cat\/wp-content\/uploads\/2018\/06\/fisiobalance_logo.png\",\"width\":369,\"height\":53,\"caption\":\"Fisiobalance\"},\"image\":{\"@id\":\"https:\/\/www.fisiobalance.cat\/#\/schema\/logo\/image\/\"}}]}<\/script>\n<!-- \/ Yoast SEO plugin. -->","yoast_head_json":{"title":"Fisioter\u00e0pia respirat\u00f2ria 55 min - Fisiobalance","robots":{"index":"index","follow":"follow","max-snippet":"max-snippet:-1","max-image-preview":"max-image-preview:large","max-video-preview":"max-video-preview:-1"},"canonical":"https:\/\/www.fisiobalance.cat\/ca\/producto\/tractament-fisioterapia-respiratoria-55-min\/","og_locale":"ca_ES","og_type":"article","og_title":"Fisioter\u00e0pia respirat\u00f2ria 55 min - Fisiobalance","og_description":"La fisioter\u00e0pia respirat\u00f2ria t\u00e9 com a objectiu la prevenci\u00f3, tractament i estabilitzaci\u00f3 de les malalties de l\u2019aparell respiratori: alliberar vies respirat\u00f2ries, reeducaci\u00f3 de la mec\u00e0nica ventilat\u00f2ria i readaptaci\u00f3 a l\u2019esfor\u00e7.  Est\u00e0 dirigida a nadons, nens i adults.  En els nadons i nens ajuda al drenatge de les secrecions, disminuint la tos i evitant recidives innecess\u00e0ries, apareix de nou la gana i agafar el son deixa de ser un problema.  Sessi\u00f3 de 55 minuts.       Rebr\u00e0s les instruccions per descarregar aquest val, un cop realitzada la compra, al teu email.   \u00a0","og_url":"https:\/\/www.fisiobalance.cat\/ca\/producto\/tractament-fisioterapia-respiratoria-55-min\/","og_site_name":"Fisiobalance","article_modified_time":"2023-05-08T06:46:50+00:00","og_image":[{"width":450,"height":300,"url":"https:\/\/www.fisiobalance.cat\/wp-content\/uploads\/2020\/07\/respiratorio.jpg","type":"image\/jpeg"}],"twitter_card":"summary_large_image","schema":{"@context":"https:\/\/schema.org","@graph":[{"@type":"WebPage","@id":"https:\/\/www.fisiobalance.cat\/ca\/producto\/tractament-fisioterapia-respiratoria-55-min\/","url":"https:\/\/www.fisiobalance.cat\/ca\/producto\/tractament-fisioterapia-respiratoria-55-min\/","name":"Fisioter\u00e0pia respirat\u00f2ria 55 min - Fisiobalance","isPartOf":{"@id":"https:\/\/www.fisiobalance.cat\/#website"},"primaryImageOfPage":{"@id":"https:\/\/www.fisiobalance.cat\/ca\/producto\/tractament-fisioterapia-respiratoria-55-min\/#primaryimage"},"image":{"@id":"https:\/\/www.fisiobalance.cat\/ca\/producto\/tractament-fisioterapia-respiratoria-55-min\/#primaryimage"},"thumbnailUrl":"https:\/\/www.fisiobalance.cat\/wp-content\/uploads\/2020\/07\/respiratorio.jpg","datePublished":"2023-01-04T12:20:07+00:00","dateModified":"2023-05-08T06:46:50+00:00","breadcrumb":{"@id":"https:\/\/www.fisiobalance.cat\/ca\/producto\/tractament-fisioterapia-respiratoria-55-min\/#breadcrumb"},"inLanguage":"ca","potentialAction":[{"@type":"ReadAction","target":["https:\/\/www.fisiobalance.cat\/ca\/producto\/tractament-fisioterapia-respiratoria-55-min\/"]}]},{"@type":"ImageObject","inLanguage":"ca","@id":"https:\/\/www.fisiobalance.cat\/ca\/producto\/tractament-fisioterapia-respiratoria-55-min\/#primaryimage","url":"https:\/\/www.fisiobalance.cat\/wp-content\/uploads\/2020\/07\/respiratorio.jpg","contentUrl":"https:\/\/www.fisiobalance.cat\/wp-content\/uploads\/2020\/07\/respiratorio.jpg","width":450,"height":300},{"@type":"BreadcrumbList","@id":"https:\/\/www.fisiobalance.cat\/ca\/producto\/tractament-fisioterapia-respiratoria-55-min\/#breadcrumb","itemListElement":[{"@type":"ListItem","position":1,"name":"Portada","item":"https:\/\/www.fisiobalance.cat\/ca\/"},{"@type":"ListItem","position":2,"name":"Targetes regal","item":"https:\/\/www.fisiobalance.cat\/ca\/targetes-regal\/"},{"@type":"ListItem","position":3,"name":"Fisioter\u00e0pia respirat\u00f2ria 55 min"}]},{"@type":"WebSite","@id":"https:\/\/www.fisiobalance.cat\/#website","url":"https:\/\/www.fisiobalance.cat\/","name":"Fisiobalance","description":"","publisher":{"@id":"https:\/\/www.fisiobalance.cat\/#organization"},"potentialAction":[{"@type":"SearchAction","target":{"@type":"EntryPoint","urlTemplate":"https:\/\/www.fisiobalance.cat\/?s={search_term_string}"},"query-input":{"@type":"PropertyValueSpecification","valueRequired":true,"valueName":"search_term_string"}}],"inLanguage":"ca"},{"@type":"Organization","@id":"https:\/\/www.fisiobalance.cat\/#organization","name":"Fisiobalance","url":"https:\/\/www.fisiobalance.cat\/","logo":{"@type":"ImageObject","inLanguage":"ca","@id":"https:\/\/www.fisiobalance.cat\/#\/schema\/logo\/image\/","url":"https:\/\/www.fisiobalance.cat\/wp-content\/uploads\/2018\/06\/fisiobalance_logo.png","contentUrl":"https:\/\/www.fisiobalance.cat\/wp-content\/uploads\/2018\/06\/fisiobalance_logo.png","width":369,"height":53,"caption":"Fisiobalance"},"image":{"@id":"https:\/\/www.fisiobalance.cat\/#\/schema\/logo\/image\/"}}]}},"_links":{"self":[{"href":"https:\/\/www.fisiobalance.cat\/ca\/wp-json\/wp\/v2\/product\/3314","targetHints":{"allow":["GET"]}}],"collection":[{"href":"https:\/\/www.fisiobalance.cat\/ca\/wp-json\/wp\/v2\/product"}],"about":[{"href":"https:\/\/www.fisiobalance.cat\/ca\/wp-json\/wp\/v2\/types\/product"}],"wp:featuredmedia":[{"embeddable":true,"href":"https:\/\/www.fisiobalance.cat\/ca\/wp-json\/wp\/v2\/media\/1252"}],"wp:attachment":[{"href":"https:\/\/www.fisiobalance.cat\/ca\/wp-json\/wp\/v2\/media?parent=3314"}],"wp:term":[{"taxonomy":"product_brand","embeddable":true,"href":"https:\/\/www.fisiobalance.cat\/ca\/wp-json\/wp\/v2\/product_brand?post=3314"},{"taxonomy":"product_cat","embeddable":true,"href":"https:\/\/www.fisiobalance.cat\/ca\/wp-json\/wp\/v2\/product_cat?post=3314"},{"taxonomy":"product_tag","embeddable":true,"href":"https:\/\/www.fisiobalance.cat\/ca\/wp-json\/wp\/v2\/product_tag?post=3314"}],"curies":[{"name":"wp","href":"https:\/\/api.w.org\/{rel}","templated":true}]}}