{"id":3331,"date":"2022-12-21T20:59:30","date_gmt":"2022-12-21T19:59:30","guid":{"rendered":"https:\/\/www.fisiobalance.cat\/producto\/bo-6-tractament-cervic-oro-facial-tto-atm\/"},"modified":"2024-12-31T13:15:47","modified_gmt":"2024-12-31T12:15:47","slug":"bo-6-tractament-cervic-oro-facial-tto-atm","status":"publish","type":"product","link":"https:\/\/www.fisiobalance.cat\/ca\/producto\/bo-6-tractament-cervic-oro-facial-tto-atm\/","title":{"rendered":"Bo 6 Tractament C\u00e8rvic-Oro-Facial -TTO ATM"},"content":{"rendered":"","protected":false},"excerpt":{"rendered":"<div class=\"woocommerce-product-details__short-description\">\n<div class=\"woocommerce-product-details__short-description\">\n<p>Es tracta d\u2019una malaltia del tipus psico-neuro-muscular que produeix un costum involunt\u00e0ria per la qual s\u2019estrenyen i es pressionen les dents al llarg del dia sense cap tipus de necessitat. Sense que hi hagi aliment que mastegar. Es tracta d\u2019una malaltia molt perjudicial per als m\u00fasculs de la cara i les dents.<\/p>\n<p><strong>Relaxar tota la musculatura i a eliminar tensions<\/strong> s\u00f3n alguns dels beneficis que pot aportar la fisioter\u00e0pia a l\u2019hora de tractar el bruxisme. Localitzar els punts de tensi\u00f3 i treballar la zona afectada sol ser un dels tractaments m\u00e9s utilitzats, a m\u00e9s la nostra fisioterapeuta manipular\u00e0 la zona de la mand\u00edbula i desbloquejar\u00e0 les articulacions d\u2019obertura mitjan\u00e7ant diverses t\u00e8cniques.<\/p>\n<\/div>\n<p>Bo de 6 sessions.<\/p>\n<\/div>\n<p><strong>Rebr\u00e0s les instruccions per descarregar aquest val, un cop realitzada la compra, al teu email.<\/strong><\/p>\n","protected":false},"featured_media":1248,"template":"","meta":[],"product_brand":[],"product_cat":[59],"product_tag":[],"class_list":{"0":"post-3331","1":"product","2":"type-product","3":"status-publish","4":"has-post-thumbnail","6":"product_cat-general","8":"first","9":"instock","10":"purchasable","11":"product-type-simple"},"yoast_head":"<!-- This site is optimized with the Yoast SEO plugin v26.3 - https:\/\/yoast.com\/wordpress\/plugins\/seo\/ -->\n<title>Bo 6 Tractament C\u00e8rvic-Oro-Facial -TTO ATM - Fisiobalance<\/title>\n<meta name=\"robots\" content=\"index, follow, max-snippet:-1, max-image-preview:large, max-video-preview:-1\" \/>\n<link rel=\"canonical\" href=\"https:\/\/www.fisiobalance.cat\/ca\/producto\/bo-6-tractament-cervic-oro-facial-tto-atm\/\" \/>\n<meta property=\"og:locale\" content=\"ca_ES\" \/>\n<meta property=\"og:type\" content=\"article\" \/>\n<meta property=\"og:title\" content=\"Bo 6 Tractament C\u00e8rvic-Oro-Facial -TTO ATM - Fisiobalance\" \/>\n<meta property=\"og:description\" content=\"Es tracta d\u2019una malaltia del tipus psico-neuro-muscular que produeix un costum involunt\u00e0ria per la qual s\u2019estrenyen i es pressionen les dents al llarg del dia sense cap tipus de necessitat. Sense que hi hagi aliment que mastegar. Es tracta d\u2019una malaltia molt perjudicial per als m\u00fasculs de la cara i les dents.  Relaxar tota la musculatura i a eliminar tensions s\u00f3n alguns dels beneficis que pot aportar la fisioter\u00e0pia a l\u2019hora de tractar el bruxisme. Localitzar els punts de tensi\u00f3 i treballar la zona afectada sol ser un dels tractaments m\u00e9s utilitzats, a m\u00e9s la nostra fisioterapeuta manipular\u00e0 la zona de la mand\u00edbula i desbloquejar\u00e0 les articulacions d\u2019obertura mitjan\u00e7ant diverses t\u00e8cniques.   Bo de 6 sessions.   Rebr\u00e0s les instruccions per descarregar aquest val, un cop realitzada la compra, al teu email.\" \/>\n<meta property=\"og:url\" content=\"https:\/\/www.fisiobalance.cat\/ca\/producto\/bo-6-tractament-cervic-oro-facial-tto-atm\/\" \/>\n<meta property=\"og:site_name\" content=\"Fisiobalance\" \/>\n<meta property=\"article:modified_time\" content=\"2024-12-31T12:15:47+00:00\" \/>\n<meta property=\"og:image\" content=\"https:\/\/www.fisiobalance.cat\/wp-content\/uploads\/2020\/07\/bruxismo.jpg\" \/>\n\t<meta property=\"og:image:width\" content=\"450\" \/>\n\t<meta property=\"og:image:height\" content=\"300\" \/>\n\t<meta property=\"og:image:type\" content=\"image\/jpeg\" \/>\n<meta name=\"twitter:card\" content=\"summary_large_image\" \/>\n<meta name=\"twitter:label1\" content=\"Temps estimat de lectura\" \/>\n\t<meta name=\"twitter:data1\" content=\"1 minut\" \/>\n<script type=\"application\/ld+json\" class=\"yoast-schema-graph\">{\"@context\":\"https:\/\/schema.org\",\"@graph\":[{\"@type\":\"WebPage\",\"@id\":\"https:\/\/www.fisiobalance.cat\/ca\/producto\/bo-6-tractament-cervic-oro-facial-tto-atm\/\",\"url\":\"https:\/\/www.fisiobalance.cat\/ca\/producto\/bo-6-tractament-cervic-oro-facial-tto-atm\/\",\"name\":\"Bo 6 Tractament C\u00e8rvic-Oro-Facial -TTO ATM - Fisiobalance\",\"isPartOf\":{\"@id\":\"https:\/\/www.fisiobalance.cat\/#website\"},\"primaryImageOfPage\":{\"@id\":\"https:\/\/www.fisiobalance.cat\/ca\/producto\/bo-6-tractament-cervic-oro-facial-tto-atm\/#primaryimage\"},\"image\":{\"@id\":\"https:\/\/www.fisiobalance.cat\/ca\/producto\/bo-6-tractament-cervic-oro-facial-tto-atm\/#primaryimage\"},\"thumbnailUrl\":\"https:\/\/www.fisiobalance.cat\/wp-content\/uploads\/2020\/07\/bruxismo.jpg\",\"datePublished\":\"2022-12-21T19:59:30+00:00\",\"dateModified\":\"2024-12-31T12:15:47+00:00\",\"breadcrumb\":{\"@id\":\"https:\/\/www.fisiobalance.cat\/ca\/producto\/bo-6-tractament-cervic-oro-facial-tto-atm\/#breadcrumb\"},\"inLanguage\":\"ca\",\"potentialAction\":[{\"@type\":\"ReadAction\",\"target\":[\"https:\/\/www.fisiobalance.cat\/ca\/producto\/bo-6-tractament-cervic-oro-facial-tto-atm\/\"]}]},{\"@type\":\"ImageObject\",\"inLanguage\":\"ca\",\"@id\":\"https:\/\/www.fisiobalance.cat\/ca\/producto\/bo-6-tractament-cervic-oro-facial-tto-atm\/#primaryimage\",\"url\":\"https:\/\/www.fisiobalance.cat\/wp-content\/uploads\/2020\/07\/bruxismo.jpg\",\"contentUrl\":\"https:\/\/www.fisiobalance.cat\/wp-content\/uploads\/2020\/07\/bruxismo.jpg\",\"width\":450,\"height\":300},{\"@type\":\"BreadcrumbList\",\"@id\":\"https:\/\/www.fisiobalance.cat\/ca\/producto\/bo-6-tractament-cervic-oro-facial-tto-atm\/#breadcrumb\",\"itemListElement\":[{\"@type\":\"ListItem\",\"position\":1,\"name\":\"Portada\",\"item\":\"https:\/\/www.fisiobalance.cat\/ca\/\"},{\"@type\":\"ListItem\",\"position\":2,\"name\":\"Targetes regal\",\"item\":\"https:\/\/www.fisiobalance.cat\/ca\/targetes-regal\/\"},{\"@type\":\"ListItem\",\"position\":3,\"name\":\"Bo 6 Tractament C\u00e8rvic-Oro-Facial -TTO ATM\"}]},{\"@type\":\"WebSite\",\"@id\":\"https:\/\/www.fisiobalance.cat\/#website\",\"url\":\"https:\/\/www.fisiobalance.cat\/\",\"name\":\"Fisiobalance\",\"description\":\"\",\"publisher\":{\"@id\":\"https:\/\/www.fisiobalance.cat\/#organization\"},\"potentialAction\":[{\"@type\":\"SearchAction\",\"target\":{\"@type\":\"EntryPoint\",\"urlTemplate\":\"https:\/\/www.fisiobalance.cat\/?s={search_term_string}\"},\"query-input\":{\"@type\":\"PropertyValueSpecification\",\"valueRequired\":true,\"valueName\":\"search_term_string\"}}],\"inLanguage\":\"ca\"},{\"@type\":\"Organization\",\"@id\":\"https:\/\/www.fisiobalance.cat\/#organization\",\"name\":\"Fisiobalance\",\"url\":\"https:\/\/www.fisiobalance.cat\/\",\"logo\":{\"@type\":\"ImageObject\",\"inLanguage\":\"ca\",\"@id\":\"https:\/\/www.fisiobalance.cat\/#\/schema\/logo\/image\/\",\"url\":\"https:\/\/www.fisiobalance.cat\/wp-content\/uploads\/2018\/06\/fisiobalance_logo.png\",\"contentUrl\":\"https:\/\/www.fisiobalance.cat\/wp-content\/uploads\/2018\/06\/fisiobalance_logo.png\",\"width\":369,\"height\":53,\"caption\":\"Fisiobalance\"},\"image\":{\"@id\":\"https:\/\/www.fisiobalance.cat\/#\/schema\/logo\/image\/\"}}]}<\/script>\n<!-- \/ Yoast SEO plugin. -->","yoast_head_json":{"title":"Bo 6 Tractament C\u00e8rvic-Oro-Facial -TTO ATM - Fisiobalance","robots":{"index":"index","follow":"follow","max-snippet":"max-snippet:-1","max-image-preview":"max-image-preview:large","max-video-preview":"max-video-preview:-1"},"canonical":"https:\/\/www.fisiobalance.cat\/ca\/producto\/bo-6-tractament-cervic-oro-facial-tto-atm\/","og_locale":"ca_ES","og_type":"article","og_title":"Bo 6 Tractament C\u00e8rvic-Oro-Facial -TTO ATM - Fisiobalance","og_description":"Es tracta d\u2019una malaltia del tipus psico-neuro-muscular que produeix un costum involunt\u00e0ria per la qual s\u2019estrenyen i es pressionen les dents al llarg del dia sense cap tipus de necessitat. Sense que hi hagi aliment que mastegar. Es tracta d\u2019una malaltia molt perjudicial per als m\u00fasculs de la cara i les dents.  Relaxar tota la musculatura i a eliminar tensions s\u00f3n alguns dels beneficis que pot aportar la fisioter\u00e0pia a l\u2019hora de tractar el bruxisme. Localitzar els punts de tensi\u00f3 i treballar la zona afectada sol ser un dels tractaments m\u00e9s utilitzats, a m\u00e9s la nostra fisioterapeuta manipular\u00e0 la zona de la mand\u00edbula i desbloquejar\u00e0 les articulacions d\u2019obertura mitjan\u00e7ant diverses t\u00e8cniques.   Bo de 6 sessions.   Rebr\u00e0s les instruccions per descarregar aquest val, un cop realitzada la compra, al teu email.","og_url":"https:\/\/www.fisiobalance.cat\/ca\/producto\/bo-6-tractament-cervic-oro-facial-tto-atm\/","og_site_name":"Fisiobalance","article_modified_time":"2024-12-31T12:15:47+00:00","og_image":[{"width":450,"height":300,"url":"https:\/\/www.fisiobalance.cat\/wp-content\/uploads\/2020\/07\/bruxismo.jpg","type":"image\/jpeg"}],"twitter_card":"summary_large_image","twitter_misc":{"Temps estimat de lectura":"1 minut"},"schema":{"@context":"https:\/\/schema.org","@graph":[{"@type":"WebPage","@id":"https:\/\/www.fisiobalance.cat\/ca\/producto\/bo-6-tractament-cervic-oro-facial-tto-atm\/","url":"https:\/\/www.fisiobalance.cat\/ca\/producto\/bo-6-tractament-cervic-oro-facial-tto-atm\/","name":"Bo 6 Tractament C\u00e8rvic-Oro-Facial -TTO ATM - Fisiobalance","isPartOf":{"@id":"https:\/\/www.fisiobalance.cat\/#website"},"primaryImageOfPage":{"@id":"https:\/\/www.fisiobalance.cat\/ca\/producto\/bo-6-tractament-cervic-oro-facial-tto-atm\/#primaryimage"},"image":{"@id":"https:\/\/www.fisiobalance.cat\/ca\/producto\/bo-6-tractament-cervic-oro-facial-tto-atm\/#primaryimage"},"thumbnailUrl":"https:\/\/www.fisiobalance.cat\/wp-content\/uploads\/2020\/07\/bruxismo.jpg","datePublished":"2022-12-21T19:59:30+00:00","dateModified":"2024-12-31T12:15:47+00:00","breadcrumb":{"@id":"https:\/\/www.fisiobalance.cat\/ca\/producto\/bo-6-tractament-cervic-oro-facial-tto-atm\/#breadcrumb"},"inLanguage":"ca","potentialAction":[{"@type":"ReadAction","target":["https:\/\/www.fisiobalance.cat\/ca\/producto\/bo-6-tractament-cervic-oro-facial-tto-atm\/"]}]},{"@type":"ImageObject","inLanguage":"ca","@id":"https:\/\/www.fisiobalance.cat\/ca\/producto\/bo-6-tractament-cervic-oro-facial-tto-atm\/#primaryimage","url":"https:\/\/www.fisiobalance.cat\/wp-content\/uploads\/2020\/07\/bruxismo.jpg","contentUrl":"https:\/\/www.fisiobalance.cat\/wp-content\/uploads\/2020\/07\/bruxismo.jpg","width":450,"height":300},{"@type":"BreadcrumbList","@id":"https:\/\/www.fisiobalance.cat\/ca\/producto\/bo-6-tractament-cervic-oro-facial-tto-atm\/#breadcrumb","itemListElement":[{"@type":"ListItem","position":1,"name":"Portada","item":"https:\/\/www.fisiobalance.cat\/ca\/"},{"@type":"ListItem","position":2,"name":"Targetes regal","item":"https:\/\/www.fisiobalance.cat\/ca\/targetes-regal\/"},{"@type":"ListItem","position":3,"name":"Bo 6 Tractament C\u00e8rvic-Oro-Facial -TTO ATM"}]},{"@type":"WebSite","@id":"https:\/\/www.fisiobalance.cat\/#website","url":"https:\/\/www.fisiobalance.cat\/","name":"Fisiobalance","description":"","publisher":{"@id":"https:\/\/www.fisiobalance.cat\/#organization"},"potentialAction":[{"@type":"SearchAction","target":{"@type":"EntryPoint","urlTemplate":"https:\/\/www.fisiobalance.cat\/?s={search_term_string}"},"query-input":{"@type":"PropertyValueSpecification","valueRequired":true,"valueName":"search_term_string"}}],"inLanguage":"ca"},{"@type":"Organization","@id":"https:\/\/www.fisiobalance.cat\/#organization","name":"Fisiobalance","url":"https:\/\/www.fisiobalance.cat\/","logo":{"@type":"ImageObject","inLanguage":"ca","@id":"https:\/\/www.fisiobalance.cat\/#\/schema\/logo\/image\/","url":"https:\/\/www.fisiobalance.cat\/wp-content\/uploads\/2018\/06\/fisiobalance_logo.png","contentUrl":"https:\/\/www.fisiobalance.cat\/wp-content\/uploads\/2018\/06\/fisiobalance_logo.png","width":369,"height":53,"caption":"Fisiobalance"},"image":{"@id":"https:\/\/www.fisiobalance.cat\/#\/schema\/logo\/image\/"}}]}},"_links":{"self":[{"href":"https:\/\/www.fisiobalance.cat\/ca\/wp-json\/wp\/v2\/product\/3331","targetHints":{"allow":["GET"]}}],"collection":[{"href":"https:\/\/www.fisiobalance.cat\/ca\/wp-json\/wp\/v2\/product"}],"about":[{"href":"https:\/\/www.fisiobalance.cat\/ca\/wp-json\/wp\/v2\/types\/product"}],"wp:featuredmedia":[{"embeddable":true,"href":"https:\/\/www.fisiobalance.cat\/ca\/wp-json\/wp\/v2\/media\/1248"}],"wp:attachment":[{"href":"https:\/\/www.fisiobalance.cat\/ca\/wp-json\/wp\/v2\/media?parent=3331"}],"wp:term":[{"taxonomy":"product_brand","embeddable":true,"href":"https:\/\/www.fisiobalance.cat\/ca\/wp-json\/wp\/v2\/product_brand?post=3331"},{"taxonomy":"product_cat","embeddable":true,"href":"https:\/\/www.fisiobalance.cat\/ca\/wp-json\/wp\/v2\/product_cat?post=3331"},{"taxonomy":"product_tag","embeddable":true,"href":"https:\/\/www.fisiobalance.cat\/ca\/wp-json\/wp\/v2\/product_tag?post=3331"}],"curies":[{"name":"wp","href":"https:\/\/api.w.org\/{rel}","templated":true}]}}