{"id":3823,"date":"2023-07-03T20:07:57","date_gmt":"2023-07-03T18:07:57","guid":{"rendered":"https:\/\/www.fisiobalance.cat\/?post_type=product&#038;p=3823"},"modified":"2026-01-02T08:20:52","modified_gmt":"2026-01-02T07:20:52","slug":"bo-10-sessions-fisioterapia-domiciliaria","status":"publish","type":"product","link":"https:\/\/www.fisiobalance.cat\/ca\/producto\/bo-10-sessions-fisioterapia-domiciliaria\/","title":{"rendered":"Bono 10 sessions Fisioter\u00e0pia Domicili\u00e0ria"},"content":{"rendered":"","protected":false},"excerpt":{"rendered":"<div class=\"wpb_text_column wpb_content_element ulst1\">\n<div class=\"wpb_wrapper\">\n<div class=\"woocommerce-product-details__short-description\">\n<div class=\"wpb_text_column wpb_content_element ulst1\">\n<div class=\"wpb_wrapper\">\n<div class=\"wpb_text_column wpb_content_element ulst1\">\n<div class=\"wpb_wrapper\">\n<p>Complimentant la nostra cartera de servei per demanda dels nostres pacients. Desplacem la nostra cl\u00ednica a la teva llar.<\/p>\n<p>Ja s\u00f3n m\u00e9s de 2.000 persones que han confiat en nosaltres i ara poden gaudir dels tractaments de fisioter\u00e0pia personalitzat sense despla\u00e7aments i compatibilitzant la seva vida personal, laboral i familiar. \u00c9s molt senzill, tria tractament, terapeuta, dia i hora i reserva online a la nostra web <a href=\"http:\/\/www.fisiobalancehome.com\" target=\"_blank\" rel=\"noopener\">www.fisiobalancehome.com<\/a><\/p>\n<p>Zona: Castelldefels, Gav\u00e0, Viladecans i Sant Boi de Llobregat.<\/p>\n<\/div>\n<p>Bo de 10 sessions de 55 minuts<\/p>\n<\/div>\n<\/div>\n<\/div>\n<\/div>\n<\/div>\n<\/div>\n","protected":false},"featured_media":1256,"template":"","meta":[],"product_brand":[],"product_cat":[60],"product_tag":[],"class_list":{"0":"post-3823","1":"product","2":"type-product","3":"status-publish","4":"has-post-thumbnail","6":"product_cat-gift-card","8":"first","9":"instock","10":"sold-individually","11":"shipping-taxable","12":"purchasable","13":"product-type-wgm_gift_card"},"yoast_head":"<!-- This site is optimized with the Yoast SEO plugin v26.3 - https:\/\/yoast.com\/wordpress\/plugins\/seo\/ -->\n<title>Bono 10 sessions Fisioter\u00e0pia Domicili\u00e0ria - Fisiobalance<\/title>\n<meta name=\"robots\" content=\"index, follow, max-snippet:-1, max-image-preview:large, max-video-preview:-1\" \/>\n<link rel=\"canonical\" href=\"https:\/\/www.fisiobalance.cat\/ca\/producto\/bo-10-sessions-fisioterapia-domiciliaria\/\" \/>\n<meta property=\"og:locale\" content=\"ca_ES\" \/>\n<meta property=\"og:type\" content=\"article\" \/>\n<meta property=\"og:title\" content=\"Bono 10 sessions Fisioter\u00e0pia Domicili\u00e0ria - Fisiobalance\" \/>\n<meta property=\"og:description\" content=\"Complimentant la nostra cartera de servei per demanda dels nostres pacients. Desplacem la nostra cl\u00ednica a la teva llar.  Ja s\u00f3n m\u00e9s de 2.000 persones que han confiat en nosaltres i ara poden gaudir dels tractaments de fisioter\u00e0pia personalitzat sense despla\u00e7aments i compatibilitzant la seva vida personal, laboral i familiar. \u00c9s molt senzill, tria tractament, terapeuta, dia i hora i reserva online a la nostra web www.fisiobalancehome.com  Zona: Castelldefels, Gav\u00e0, Viladecans i Sant Boi de Llobregat.   Bo de 10 sessions de 55 minuts\" \/>\n<meta property=\"og:url\" content=\"https:\/\/www.fisiobalance.cat\/ca\/producto\/bo-10-sessions-fisioterapia-domiciliaria\/\" \/>\n<meta property=\"og:site_name\" content=\"Fisiobalance\" \/>\n<meta property=\"article:modified_time\" content=\"2026-01-02T07:20:52+00:00\" \/>\n<meta property=\"og:image\" content=\"https:\/\/www.fisiobalance.cat\/wp-content\/uploads\/2020\/07\/domicilio.jpg\" \/>\n\t<meta property=\"og:image:width\" content=\"450\" \/>\n\t<meta property=\"og:image:height\" content=\"300\" \/>\n\t<meta property=\"og:image:type\" content=\"image\/jpeg\" \/>\n<meta name=\"twitter:card\" content=\"summary_large_image\" \/>\n<meta name=\"twitter:label1\" content=\"Temps estimat de lectura\" \/>\n\t<meta name=\"twitter:data1\" content=\"1 minut\" \/>\n<script type=\"application\/ld+json\" class=\"yoast-schema-graph\">{\"@context\":\"https:\/\/schema.org\",\"@graph\":[{\"@type\":\"WebPage\",\"@id\":\"https:\/\/www.fisiobalance.cat\/ca\/producto\/bo-10-sessions-fisioterapia-domiciliaria\/\",\"url\":\"https:\/\/www.fisiobalance.cat\/ca\/producto\/bo-10-sessions-fisioterapia-domiciliaria\/\",\"name\":\"Bono 10 sessions Fisioter\u00e0pia Domicili\u00e0ria - Fisiobalance\",\"isPartOf\":{\"@id\":\"https:\/\/www.fisiobalance.cat\/#website\"},\"primaryImageOfPage\":{\"@id\":\"https:\/\/www.fisiobalance.cat\/ca\/producto\/bo-10-sessions-fisioterapia-domiciliaria\/#primaryimage\"},\"image\":{\"@id\":\"https:\/\/www.fisiobalance.cat\/ca\/producto\/bo-10-sessions-fisioterapia-domiciliaria\/#primaryimage\"},\"thumbnailUrl\":\"https:\/\/www.fisiobalance.cat\/wp-content\/uploads\/2020\/07\/domicilio.jpg\",\"datePublished\":\"2023-07-03T18:07:57+00:00\",\"dateModified\":\"2026-01-02T07:20:52+00:00\",\"breadcrumb\":{\"@id\":\"https:\/\/www.fisiobalance.cat\/ca\/producto\/bo-10-sessions-fisioterapia-domiciliaria\/#breadcrumb\"},\"inLanguage\":\"ca\",\"potentialAction\":[{\"@type\":\"ReadAction\",\"target\":[\"https:\/\/www.fisiobalance.cat\/ca\/producto\/bo-10-sessions-fisioterapia-domiciliaria\/\"]}]},{\"@type\":\"ImageObject\",\"inLanguage\":\"ca\",\"@id\":\"https:\/\/www.fisiobalance.cat\/ca\/producto\/bo-10-sessions-fisioterapia-domiciliaria\/#primaryimage\",\"url\":\"https:\/\/www.fisiobalance.cat\/wp-content\/uploads\/2020\/07\/domicilio.jpg\",\"contentUrl\":\"https:\/\/www.fisiobalance.cat\/wp-content\/uploads\/2020\/07\/domicilio.jpg\",\"width\":450,\"height\":300},{\"@type\":\"BreadcrumbList\",\"@id\":\"https:\/\/www.fisiobalance.cat\/ca\/producto\/bo-10-sessions-fisioterapia-domiciliaria\/#breadcrumb\",\"itemListElement\":[{\"@type\":\"ListItem\",\"position\":1,\"name\":\"Portada\",\"item\":\"https:\/\/www.fisiobalance.cat\/ca\/\"},{\"@type\":\"ListItem\",\"position\":2,\"name\":\"Targetes regal\",\"item\":\"https:\/\/www.fisiobalance.cat\/ca\/targetes-regal\/\"},{\"@type\":\"ListItem\",\"position\":3,\"name\":\"Bono 10 sessions Fisioter\u00e0pia Domicili\u00e0ria\"}]},{\"@type\":\"WebSite\",\"@id\":\"https:\/\/www.fisiobalance.cat\/#website\",\"url\":\"https:\/\/www.fisiobalance.cat\/\",\"name\":\"Fisiobalance\",\"description\":\"\",\"publisher\":{\"@id\":\"https:\/\/www.fisiobalance.cat\/#organization\"},\"potentialAction\":[{\"@type\":\"SearchAction\",\"target\":{\"@type\":\"EntryPoint\",\"urlTemplate\":\"https:\/\/www.fisiobalance.cat\/?s={search_term_string}\"},\"query-input\":{\"@type\":\"PropertyValueSpecification\",\"valueRequired\":true,\"valueName\":\"search_term_string\"}}],\"inLanguage\":\"ca\"},{\"@type\":\"Organization\",\"@id\":\"https:\/\/www.fisiobalance.cat\/#organization\",\"name\":\"Fisiobalance\",\"url\":\"https:\/\/www.fisiobalance.cat\/\",\"logo\":{\"@type\":\"ImageObject\",\"inLanguage\":\"ca\",\"@id\":\"https:\/\/www.fisiobalance.cat\/#\/schema\/logo\/image\/\",\"url\":\"https:\/\/www.fisiobalance.cat\/wp-content\/uploads\/2018\/06\/fisiobalance_logo.png\",\"contentUrl\":\"https:\/\/www.fisiobalance.cat\/wp-content\/uploads\/2018\/06\/fisiobalance_logo.png\",\"width\":369,\"height\":53,\"caption\":\"Fisiobalance\"},\"image\":{\"@id\":\"https:\/\/www.fisiobalance.cat\/#\/schema\/logo\/image\/\"}}]}<\/script>\n<!-- \/ Yoast SEO plugin. -->","yoast_head_json":{"title":"Bono 10 sessions Fisioter\u00e0pia Domicili\u00e0ria - Fisiobalance","robots":{"index":"index","follow":"follow","max-snippet":"max-snippet:-1","max-image-preview":"max-image-preview:large","max-video-preview":"max-video-preview:-1"},"canonical":"https:\/\/www.fisiobalance.cat\/ca\/producto\/bo-10-sessions-fisioterapia-domiciliaria\/","og_locale":"ca_ES","og_type":"article","og_title":"Bono 10 sessions Fisioter\u00e0pia Domicili\u00e0ria - Fisiobalance","og_description":"Complimentant la nostra cartera de servei per demanda dels nostres pacients. Desplacem la nostra cl\u00ednica a la teva llar.  Ja s\u00f3n m\u00e9s de 2.000 persones que han confiat en nosaltres i ara poden gaudir dels tractaments de fisioter\u00e0pia personalitzat sense despla\u00e7aments i compatibilitzant la seva vida personal, laboral i familiar. \u00c9s molt senzill, tria tractament, terapeuta, dia i hora i reserva online a la nostra web www.fisiobalancehome.com  Zona: Castelldefels, Gav\u00e0, Viladecans i Sant Boi de Llobregat.   Bo de 10 sessions de 55 minuts","og_url":"https:\/\/www.fisiobalance.cat\/ca\/producto\/bo-10-sessions-fisioterapia-domiciliaria\/","og_site_name":"Fisiobalance","article_modified_time":"2026-01-02T07:20:52+00:00","og_image":[{"width":450,"height":300,"url":"https:\/\/www.fisiobalance.cat\/wp-content\/uploads\/2020\/07\/domicilio.jpg","type":"image\/jpeg"}],"twitter_card":"summary_large_image","twitter_misc":{"Temps estimat de lectura":"1 minut"},"schema":{"@context":"https:\/\/schema.org","@graph":[{"@type":"WebPage","@id":"https:\/\/www.fisiobalance.cat\/ca\/producto\/bo-10-sessions-fisioterapia-domiciliaria\/","url":"https:\/\/www.fisiobalance.cat\/ca\/producto\/bo-10-sessions-fisioterapia-domiciliaria\/","name":"Bono 10 sessions Fisioter\u00e0pia Domicili\u00e0ria - Fisiobalance","isPartOf":{"@id":"https:\/\/www.fisiobalance.cat\/#website"},"primaryImageOfPage":{"@id":"https:\/\/www.fisiobalance.cat\/ca\/producto\/bo-10-sessions-fisioterapia-domiciliaria\/#primaryimage"},"image":{"@id":"https:\/\/www.fisiobalance.cat\/ca\/producto\/bo-10-sessions-fisioterapia-domiciliaria\/#primaryimage"},"thumbnailUrl":"https:\/\/www.fisiobalance.cat\/wp-content\/uploads\/2020\/07\/domicilio.jpg","datePublished":"2023-07-03T18:07:57+00:00","dateModified":"2026-01-02T07:20:52+00:00","breadcrumb":{"@id":"https:\/\/www.fisiobalance.cat\/ca\/producto\/bo-10-sessions-fisioterapia-domiciliaria\/#breadcrumb"},"inLanguage":"ca","potentialAction":[{"@type":"ReadAction","target":["https:\/\/www.fisiobalance.cat\/ca\/producto\/bo-10-sessions-fisioterapia-domiciliaria\/"]}]},{"@type":"ImageObject","inLanguage":"ca","@id":"https:\/\/www.fisiobalance.cat\/ca\/producto\/bo-10-sessions-fisioterapia-domiciliaria\/#primaryimage","url":"https:\/\/www.fisiobalance.cat\/wp-content\/uploads\/2020\/07\/domicilio.jpg","contentUrl":"https:\/\/www.fisiobalance.cat\/wp-content\/uploads\/2020\/07\/domicilio.jpg","width":450,"height":300},{"@type":"BreadcrumbList","@id":"https:\/\/www.fisiobalance.cat\/ca\/producto\/bo-10-sessions-fisioterapia-domiciliaria\/#breadcrumb","itemListElement":[{"@type":"ListItem","position":1,"name":"Portada","item":"https:\/\/www.fisiobalance.cat\/ca\/"},{"@type":"ListItem","position":2,"name":"Targetes regal","item":"https:\/\/www.fisiobalance.cat\/ca\/targetes-regal\/"},{"@type":"ListItem","position":3,"name":"Bono 10 sessions Fisioter\u00e0pia Domicili\u00e0ria"}]},{"@type":"WebSite","@id":"https:\/\/www.fisiobalance.cat\/#website","url":"https:\/\/www.fisiobalance.cat\/","name":"Fisiobalance","description":"","publisher":{"@id":"https:\/\/www.fisiobalance.cat\/#organization"},"potentialAction":[{"@type":"SearchAction","target":{"@type":"EntryPoint","urlTemplate":"https:\/\/www.fisiobalance.cat\/?s={search_term_string}"},"query-input":{"@type":"PropertyValueSpecification","valueRequired":true,"valueName":"search_term_string"}}],"inLanguage":"ca"},{"@type":"Organization","@id":"https:\/\/www.fisiobalance.cat\/#organization","name":"Fisiobalance","url":"https:\/\/www.fisiobalance.cat\/","logo":{"@type":"ImageObject","inLanguage":"ca","@id":"https:\/\/www.fisiobalance.cat\/#\/schema\/logo\/image\/","url":"https:\/\/www.fisiobalance.cat\/wp-content\/uploads\/2018\/06\/fisiobalance_logo.png","contentUrl":"https:\/\/www.fisiobalance.cat\/wp-content\/uploads\/2018\/06\/fisiobalance_logo.png","width":369,"height":53,"caption":"Fisiobalance"},"image":{"@id":"https:\/\/www.fisiobalance.cat\/#\/schema\/logo\/image\/"}}]}},"_links":{"self":[{"href":"https:\/\/www.fisiobalance.cat\/ca\/wp-json\/wp\/v2\/product\/3823","targetHints":{"allow":["GET"]}}],"collection":[{"href":"https:\/\/www.fisiobalance.cat\/ca\/wp-json\/wp\/v2\/product"}],"about":[{"href":"https:\/\/www.fisiobalance.cat\/ca\/wp-json\/wp\/v2\/types\/product"}],"wp:featuredmedia":[{"embeddable":true,"href":"https:\/\/www.fisiobalance.cat\/ca\/wp-json\/wp\/v2\/media\/1256"}],"wp:attachment":[{"href":"https:\/\/www.fisiobalance.cat\/ca\/wp-json\/wp\/v2\/media?parent=3823"}],"wp:term":[{"taxonomy":"product_brand","embeddable":true,"href":"https:\/\/www.fisiobalance.cat\/ca\/wp-json\/wp\/v2\/product_brand?post=3823"},{"taxonomy":"product_cat","embeddable":true,"href":"https:\/\/www.fisiobalance.cat\/ca\/wp-json\/wp\/v2\/product_cat?post=3823"},{"taxonomy":"product_tag","embeddable":true,"href":"https:\/\/www.fisiobalance.cat\/ca\/wp-json\/wp\/v2\/product_tag?post=3823"}],"curies":[{"name":"wp","href":"https:\/\/api.w.org\/{rel}","templated":true}]}}