{"id":5336,"date":"2025-01-09T16:57:30","date_gmt":"2025-01-09T15:57:30","guid":{"rendered":"https:\/\/www.fisiobalance.cat\/?post_type=product&#038;p=5336"},"modified":"2026-01-02T08:17:43","modified_gmt":"2026-01-02T07:17:43","slug":"tractament-indiba","status":"publish","type":"product","link":"https:\/\/www.fisiobalance.cat\/ca\/producto\/tractament-indiba\/","title":{"rendered":"Tractament Indiba"},"content":{"rendered":"","protected":false},"excerpt":{"rendered":"<div class=\"wpb_text_column wpb_content_element ulst1\">\n<div class=\"wpb_wrapper\">\n<p><strong>INDIBA\u00ae activ<\/strong> \u00e9s un m\u00e8tode de tractament de radiofreq\u00fc\u00e8ncia que aconsegueix una recuperaci\u00f3 efica\u00e7, que aprofita la reparaci\u00f3 natural dels teixits per millorar la mobilitat i reduir el dolor a lesions musculoesquel\u00e8tiques.<\/p>\n<p>\u00c9s un tractament regenerador que accelera els processos naturals de recuperaci\u00f3 del cos hum\u00e0, <strong>alleujant el dolor des de la primera sessi\u00f3.<\/strong><\/p>\n<p>Restableix la recuperaci\u00f3 dels moviments, normalitza el to muscular i incrementa l\u2019elasticitat. Alhora, el drenatge que produeix ajuda a disminuir la inflamaci\u00f3.<\/p>\n<\/div>\n<\/div>\n","protected":false},"featured_media":5252,"template":"","meta":[],"product_brand":[],"product_cat":[60],"product_tag":[],"class_list":{"0":"post-5336","1":"product","2":"type-product","3":"status-publish","4":"has-post-thumbnail","6":"product_cat-gift-card","8":"first","9":"instock","10":"sold-individually","11":"shipping-taxable","12":"purchasable","13":"product-type-wgm_gift_card"},"yoast_head":"<!-- This site is optimized with the Yoast SEO plugin v26.3 - https:\/\/yoast.com\/wordpress\/plugins\/seo\/ -->\n<title>Tractament Indiba - Fisiobalance<\/title>\n<meta name=\"robots\" content=\"index, follow, max-snippet:-1, max-image-preview:large, max-video-preview:-1\" \/>\n<link rel=\"canonical\" href=\"https:\/\/www.fisiobalance.cat\/ca\/producto\/tractament-indiba\/\" \/>\n<meta property=\"og:locale\" content=\"ca_ES\" \/>\n<meta property=\"og:type\" content=\"article\" \/>\n<meta property=\"og:title\" content=\"Tractament Indiba - Fisiobalance\" \/>\n<meta property=\"og:description\" content=\"INDIBA\u00ae activ \u00e9s un m\u00e8tode de tractament de radiofreq\u00fc\u00e8ncia que aconsegueix una recuperaci\u00f3 efica\u00e7, que aprofita la reparaci\u00f3 natural dels teixits per millorar la mobilitat i reduir el dolor a lesions musculoesquel\u00e8tiques.  \u00c9s un tractament regenerador que accelera els processos naturals de recuperaci\u00f3 del cos hum\u00e0, alleujant el dolor des de la primera sessi\u00f3.  Restableix la recuperaci\u00f3 dels moviments, normalitza el to muscular i incrementa l\u2019elasticitat. Alhora, el drenatge que produeix ajuda a disminuir la inflamaci\u00f3.\" \/>\n<meta property=\"og:url\" content=\"https:\/\/www.fisiobalance.cat\/ca\/producto\/tractament-indiba\/\" \/>\n<meta property=\"og:site_name\" content=\"Fisiobalance\" \/>\n<meta property=\"article:modified_time\" content=\"2026-01-02T07:17:43+00:00\" \/>\n<meta property=\"og:image\" content=\"https:\/\/www.fisiobalance.cat\/wp-content\/uploads\/2025\/01\/indiba.jpg\" \/>\n\t<meta property=\"og:image:width\" content=\"500\" \/>\n\t<meta property=\"og:image:height\" content=\"333\" \/>\n\t<meta property=\"og:image:type\" content=\"image\/jpeg\" \/>\n<meta name=\"twitter:card\" content=\"summary_large_image\" \/>\n<meta name=\"twitter:label1\" content=\"Temps estimat de lectura\" \/>\n\t<meta name=\"twitter:data1\" content=\"1 minut\" \/>\n<script type=\"application\/ld+json\" class=\"yoast-schema-graph\">{\"@context\":\"https:\/\/schema.org\",\"@graph\":[{\"@type\":\"WebPage\",\"@id\":\"https:\/\/www.fisiobalance.cat\/ca\/producto\/tractament-indiba\/\",\"url\":\"https:\/\/www.fisiobalance.cat\/ca\/producto\/tractament-indiba\/\",\"name\":\"Tractament Indiba - Fisiobalance\",\"isPartOf\":{\"@id\":\"https:\/\/www.fisiobalance.cat\/#website\"},\"primaryImageOfPage\":{\"@id\":\"https:\/\/www.fisiobalance.cat\/ca\/producto\/tractament-indiba\/#primaryimage\"},\"image\":{\"@id\":\"https:\/\/www.fisiobalance.cat\/ca\/producto\/tractament-indiba\/#primaryimage\"},\"thumbnailUrl\":\"https:\/\/www.fisiobalance.cat\/wp-content\/uploads\/2025\/01\/indiba.jpg\",\"datePublished\":\"2025-01-09T15:57:30+00:00\",\"dateModified\":\"2026-01-02T07:17:43+00:00\",\"breadcrumb\":{\"@id\":\"https:\/\/www.fisiobalance.cat\/ca\/producto\/tractament-indiba\/#breadcrumb\"},\"inLanguage\":\"ca\",\"potentialAction\":[{\"@type\":\"ReadAction\",\"target\":[\"https:\/\/www.fisiobalance.cat\/ca\/producto\/tractament-indiba\/\"]}]},{\"@type\":\"ImageObject\",\"inLanguage\":\"ca\",\"@id\":\"https:\/\/www.fisiobalance.cat\/ca\/producto\/tractament-indiba\/#primaryimage\",\"url\":\"https:\/\/www.fisiobalance.cat\/wp-content\/uploads\/2025\/01\/indiba.jpg\",\"contentUrl\":\"https:\/\/www.fisiobalance.cat\/wp-content\/uploads\/2025\/01\/indiba.jpg\",\"width\":500,\"height\":333},{\"@type\":\"BreadcrumbList\",\"@id\":\"https:\/\/www.fisiobalance.cat\/ca\/producto\/tractament-indiba\/#breadcrumb\",\"itemListElement\":[{\"@type\":\"ListItem\",\"position\":1,\"name\":\"Portada\",\"item\":\"https:\/\/www.fisiobalance.cat\/ca\/\"},{\"@type\":\"ListItem\",\"position\":2,\"name\":\"Targetes regal\",\"item\":\"https:\/\/www.fisiobalance.cat\/ca\/targetes-regal\/\"},{\"@type\":\"ListItem\",\"position\":3,\"name\":\"Tractament Indiba\"}]},{\"@type\":\"WebSite\",\"@id\":\"https:\/\/www.fisiobalance.cat\/#website\",\"url\":\"https:\/\/www.fisiobalance.cat\/\",\"name\":\"Fisiobalance\",\"description\":\"\",\"publisher\":{\"@id\":\"https:\/\/www.fisiobalance.cat\/#organization\"},\"potentialAction\":[{\"@type\":\"SearchAction\",\"target\":{\"@type\":\"EntryPoint\",\"urlTemplate\":\"https:\/\/www.fisiobalance.cat\/?s={search_term_string}\"},\"query-input\":{\"@type\":\"PropertyValueSpecification\",\"valueRequired\":true,\"valueName\":\"search_term_string\"}}],\"inLanguage\":\"ca\"},{\"@type\":\"Organization\",\"@id\":\"https:\/\/www.fisiobalance.cat\/#organization\",\"name\":\"Fisiobalance\",\"url\":\"https:\/\/www.fisiobalance.cat\/\",\"logo\":{\"@type\":\"ImageObject\",\"inLanguage\":\"ca\",\"@id\":\"https:\/\/www.fisiobalance.cat\/#\/schema\/logo\/image\/\",\"url\":\"https:\/\/www.fisiobalance.cat\/wp-content\/uploads\/2018\/06\/fisiobalance_logo.png\",\"contentUrl\":\"https:\/\/www.fisiobalance.cat\/wp-content\/uploads\/2018\/06\/fisiobalance_logo.png\",\"width\":369,\"height\":53,\"caption\":\"Fisiobalance\"},\"image\":{\"@id\":\"https:\/\/www.fisiobalance.cat\/#\/schema\/logo\/image\/\"}}]}<\/script>\n<!-- \/ Yoast SEO plugin. -->","yoast_head_json":{"title":"Tractament Indiba - Fisiobalance","robots":{"index":"index","follow":"follow","max-snippet":"max-snippet:-1","max-image-preview":"max-image-preview:large","max-video-preview":"max-video-preview:-1"},"canonical":"https:\/\/www.fisiobalance.cat\/ca\/producto\/tractament-indiba\/","og_locale":"ca_ES","og_type":"article","og_title":"Tractament Indiba - Fisiobalance","og_description":"INDIBA\u00ae activ \u00e9s un m\u00e8tode de tractament de radiofreq\u00fc\u00e8ncia que aconsegueix una recuperaci\u00f3 efica\u00e7, que aprofita la reparaci\u00f3 natural dels teixits per millorar la mobilitat i reduir el dolor a lesions musculoesquel\u00e8tiques.  \u00c9s un tractament regenerador que accelera els processos naturals de recuperaci\u00f3 del cos hum\u00e0, alleujant el dolor des de la primera sessi\u00f3.  Restableix la recuperaci\u00f3 dels moviments, normalitza el to muscular i incrementa l\u2019elasticitat. Alhora, el drenatge que produeix ajuda a disminuir la inflamaci\u00f3.","og_url":"https:\/\/www.fisiobalance.cat\/ca\/producto\/tractament-indiba\/","og_site_name":"Fisiobalance","article_modified_time":"2026-01-02T07:17:43+00:00","og_image":[{"width":500,"height":333,"url":"https:\/\/www.fisiobalance.cat\/wp-content\/uploads\/2025\/01\/indiba.jpg","type":"image\/jpeg"}],"twitter_card":"summary_large_image","twitter_misc":{"Temps estimat de lectura":"1 minut"},"schema":{"@context":"https:\/\/schema.org","@graph":[{"@type":"WebPage","@id":"https:\/\/www.fisiobalance.cat\/ca\/producto\/tractament-indiba\/","url":"https:\/\/www.fisiobalance.cat\/ca\/producto\/tractament-indiba\/","name":"Tractament Indiba - Fisiobalance","isPartOf":{"@id":"https:\/\/www.fisiobalance.cat\/#website"},"primaryImageOfPage":{"@id":"https:\/\/www.fisiobalance.cat\/ca\/producto\/tractament-indiba\/#primaryimage"},"image":{"@id":"https:\/\/www.fisiobalance.cat\/ca\/producto\/tractament-indiba\/#primaryimage"},"thumbnailUrl":"https:\/\/www.fisiobalance.cat\/wp-content\/uploads\/2025\/01\/indiba.jpg","datePublished":"2025-01-09T15:57:30+00:00","dateModified":"2026-01-02T07:17:43+00:00","breadcrumb":{"@id":"https:\/\/www.fisiobalance.cat\/ca\/producto\/tractament-indiba\/#breadcrumb"},"inLanguage":"ca","potentialAction":[{"@type":"ReadAction","target":["https:\/\/www.fisiobalance.cat\/ca\/producto\/tractament-indiba\/"]}]},{"@type":"ImageObject","inLanguage":"ca","@id":"https:\/\/www.fisiobalance.cat\/ca\/producto\/tractament-indiba\/#primaryimage","url":"https:\/\/www.fisiobalance.cat\/wp-content\/uploads\/2025\/01\/indiba.jpg","contentUrl":"https:\/\/www.fisiobalance.cat\/wp-content\/uploads\/2025\/01\/indiba.jpg","width":500,"height":333},{"@type":"BreadcrumbList","@id":"https:\/\/www.fisiobalance.cat\/ca\/producto\/tractament-indiba\/#breadcrumb","itemListElement":[{"@type":"ListItem","position":1,"name":"Portada","item":"https:\/\/www.fisiobalance.cat\/ca\/"},{"@type":"ListItem","position":2,"name":"Targetes regal","item":"https:\/\/www.fisiobalance.cat\/ca\/targetes-regal\/"},{"@type":"ListItem","position":3,"name":"Tractament Indiba"}]},{"@type":"WebSite","@id":"https:\/\/www.fisiobalance.cat\/#website","url":"https:\/\/www.fisiobalance.cat\/","name":"Fisiobalance","description":"","publisher":{"@id":"https:\/\/www.fisiobalance.cat\/#organization"},"potentialAction":[{"@type":"SearchAction","target":{"@type":"EntryPoint","urlTemplate":"https:\/\/www.fisiobalance.cat\/?s={search_term_string}"},"query-input":{"@type":"PropertyValueSpecification","valueRequired":true,"valueName":"search_term_string"}}],"inLanguage":"ca"},{"@type":"Organization","@id":"https:\/\/www.fisiobalance.cat\/#organization","name":"Fisiobalance","url":"https:\/\/www.fisiobalance.cat\/","logo":{"@type":"ImageObject","inLanguage":"ca","@id":"https:\/\/www.fisiobalance.cat\/#\/schema\/logo\/image\/","url":"https:\/\/www.fisiobalance.cat\/wp-content\/uploads\/2018\/06\/fisiobalance_logo.png","contentUrl":"https:\/\/www.fisiobalance.cat\/wp-content\/uploads\/2018\/06\/fisiobalance_logo.png","width":369,"height":53,"caption":"Fisiobalance"},"image":{"@id":"https:\/\/www.fisiobalance.cat\/#\/schema\/logo\/image\/"}}]}},"_links":{"self":[{"href":"https:\/\/www.fisiobalance.cat\/ca\/wp-json\/wp\/v2\/product\/5336","targetHints":{"allow":["GET"]}}],"collection":[{"href":"https:\/\/www.fisiobalance.cat\/ca\/wp-json\/wp\/v2\/product"}],"about":[{"href":"https:\/\/www.fisiobalance.cat\/ca\/wp-json\/wp\/v2\/types\/product"}],"wp:featuredmedia":[{"embeddable":true,"href":"https:\/\/www.fisiobalance.cat\/ca\/wp-json\/wp\/v2\/media\/5252"}],"wp:attachment":[{"href":"https:\/\/www.fisiobalance.cat\/ca\/wp-json\/wp\/v2\/media?parent=5336"}],"wp:term":[{"taxonomy":"product_brand","embeddable":true,"href":"https:\/\/www.fisiobalance.cat\/ca\/wp-json\/wp\/v2\/product_brand?post=5336"},{"taxonomy":"product_cat","embeddable":true,"href":"https:\/\/www.fisiobalance.cat\/ca\/wp-json\/wp\/v2\/product_cat?post=5336"},{"taxonomy":"product_tag","embeddable":true,"href":"https:\/\/www.fisiobalance.cat\/ca\/wp-json\/wp\/v2\/product_tag?post=5336"}],"curies":[{"name":"wp","href":"https:\/\/api.w.org\/{rel}","templated":true}]}}